{"id":3829,"date":"2023-06-02T14:24:17","date_gmt":"2023-06-02T12:24:17","guid":{"rendered":"https:\/\/www.ptc.cz\/co-lecime\/"},"modified":"2024-07-16T16:11:10","modified_gmt":"2024-07-16T14:11:10","slug":"co-leczymy","status":"publish","type":"page","link":"https:\/\/www.ptc.cz\/pl\/co-leczymy\/","title":{"rendered":"Co leczymy"},"content":{"rendered":"<p><strong>Szerokie spektrum diagnoz<\/strong><\/p>\n<p>W Centrum Proton skupiamy si\u0119 na&nbsp;leczeniu pacjent\u00f3w z&nbsp;nowotworami, dla kt\u00f3rych radioterapia protonowa jest uznan\u0105 i&nbsp;zalecan\u0105 metod\u0105 leczenia na&nbsp;ca\u0142ym \u015bwiecie. Odnotowujemy wysoki wska\u017anik powodzenia i&nbsp;jednocze\u015bnie minimalny negatywny wp\u0142yw na&nbsp;codzienne \u017cycie pacjenta, zw\u0142aszcza w leczeniu raka prostaty. Nasz zesp\u00f3\u0142 opracowa\u0142 tak\u017ce unikaln\u0105 metod\u0119 leczenia raka piersi, kt\u00f3ra obecnie jest stosowana tak\u017ce w zagranicznych o\u015brodkach Proton. W leczeniu ch\u0142oniak\u00f3w wsp\u00f3\u0142pracujemy z&nbsp;presti\u017cowym Uniwersytetem Oksfordzkim.<\/p>\n<p>Terapia protonowa nowotwor\u00f3w narz\u0105d\u00f3w g\u0142owy i&nbsp;szyi, kt\u00f3re cz\u0119sto zlokalizowane s\u0105 w pobli\u017cu wra\u017cliwych struktur, niesie tak\u017ce ogromne korzy\u015bci dla pacjenta. Leczymy jednak tak\u017ce nowotwory centralnego uk\u0142adu nerwowego, przewodu pokarmowego czy niedrobnokom\u00f3rkowego raka p\u0142uc. Na&nbsp;koniec zajmujemy si\u0119 leczeniem nowotwor\u00f3w u&nbsp;dzieci.<\/p>\n<p><a  target=\"\"  class=\"button\" href=\"\/pl\/kontakt\/\">Wi\u0119cej informacji<\/a><\/p>\n","protected":false},"excerpt":{"rendered":"<p>Szerokie spektrum diagnoz W Centrum Proton skupiamy si\u0119 na&nbsp;leczeniu pacjent\u00f3w z&nbsp;nowotworami, dla kt\u00f3rych radioterapia protonowa jest uznan\u0105 i&nbsp;zalecan\u0105 metod\u0105 leczenia na&nbsp;ca\u0142ym \u015bwiecie. Odnotowujemy wysoki wska\u017anik powodzenia i&nbsp;jednocze\u015bnie minimalny negatywny wp\u0142yw na&nbsp;codzienne \u017cycie pacjenta, zw\u0142aszcza w leczeniu raka prostaty. Nasz zesp\u00f3\u0142 opracowa\u0142 tak\u017ce unikaln\u0105 metod\u0119 leczenia raka piersi, kt\u00f3ra obecnie jest stosowana tak\u017ce w zagranicznych o\u015brodkach&#8230;<\/p>\n","protected":false},"author":1,"featured_media":3830,"parent":0,"menu_order":184,"comment_status":"closed","ping_status":"closed","template":"template-treatment.php","meta":{"footnotes":""},"class_list":["post-3829","page","type-page","status-publish","has-post-thumbnail","hentry"],"acf":[],"aioseo_notices":[],"_links":{"self":[{"href":"https:\/\/www.ptc.cz\/pl\/wp-json\/wp\/v2\/pages\/3829","targetHints":{"allow":["GET"]}}],"collection":[{"href":"https:\/\/www.ptc.cz\/pl\/wp-json\/wp\/v2\/pages"}],"about":[{"href":"https:\/\/www.ptc.cz\/pl\/wp-json\/wp\/v2\/types\/page"}],"author":[{"embeddable":true,"href":"https:\/\/www.ptc.cz\/pl\/wp-json\/wp\/v2\/users\/1"}],"replies":[{"embeddable":true,"href":"https:\/\/www.ptc.cz\/pl\/wp-json\/wp\/v2\/comments?post=3829"}],"version-history":[{"count":4,"href":"https:\/\/www.ptc.cz\/pl\/wp-json\/wp\/v2\/pages\/3829\/revisions"}],"predecessor-version":[{"id":6889,"href":"https:\/\/www.ptc.cz\/pl\/wp-json\/wp\/v2\/pages\/3829\/revisions\/6889"}],"wp:featuredmedia":[{"embeddable":true,"href":"https:\/\/www.ptc.cz\/pl\/wp-json\/wp\/v2\/media\/3830"}],"wp:attachment":[{"href":"https:\/\/www.ptc.cz\/pl\/wp-json\/wp\/v2\/media?parent=3829"}],"curies":[{"name":"wp","href":"https:\/\/api.w.org\/{rel}","templated":true}]}}