{"id":3833,"date":"2023-08-17T16:27:00","date_gmt":"2023-08-17T14:27:00","guid":{"rendered":"https:\/\/www.ptc.cz\/co-lecime\/plice\/protonova-lecba-rakoviny-plic\/"},"modified":"2024-07-29T08:42:21","modified_gmt":"2024-07-29T06:42:21","slug":"leczenie-protonowe-raka-pluc","status":"publish","type":"page","link":"https:\/\/www.ptc.cz\/pl\/co-leczymy\/pluca\/leczenie-protonowe-raka-pluc\/","title":{"rendered":"Leczenie protonowe raka p\u0142uc"},"content":{"rendered":"<p><strong><em>Celem wsp\u00f3\u0142czesnej terapii onkologicznej jest zapewnienie pacjentom maksymalnej szansy na&nbsp;wyleczenie przy jednoczesnym zminimalizowaniu skutk\u00f3w ubocznych zwi\u0105zanych z&nbsp;leczeniem. Ten cel udaje si\u0119 osi\u0105gn\u0105\u0107 dzi\u0119ki nowoczesnej i&nbsp;bezpiecznej terapii protonowej.<\/em><\/strong><\/p>\n<p>Terapia protonowa to \u0142agodna metoda leczenia raka z&nbsp;minimum skutk\u00f3w ubocznych. Pozwala precyzyjnie skierowa\u0107 wi\u0105zk\u0119 protonow\u0105 na&nbsp;obszar docelowy (w miejsce pierwotnego guza) w p\u0142ucach, minimalizuj\u0105c w ten spos\u00f3b nara\u017cenie na&nbsp;promieniowanie otaczaj\u0105cych tkanek i&nbsp;narz\u0105d\u00f3w.<\/p>\n<h3>Terapia protonowa mo\u017ce by\u0107 stosowana w leczeniu niedrobnokom\u00f3rkowych nowotwor\u00f3w p\u0142uc.<\/h3>\n<div class=\"gdc_row\">\n<div class=\"gdc_column gdc_chalf\">\n<div class=\"gdc_inner\">\n<p><strong>Terapia protonowa<\/strong> jest zawsze korzystna r\u00f3wnie\u017c w przypadku pacjent\u00f3w, u&nbsp;kt\u00f3rych rozwin\u0105\u0142 si\u0119 nowotw\u00f3r wt\u00f3rny po wcze\u015bniejszym napromienianiu, np. raka piersi w poprzednich latach.<\/p>\n<p>W celu zapewnienia maksymalnego efektu terapii onkologicznej w przypadku raka p\u0142uc istotne jest <strong>napromienianie nowotworu z&nbsp;u\u017cyciem wysokiej dawki promieniowania.<\/strong> Tego celu cz\u0119sto nie udaje si\u0119 osi\u0105gn\u0105\u0107 w przypadku konwencjonalnego napromieniania z&nbsp;powodu ryzyka uszkodzenia okolicznych tkanek, <strong>tzw. toksyczno\u015bci zdrowych tkanek<\/strong>.<\/p>\n<\/div>\n<\/div>\n<div class=\"gdc_column gdc_chalf\">\n<div class=\"gdc_inner\">\n<p><strong>Dlatego nasi lekarze i&nbsp;fizycy opracowali unikaln\u0105 procedur\u0119 \u2013 technik\u0119 napromieniania na&nbsp;kontrolowanym g\u0142\u0119bokim wdechu.<\/strong> Metoda ta pozwala na&nbsp;zminimalizowanie ruch\u00f3w oddechowych, a&nbsp;tym samym napromieniowanie guza wysok\u0105 dawk\u0105 z&nbsp;maksymaln\u0105 precyzj\u0105 i&nbsp;jednocze\u015bnie przy minimalnym napromieniowaniu zdrowej cz\u0119\u015bci p\u0142uca, drugiego p\u0142uca, serca, naczy\u0144 serca i&nbsp;narz\u0105d\u00f3w \u015br\u00f3dpiersia. W ten spos\u00f3b terapia protonowa znacznie zwi\u0119ksza stosunek mi\u0119dzy szans\u0105 na&nbsp;kontrol\u0119 guza, tj. zwi\u0119kszenie efektu leczenia, a&nbsp;zmniejszeniem potencjalnie powa\u017cnych skutk\u00f3w ubocznych.<\/p>\n<\/div>\n<\/div>\n<\/div>\n","protected":false},"excerpt":{"rendered":"<p>Celem wsp\u00f3\u0142czesnej terapii onkologicznej jest zapewnienie pacjentom maksymalnej szansy na&nbsp;wyleczenie przy jednoczesnym zminimalizowaniu skutk\u00f3w ubocznych zwi\u0105zanych z&nbsp;leczeniem. Ten cel udaje si\u0119 osi\u0105gn\u0105\u0107 dzi\u0119ki nowoczesnej i&nbsp;bezpiecznej terapii protonowej. Terapia protonowa to \u0142agodna metoda leczenia raka z&nbsp;minimum skutk\u00f3w ubocznych. Pozwala precyzyjnie skierowa\u0107 wi\u0105zk\u0119 protonow\u0105 na&nbsp;obszar docelowy (w miejsce pierwotnego guza) w p\u0142ucach, minimalizuj\u0105c w ten spos\u00f3b nara\u017cenie&#8230;<\/p>\n","protected":false},"author":1,"featured_media":3834,"parent":3831,"menu_order":193,"comment_status":"closed","ping_status":"closed","template":"template-service-detail-with-anchor-sidebar.php","meta":{"footnotes":""},"class_list":["post-3833","page","type-page","status-publish","has-post-thumbnail","hentry"],"acf":[],"aioseo_notices":[],"_links":{"self":[{"href":"https:\/\/www.ptc.cz\/pl\/wp-json\/wp\/v2\/pages\/3833","targetHints":{"allow":["GET"]}}],"collection":[{"href":"https:\/\/www.ptc.cz\/pl\/wp-json\/wp\/v2\/pages"}],"about":[{"href":"https:\/\/www.ptc.cz\/pl\/wp-json\/wp\/v2\/types\/page"}],"author":[{"embeddable":true,"href":"https:\/\/www.ptc.cz\/pl\/wp-json\/wp\/v2\/users\/1"}],"replies":[{"embeddable":true,"href":"https:\/\/www.ptc.cz\/pl\/wp-json\/wp\/v2\/comments?post=3833"}],"version-history":[{"count":5,"href":"https:\/\/www.ptc.cz\/pl\/wp-json\/wp\/v2\/pages\/3833\/revisions"}],"predecessor-version":[{"id":7067,"href":"https:\/\/www.ptc.cz\/pl\/wp-json\/wp\/v2\/pages\/3833\/revisions\/7067"}],"up":[{"embeddable":true,"href":"https:\/\/www.ptc.cz\/pl\/wp-json\/wp\/v2\/pages\/3831"}],"wp:featuredmedia":[{"embeddable":true,"href":"https:\/\/www.ptc.cz\/pl\/wp-json\/wp\/v2\/media\/3834"}],"wp:attachment":[{"href":"https:\/\/www.ptc.cz\/pl\/wp-json\/wp\/v2\/media?parent=3833"}],"curies":[{"name":"wp","href":"https:\/\/api.w.org\/{rel}","templated":true}]}}