{"id":3836,"date":"2023-08-17T16:27:46","date_gmt":"2023-08-17T14:27:46","guid":{"rendered":"https:\/\/www.ptc.cz\/co-lecime\/plice\/proc-zvolit-protonovou-lecbu\/"},"modified":"2024-06-18T14:54:00","modified_gmt":"2024-06-18T12:54:00","slug":"dlaczego-wybrac-leczenie-protonowe","status":"publish","type":"page","link":"https:\/\/www.ptc.cz\/pl\/co-leczymy\/pluca\/dlaczego-wybrac-leczenie-protonowe\/","title":{"rendered":"Dlaczego wybra\u0107 leczenie protonowe"},"content":{"rendered":"<h3>KORZY\u015aCI TERAPII PROTONOWEJ W NAPROMIENIANIU RAKA P\u0141UC W POR\u00d3WNANIU Z&nbsp;RADIOTERAPI\u0104 KONWENCJONALN\u0104<\/h3>\n<ul>\n<li>Zwi\u0119kszenie ca\u0142kowitej dawki promieniowania przy ni\u017cszej toksyczno\u015bci = mniejsze obci\u0105\u017cenie narz\u0105d\u00f3w krytycznych.<\/li>\n<li>Zmniejszona dawka promieniowania na&nbsp;zdrow\u0105 tkank\u0119 p\u0142ucn\u0105, co zmniejsza ryzyko problem\u00f3w z&nbsp;oddychaniem i&nbsp;zw\u0142\u00f3knienia p\u0142uc.<\/li>\n<li>Zmniejszenie dawki promieniowania na&nbsp;mi\u0119sie\u0144 sercowy, co zmniejsza ryzyko chor\u00f3b serca.<\/li>\n<li>Zmniejszenie ryzyka wyst\u0105pienia trudno\u015bci z&nbsp;prze\u0142ykaniem i&nbsp;utraty apetytu.<\/li>\n<li>Poprawia jako\u015b\u0107 \u017cycia pacjent\u00f3w.<\/li>\n<li>Zastosowanie mniejszej liczby frakcji leczniczych i&nbsp;skr\u00f3cenie ca\u0142kowitego czasu napromieniania.<\/li>\n<\/ul>\n<h5><span style=\"color: #48b270;\">\u2e3a<\/span><\/h5>\n<h4>Schematyczny rysunek przedstawia rozmieszczenie dawki promieniowania w organizmie przy zastosowaniu terapii protonowej i&nbsp;fotonowej.<\/h4>\n<p>Mo\u017cna zauwa\u017cy\u0107, \u017ce wi\u0105zka proton\u00f3w napromieniowuje tylko tzw. obszar docelowy (obszar, w kt\u00f3rym zlokalizowany jest lub by\u0142 guz), tj. promieniowanie jest kierowane prawie wy\u0142\u0105cznie na&nbsp;tkank\u0119, kt\u00f3ra jest dotkni\u0119ta chorob\u0105. Z&nbsp;kolei promieniowanie fotonowe, ze wzgl\u0119du na&nbsp;swoje w\u0142a\u015bciwo\u015bci fizyczne, znacz\u0105co wp\u0142ywa r\u00f3wnie\u017c na&nbsp;otaczaj\u0105ce zdrowe struktury.<\/p>\n<p>&nbsp;<\/p>\n<div class=\"gdc_row\">\n<div class=\"gdc_column gdc_chalf\">\n<div class=\"gdc_inner\">\n<p><img loading=\"lazy\" decoding=\"async\" class=\"aligncenter size-full wp-image-4328\" src=\"https:\/\/www.ptc.cz\/wp-content\/uploads\/2024\/06\/PxF-_PLICE-_proton-_PL.jpg\" alt=\"\" width=\"768\" height=\"922\" srcset=\"https:\/\/www.ptc.cz\/wp-content\/uploads\/2024\/06\/PxF-_PLICE-_proton-_PL.jpg 768w, https:\/\/www.ptc.cz\/wp-content\/uploads\/2024\/06\/PxF-_PLICE-_proton-_PL-250x300.jpg 250w\" sizes=\"auto, (max-width: 768px) 100vw, 768px\" \/><\/p>\n<p>&nbsp;<\/p>\n<\/div>\n<\/div>\n<div class=\"gdc_column gdc_chalf\">\n<div class=\"gdc_inner\">\n<p><img loading=\"lazy\" decoding=\"async\" class=\"aligncenter size-full wp-image-4331\" src=\"https:\/\/www.ptc.cz\/wp-content\/uploads\/2024\/06\/PxF-_PLICE-_foton-_PL.jpg\" alt=\"\" width=\"768\" height=\"922\" srcset=\"https:\/\/www.ptc.cz\/wp-content\/uploads\/2024\/06\/PxF-_PLICE-_foton-_PL.jpg 768w, https:\/\/www.ptc.cz\/wp-content\/uploads\/2024\/06\/PxF-_PLICE-_foton-_PL-250x300.jpg 250w\" sizes=\"auto, (max-width: 768px) 100vw, 768px\" \/><\/p>\n<p>&nbsp;<\/p>\n<\/div>\n<\/div>\n<\/div>\n","protected":false},"excerpt":{"rendered":"<p>KORZY\u015aCI TERAPII PROTONOWEJ W NAPROMIENIANIU RAKA P\u0141UC W POR\u00d3WNANIU Z&nbsp;RADIOTERAPI\u0104 KONWENCJONALN\u0104 Zwi\u0119kszenie ca\u0142kowitej dawki promieniowania przy ni\u017cszej toksyczno\u015bci = mniejsze obci\u0105\u017cenie narz\u0105d\u00f3w krytycznych. Zmniejszona dawka promieniowania na&nbsp;zdrow\u0105 tkank\u0119 p\u0142ucn\u0105, co zmniejsza ryzyko problem\u00f3w z&nbsp;oddychaniem i&nbsp;zw\u0142\u00f3knienia p\u0142uc. Zmniejszenie dawki promieniowania na&nbsp;mi\u0119sie\u0144 sercowy, co zmniejsza ryzyko chor\u00f3b serca. Zmniejszenie ryzyka wyst\u0105pienia trudno\u015bci z&nbsp;prze\u0142ykaniem i&nbsp;utraty apetytu. Poprawia jako\u015b\u0107&#8230;<\/p>\n","protected":false},"author":1,"featured_media":3838,"parent":3831,"menu_order":198,"comment_status":"closed","ping_status":"closed","template":"template-service-detail-with-sidebar.php","meta":{"footnotes":""},"class_list":["post-3836","page","type-page","status-publish","has-post-thumbnail","hentry"],"acf":[],"aioseo_notices":[],"_links":{"self":[{"href":"https:\/\/www.ptc.cz\/pl\/wp-json\/wp\/v2\/pages\/3836","targetHints":{"allow":["GET"]}}],"collection":[{"href":"https:\/\/www.ptc.cz\/pl\/wp-json\/wp\/v2\/pages"}],"about":[{"href":"https:\/\/www.ptc.cz\/pl\/wp-json\/wp\/v2\/types\/page"}],"author":[{"embeddable":true,"href":"https:\/\/www.ptc.cz\/pl\/wp-json\/wp\/v2\/users\/1"}],"replies":[{"embeddable":true,"href":"https:\/\/www.ptc.cz\/pl\/wp-json\/wp\/v2\/comments?post=3836"}],"version-history":[{"count":3,"href":"https:\/\/www.ptc.cz\/pl\/wp-json\/wp\/v2\/pages\/3836\/revisions"}],"predecessor-version":[{"id":4334,"href":"https:\/\/www.ptc.cz\/pl\/wp-json\/wp\/v2\/pages\/3836\/revisions\/4334"}],"up":[{"embeddable":true,"href":"https:\/\/www.ptc.cz\/pl\/wp-json\/wp\/v2\/pages\/3831"}],"wp:featuredmedia":[{"embeddable":true,"href":"https:\/\/www.ptc.cz\/pl\/wp-json\/wp\/v2\/media\/3838"}],"wp:attachment":[{"href":"https:\/\/www.ptc.cz\/pl\/wp-json\/wp\/v2\/media?parent=3836"}],"curies":[{"name":"wp","href":"https:\/\/api.w.org\/{rel}","templated":true}]}}