{"id":3840,"date":"2023-08-17T16:28:21","date_gmt":"2023-08-17T14:28:21","guid":{"rendered":"https:\/\/www.ptc.cz\/co-lecime\/plice\/jak-poznat-rakovinu-plic\/"},"modified":"2024-06-18T14:57:18","modified_gmt":"2024-06-18T12:57:18","slug":"rak-pluc","status":"publish","type":"page","link":"https:\/\/www.ptc.cz\/pl\/co-leczymy\/pluca\/rak-pluc\/","title":{"rendered":"Rak p\u0142uc"},"content":{"rendered":"<div class=\"gdc_row\">\n<div class=\"gdc_column gdc_chalf\">\n<div class=\"gdc_inner\">\n<p>W Republice Czeskiej rak p\u0142uc jest najcz\u0119stszym nowotworem po raku jelita grubego, ze sta\u0142\u0105 tendencj\u0105 wzrostow\u0105. Wi\u0119kszo\u015b\u0107 nowo zdiagnozowanych przypadk\u00f3w jest wykrywana w zaawansowanym stadium choroby (stadia III, IV). Z&nbsp;tego powodu wska\u017anik 5-letniego prze\u017cycia wynosi nieco ponad 10% u&nbsp;obu p\u0142ci. O&nbsp;powadze choroby \u015bwiadczy r\u00f3wnie\u017c to, fakt, \u017ce jest ona najcz\u0119stsz\u0105 przyczyn\u0105 zgon\u00f3w z&nbsp;powodu nowotwor\u00f3w u&nbsp;obu p\u0142ci.<\/p>\n<p>Pod&nbsp;wzgl\u0119dem cech biologicznych i&nbsp;leczenia rak p\u0142uc dzieli si\u0119 na&nbsp;drobnokom\u00f3rkowego i&nbsp;niedrobnokom\u00f3rkowego raka p\u0142uc. <strong>Terapia protonowa jest odpowiednia w przypadku niedrobnokom\u00f3rkowego raka p\u0142uc, kt\u00f3ry stanowi oko\u0142o 75-80% nowotwor\u00f3w p\u0142uc<\/strong>. Niedrobnokom\u00f3rkowy rak p\u0142uc ma znacznie wolniejsze tempo wzrostu ni\u017c drobnokom\u00f3rkowy rak p\u0142uc, a&nbsp;zatem istnieje wi\u0119ksza szansa na&nbsp;chirurgiczne usuni\u0119cie, ale tylko wtedy, gdy guz nie utworzy\u0142 ju\u017c przerzut\u00f3w.<\/p>\n<\/div>\n<\/div>\n<div class=\"gdc_column gdc_chalf\">\n<div class=\"gdc_inner\">\n<h3>Objawy raka p\u0142uc<\/h3>\n<p>Nie ma wczesnych znak\u00f3w ostrzegawczych, kt\u00f3re pozwoli\u0142yby wykry\u0107 chorob\u0119 we wczesnym stadium. Pierwsze objawy choroby pojawiaj\u0105 si\u0119 dopiero, kiedy nowotw\u00f3r jest w stadium zaawansowanym. Czasami niewielki guz jest wykrywany podczas badania innej choroby.<\/p>\n<p>Objawem raka p\u0142uc mo\u017ce by\u0107 nowo powsta\u0142y d\u0142ugotrwa\u0142y kaszel lub zmiana charakteru kaszlu przewlek\u0142ego palacza. W momencie rozpoznania raka p\u0142uc kaszel wyst\u0119puje u&nbsp;oko\u0142o 80% pacjent\u00f3w. Innym objawem jest odkrztuszanie krwi lub obecno\u015b\u0107 witek krwi w odkrztuszanym \u015bluzie. Cz\u0119sto wyst\u0119puje zapalenie p\u0142uc, kt\u00f3re nie ust\u0119puje pomimo leczenia antybiotykami lub nawraca w tym samym miejscu.<\/p>\n<\/div>\n<\/div>\n<\/div>\n","protected":false},"excerpt":{"rendered":"","protected":false},"author":1,"featured_media":3841,"parent":3831,"menu_order":208,"comment_status":"closed","ping_status":"closed","template":"template-service-detail-with-sidebar.php","meta":{"footnotes":""},"class_list":["post-3840","page","type-page","status-publish","has-post-thumbnail","hentry"],"acf":[],"aioseo_notices":[],"_links":{"self":[{"href":"https:\/\/www.ptc.cz\/pl\/wp-json\/wp\/v2\/pages\/3840","targetHints":{"allow":["GET"]}}],"collection":[{"href":"https:\/\/www.ptc.cz\/pl\/wp-json\/wp\/v2\/pages"}],"about":[{"href":"https:\/\/www.ptc.cz\/pl\/wp-json\/wp\/v2\/types\/page"}],"author":[{"embeddable":true,"href":"https:\/\/www.ptc.cz\/pl\/wp-json\/wp\/v2\/users\/1"}],"replies":[{"embeddable":true,"href":"https:\/\/www.ptc.cz\/pl\/wp-json\/wp\/v2\/comments?post=3840"}],"version-history":[{"count":3,"href":"https:\/\/www.ptc.cz\/pl\/wp-json\/wp\/v2\/pages\/3840\/revisions"}],"predecessor-version":[{"id":4337,"href":"https:\/\/www.ptc.cz\/pl\/wp-json\/wp\/v2\/pages\/3840\/revisions\/4337"}],"up":[{"embeddable":true,"href":"https:\/\/www.ptc.cz\/pl\/wp-json\/wp\/v2\/pages\/3831"}],"wp:featuredmedia":[{"embeddable":true,"href":"https:\/\/www.ptc.cz\/pl\/wp-json\/wp\/v2\/media\/3841"}],"wp:attachment":[{"href":"https:\/\/www.ptc.cz\/pl\/wp-json\/wp\/v2\/media?parent=3840"}],"curies":[{"name":"wp","href":"https:\/\/api.w.org\/{rel}","templated":true}]}}