{"id":3861,"date":"2023-08-17T16:18:32","date_gmt":"2023-08-17T14:18:32","guid":{"rendered":"https:\/\/www.ptc.cz\/co-leczymy\/zazivaci-trakt\/protonova-lecba-zazivaciho-traktu\/"},"modified":"2024-07-29T08:51:02","modified_gmt":"2024-07-29T06:51:02","slug":"leczenie-protonowe-ukladu-pokarmowego","status":"publish","type":"page","link":"https:\/\/www.ptc.cz\/pl\/co-leczymy\/uklad-pokarmowy\/leczenie-protonowe-ukladu-pokarmowego\/","title":{"rendered":"Leczenie protonowe uk\u0142adu pokarmowego"},"content":{"rendered":"<p><strong><em>Celem wsp\u00f3\u0142czesnej terapii onkologicznej jest zapewnienie pacjentom maksymalnej szansy na&nbsp;wyleczenie przy jednoczesnym zminimalizowaniu skutk\u00f3w ubocznych zwi\u0105zanych z&nbsp;leczeniem. Ten cel udaje si\u0119 osi\u0105gn\u0105\u0107 dzi\u0119ki nowoczesnej i&nbsp;bezpiecznej terapii protonowej.<\/em><\/strong><\/p>\n<p>Terapia protonowa to \u0142agodna metoda leczenia raka z&nbsp;minimum skutk\u00f3w ubocznych. Pozwala precyzyjnie skierowa\u0107 wi\u0105zk\u0119 protonow\u0105 na&nbsp;obszar docelowy (w miejsce pierwotnego guza), minimalizuj\u0105c w ten spos\u00f3b nara\u017cenie na&nbsp;promieniowanie otaczaj\u0105cych tkanek i&nbsp;narz\u0105d\u00f3w. <strong>Terapia protonowa jest stosowana w leczeniu nowotwor\u00f3w prze\u0142yku, trzustki, dr\u00f3g \u017c\u00f3\u0142ciowych i&nbsp;odbytu.<\/strong><\/p>\n<div class=\"gdc_row\">\n<div class=\"gdc_column gdc_chalf\">\n<div class=\"gdc_inner\">\n<h3>Nowotwory prze\u0142yku<\/h3>\n<p>Anatomiczna lokalizacja prze\u0142yku, mi\u0119dzy dwoma p\u0142ucami i&nbsp;blisko serca, wymaga napromienienia w geometrycznie z\u0142o\u017conej przestrzeni mi\u0119dzy narz\u0105dami, kt\u00f3rych ekspozycja musi by\u0107 minimalna. Dlatego stosuje si\u0119 g\u0142\u00f3wnie radioterapi\u0119 protonow\u0105.<\/p>\n<p>Radioterapia nowotwor\u00f3w prze\u0142yku jest skomplikowana i&nbsp;wymaga napromieniania du\u017cej obj\u0119to\u015bci, obejmuj\u0105cej obszar prze\u0142yku dotkni\u0119ty nowotworem, s\u0105siednie cz\u0119\u015bci prze\u0142yku, a&nbsp;tak\u017ce du\u017ce obszary okolicznych w\u0119z\u0142\u00f3w ch\u0142onnych. Dlatego technika napromieniania jest trudna i&nbsp;mo\u017cna wykorzysta\u0107 zalety radioterapii protonowej. Radioterapia dostosowywana jest zgodnie z&nbsp;planem chirurga.<\/p>\n<h3>Nowotwory trzustki i&nbsp;dr\u00f3g \u017c\u00f3\u0142ciowych<\/h3>\n<p>Napromienianie trzustki i&nbsp;dr\u00f3g \u017c\u00f3\u0142ciowych jest technicznie i&nbsp;biologicznie do\u015b\u0107 trudnym \u201ezadaniem\u201d.<\/p>\n<p>Trzustka i&nbsp;drogi \u017c\u00f3\u0142ciowe otoczone s\u0105 wieloma narz\u0105dami, kt\u00f3re mog\u0105 zosta\u0107 uszkodzone przez promieniowanie (w\u0105troba, dwunastnica, nerki, \u017co\u0142\u0105dek itp.). Napromienianie protonowe jest jedyn\u0105 opcj\u0105 radioterapii, kt\u00f3ra dostarcza wystarczaj\u0105co wysok\u0105 dawk\u0119 promieniowania protonami do obszaru docelowego w celu zniszczenia guza.<\/p>\n<p><strong>Radioterapia w przypadku raka trzustki nie zast\u0119puje chemioterapii, lecz stanowi jej uzupe\u0142nienie.<\/strong><\/p>\n<\/div>\n<\/div>\n<div class=\"gdc_column gdc_chalf\">\n<div class=\"gdc_inner\">\n<h3>Nowotwory w\u0105troby<\/h3>\n<p>Radioterapia pierwotnych nowotwor\u00f3w w\u0105troby to stosunkowo nowa metoda, kt\u00f3ra na&nbsp;razie stosowana jest w ograniczonym stopniu. Ze wzgl\u0119du na&nbsp;umiejscowienie i&nbsp;rozleg\u0142o\u015b\u0107 zmian, w przypadku raka w\u0105trobowokom\u00f3rkowego cz\u0119sto nie jest mo\u017cliwe podanie skutecznej dawki promieniowania innej ni\u017c napromienianie protonami. Terapia protonowa znacznie zmniejsza ekspozycj\u0119 na&nbsp;promieniowanie wok\u00f3\u0142 guza, a&nbsp;tym samym zwi\u0119ksza szanse pacjent\u00f3w na&nbsp;wyleczenie.<\/p>\n<h3>Nowotwory odbytu<\/h3>\n<p>Radioterapia nowotwor\u00f3w odbytu jest bardzo wymagaj\u0105ca. Dlatego opracowano techniki radioterapii protonowej, kt\u00f3re zmniejszaj\u0105 skutki uboczne w sk\u00f3rze i&nbsp;b\u0142onach \u015bluzowych zwieracza i&nbsp;otaczaj\u0105cego obszaru i&nbsp;zwykle pozwalaj\u0105 na&nbsp;zastosowanie promieniowania bez potrzeby tymczasowej (odci\u0105\u017caj\u0105cej) kolostomii.<\/p>\n<p><iframe loading=\"lazy\" title=\"Protonov\u00e1 l\u00e9\u010dba karcinomu za\u017e\u00edvac\u00edho traktu\" width=\"500\" height=\"281\" src=\"https:\/\/www.youtube.com\/embed\/HoId-Rur3rY?feature=oembed\" frameborder=\"0\" allow=\"accelerometer; autoplay; clipboard-write; encrypted-media; gyroscope; picture-in-picture; web-share\" referrerpolicy=\"strict-origin-when-cross-origin\" allowfullscreen><\/iframe><\/p>\n<\/div>\n<\/div>\n<\/div>\n<p>&nbsp;<\/p>\n","protected":false},"excerpt":{"rendered":"<p>Celem wsp\u00f3\u0142czesnej terapii onkologicznej jest zapewnienie pacjentom maksymalnej szansy na&nbsp;wyleczenie przy jednoczesnym zminimalizowaniu skutk\u00f3w ubocznych zwi\u0105zanych z&nbsp;leczeniem. Ten cel udaje si\u0119 osi\u0105gn\u0105\u0107 dzi\u0119ki nowoczesnej i&nbsp;bezpiecznej terapii protonowej. Terapia protonowa to \u0142agodna metoda leczenia raka z&nbsp;minimum skutk\u00f3w ubocznych. Pozwala precyzyjnie skierowa\u0107 wi\u0105zk\u0119 protonow\u0105 na&nbsp;obszar docelowy (w miejsce pierwotnego guza), minimalizuj\u0105c w ten spos\u00f3b nara\u017cenie na&nbsp;promieniowanie otaczaj\u0105cych&#8230;<\/p>\n","protected":false},"author":1,"featured_media":3834,"parent":3859,"menu_order":224,"comment_status":"closed","ping_status":"closed","template":"template-service-detail-with-anchor-sidebar.php","meta":{"footnotes":""},"class_list":["post-3861","page","type-page","status-publish","has-post-thumbnail","hentry"],"acf":[],"aioseo_notices":[],"_links":{"self":[{"href":"https:\/\/www.ptc.cz\/pl\/wp-json\/wp\/v2\/pages\/3861","targetHints":{"allow":["GET"]}}],"collection":[{"href":"https:\/\/www.ptc.cz\/pl\/wp-json\/wp\/v2\/pages"}],"about":[{"href":"https:\/\/www.ptc.cz\/pl\/wp-json\/wp\/v2\/types\/page"}],"author":[{"embeddable":true,"href":"https:\/\/www.ptc.cz\/pl\/wp-json\/wp\/v2\/users\/1"}],"replies":[{"embeddable":true,"href":"https:\/\/www.ptc.cz\/pl\/wp-json\/wp\/v2\/comments?post=3861"}],"version-history":[{"count":4,"href":"https:\/\/www.ptc.cz\/pl\/wp-json\/wp\/v2\/pages\/3861\/revisions"}],"predecessor-version":[{"id":7069,"href":"https:\/\/www.ptc.cz\/pl\/wp-json\/wp\/v2\/pages\/3861\/revisions\/7069"}],"up":[{"embeddable":true,"href":"https:\/\/www.ptc.cz\/pl\/wp-json\/wp\/v2\/pages\/3859"}],"wp:featuredmedia":[{"embeddable":true,"href":"https:\/\/www.ptc.cz\/pl\/wp-json\/wp\/v2\/media\/3834"}],"wp:attachment":[{"href":"https:\/\/www.ptc.cz\/pl\/wp-json\/wp\/v2\/media?parent=3861"}],"curies":[{"name":"wp","href":"https:\/\/api.w.org\/{rel}","templated":true}]}}