{"id":3863,"date":"2023-08-17T16:19:56","date_gmt":"2023-08-17T14:19:56","guid":{"rendered":"https:\/\/www.ptc.cz\/co-leczymy\/zazivaci-trakt\/proc-zvolit-protonovou-lecbu\/"},"modified":"2024-06-18T16:09:13","modified_gmt":"2024-06-18T14:09:13","slug":"dlaczego-wybrac-leczenie-protonowe","status":"publish","type":"page","link":"https:\/\/www.ptc.cz\/pl\/co-leczymy\/uklad-pokarmowy\/dlaczego-wybrac-leczenie-protonowe\/","title":{"rendered":"Dlaczego wybra\u0107 leczenie protonowe"},"content":{"rendered":"<h3>Zalety terapii protonowej w napromienianiu nowotwor\u00f3w przewodu pokarmowego w por\u00f3wnaniu z&nbsp;radioterapi\u0105 konwencjonaln\u0105<\/h3>\n<p>Terapia protonowa jest bardziej oszcz\u0119dna, poniewa\u017c mo\u017ce zmniejszy\u0107 obci\u0105\u017cenie niepo\u017c\u0105danym promieniowaniem otaczaj\u0105cych tkanek i&nbsp;narz\u0105d\u00f3w, tym samym znacznie zmniejszaj\u0105c ryzyko powik\u0142a\u0144 zwi\u0105zanych z&nbsp;leczeniem. Pozwala r\u00f3wnie\u017c na&nbsp;zastosowanie radioterapii w przypadku chor\u00f3b (sytuacji), kt\u00f3rych wcze\u015bniej nie mo\u017cna by\u0142o leczy\u0107 radioterapi\u0105 konwencjonaln\u0105.<\/p>\n<ul>\n<li>W przypadku nowotwor\u00f3w prze\u0142yku znacznie zmniejsza niepo\u017c\u0105dane napromieniowanie serca i&nbsp;p\u0142uc.<\/li>\n<li>Minimalizuje nara\u017cenie na&nbsp;promieniowanie p\u0119cherza moczowego i&nbsp;nerek, jelita cienkiego i&nbsp;innych narz\u0105d\u00f3w jamy brzusznej.<\/li>\n<li>Minimalizuje dawki promieniowania na&nbsp;rdze\u0144 kr\u0119gowy.<\/li>\n<li>Umo\u017cliwia zmniejszenie liczby frakcji i&nbsp;skr\u00f3cenie czasu napromieniania, co dodatkowo zmniejsza ryzyko r\u00f3\u017cnych powik\u0142a\u0144.<\/li>\n<li>Umo\u017cliwia dostarczenie wy\u017cszej dawki promieniowania, zwi\u0119kszaj\u0105c tym samym szanse na&nbsp;zniszczenie guza.<\/li>\n<\/ul>\n<h4>Opieraj\u0105c si\u0119 na&nbsp;\u015bwiatowym do\u015bwiadczeniu i&nbsp;d\u0142ugoterminowych wynikach u&nbsp;wyleczonych pacjent\u00f3w, jasne jest, \u017ce pacjenci po terapii protonowej utrzymuj\u0105 wysok\u0105 jako\u015b\u0107 \u017cycia w por\u00f3wnaniu z&nbsp;innymi opcjami leczenia.<\/h4>\n<h5><span style=\"color: #ce9fc9;\">\u2e3a<\/span><\/h5>\n<h4>Schematyczny rysunek przedstawia roz\u0142o\u017cenie dawki promieniowania w organizmie przy zastosowaniu terapii protonowej i&nbsp;fotonowej.<\/h4>\n<p>Mo\u017cna zauwa\u017cy\u0107, \u017ce wi\u0105zka proton\u00f3w napromieniowuje tylko tzw. obszar docelowy (obszar, w kt\u00f3rym zlokalizowany jest lub by\u0142 guz), tj. promieniowanie jest kierowane prawie wy\u0142\u0105cznie na&nbsp;tkank\u0119, kt\u00f3ra jest dotkni\u0119ta chorob\u0105. Z&nbsp;kolei promieniowanie fotonowe, ze wzgl\u0119du na&nbsp;swoje w\u0142a\u015bciwo\u015bci fizyczne, znacz\u0105co wp\u0142ywa r\u00f3wnie\u017c na&nbsp;otaczaj\u0105ce zdrowe struktury.<\/p>\n<div class=\"gdc_row\">\n<div class=\"gdc_column gdc_chalf\">\n<div class=\"gdc_inner\">\n<p><img loading=\"lazy\" decoding=\"async\" class=\"aligncenter size-full wp-image-4372\" src=\"https:\/\/www.ptc.cz\/wp-content\/uploads\/2024\/06\/PxF-_GIT-_proton-_PL.jpg\" alt=\"\" width=\"768\" height=\"922\" srcset=\"https:\/\/www.ptc.cz\/wp-content\/uploads\/2024\/06\/PxF-_GIT-_proton-_PL.jpg 768w, https:\/\/www.ptc.cz\/wp-content\/uploads\/2024\/06\/PxF-_GIT-_proton-_PL-250x300.jpg 250w\" sizes=\"auto, (max-width: 768px) 100vw, 768px\" \/><\/p>\n<p>&nbsp;<\/p>\n<\/div>\n<\/div>\n<div class=\"gdc_column gdc_chalf\">\n<div class=\"gdc_inner\">\n<p><img loading=\"lazy\" decoding=\"async\" class=\"aligncenter size-full wp-image-4375\" src=\"https:\/\/www.ptc.cz\/wp-content\/uploads\/2024\/06\/PxF-_GIT-_foton-_PL.jpg\" alt=\"\" width=\"768\" height=\"922\" srcset=\"https:\/\/www.ptc.cz\/wp-content\/uploads\/2024\/06\/PxF-_GIT-_foton-_PL.jpg 768w, https:\/\/www.ptc.cz\/wp-content\/uploads\/2024\/06\/PxF-_GIT-_foton-_PL-250x300.jpg 250w\" sizes=\"auto, (max-width: 768px) 100vw, 768px\" \/><\/p>\n<p>&nbsp;<\/p>\n<\/div>\n<\/div>\n<\/div>\n","protected":false},"excerpt":{"rendered":"<p>Zalety terapii protonowej w napromienianiu nowotwor\u00f3w przewodu pokarmowego w por\u00f3wnaniu z&nbsp;radioterapi\u0105 konwencjonaln\u0105 Terapia protonowa jest bardziej oszcz\u0119dna, poniewa\u017c mo\u017ce zmniejszy\u0107 obci\u0105\u017cenie niepo\u017c\u0105danym promieniowaniem otaczaj\u0105cych tkanek i&nbsp;narz\u0105d\u00f3w, tym samym znacznie zmniejszaj\u0105c ryzyko powik\u0142a\u0144 zwi\u0105zanych z&nbsp;leczeniem. Pozwala r\u00f3wnie\u017c na&nbsp;zastosowanie radioterapii w przypadku chor\u00f3b (sytuacji), kt\u00f3rych wcze\u015bniej nie mo\u017cna by\u0142o leczy\u0107 radioterapi\u0105 konwencjonaln\u0105. W przypadku nowotwor\u00f3w prze\u0142yku znacznie&#8230;<\/p>\n","protected":false},"author":1,"featured_media":3838,"parent":3859,"menu_order":232,"comment_status":"closed","ping_status":"closed","template":"template-service-detail-with-sidebar.php","meta":{"footnotes":""},"class_list":["post-3863","page","type-page","status-publish","has-post-thumbnail","hentry"],"acf":[],"aioseo_notices":[],"_links":{"self":[{"href":"https:\/\/www.ptc.cz\/pl\/wp-json\/wp\/v2\/pages\/3863","targetHints":{"allow":["GET"]}}],"collection":[{"href":"https:\/\/www.ptc.cz\/pl\/wp-json\/wp\/v2\/pages"}],"about":[{"href":"https:\/\/www.ptc.cz\/pl\/wp-json\/wp\/v2\/types\/page"}],"author":[{"embeddable":true,"href":"https:\/\/www.ptc.cz\/pl\/wp-json\/wp\/v2\/users\/1"}],"replies":[{"embeddable":true,"href":"https:\/\/www.ptc.cz\/pl\/wp-json\/wp\/v2\/comments?post=3863"}],"version-history":[{"count":3,"href":"https:\/\/www.ptc.cz\/pl\/wp-json\/wp\/v2\/pages\/3863\/revisions"}],"predecessor-version":[{"id":4378,"href":"https:\/\/www.ptc.cz\/pl\/wp-json\/wp\/v2\/pages\/3863\/revisions\/4378"}],"up":[{"embeddable":true,"href":"https:\/\/www.ptc.cz\/pl\/wp-json\/wp\/v2\/pages\/3859"}],"wp:featuredmedia":[{"embeddable":true,"href":"https:\/\/www.ptc.cz\/pl\/wp-json\/wp\/v2\/media\/3838"}],"wp:attachment":[{"href":"https:\/\/www.ptc.cz\/pl\/wp-json\/wp\/v2\/media?parent=3863"}],"curies":[{"name":"wp","href":"https:\/\/api.w.org\/{rel}","templated":true}]}}