{"id":3866,"date":"2024-02-23T15:11:14","date_gmt":"2024-02-23T14:11:14","guid":{"rendered":"https:\/\/www.ptc.cz\/co-leczymy\/zazivaci-trakt\/proc-zvolit-protonovou-lecbu\/ozarovani-v-rizenem-nadechu\/"},"modified":"2024-06-18T16:10:21","modified_gmt":"2024-06-18T14:10:21","slug":"napromienianie-w-kontrolowanym-wdechu","status":"publish","type":"page","link":"https:\/\/www.ptc.cz\/pl\/co-leczymy\/uklad-pokarmowy\/dlaczego-wybrac-leczenie-protonowe\/napromienianie-w-kontrolowanym-wdechu\/","title":{"rendered":"Napromienianie w kontrolowanym wdechu"},"content":{"rendered":"<div class=\"gdc_row\">\n<div class=\"gdc_column gdc_chalf\">\n<div class=\"gdc_inner\">\n<p><strong>Poniewa\u017c ruchy oddechowe mog\u0105 zak\u0142\u00f3ca\u0107 dok\u0142adno\u015b\u0107 i&nbsp;precyzj\u0119 napromieniania protonami, stosujemy r\u00f3wnie\u017c metod\u0119 kontrolowanego wdechu w radioterapii raka p\u0142uc.<\/strong> S\u0142u\u017cy do tego urz\u0105dzenie Dyn\u2019R.<\/p>\n<p>Metod\u0119 napromieniania z&nbsp;zastosowaniem kontrolowanego oddychania stosuje si\u0119 tam, gdzie istotne jest by dana cz\u0119\u015b\u0107 cia\u0142a (obszar) by\u0142a napromieniana ka\u017cdego dnia w ten sam spos\u00f3b. Poniewa\u017c jednak napromieniany obszar porusza si\u0119 pod&nbsp;wp\u0142ywem oddechu, nale\u017cy zadba\u0107 o&nbsp;to, by cia\u0142o pacjenta by\u0142o zawsze w takiej samej pozycji. Najlepiej sprawdza si\u0119 tu wstrzymywanie oddechu na&nbsp;pewnym poziomie. W celu okre\u015blenia tego poziomu najpierw pacjent musi nauczy\u0107 si\u0119 oddycha\u0107 w spos\u00f3b kontrolowany (\u0107wiczenie Dyn\u2019R).<\/p>\n<p>Nauka kontrolowanego oddychania odbywa si\u0119 na&nbsp;le\u017c\u0105co, na&nbsp;plecach po pod\u0142\u0105czeniu do spirometru z&nbsp;u\u017cyciem filtra antybakteryjnego i&nbsp;ustnika. Nos zostaje zaci\u015bni\u0119ty za pomoc\u0105 klipsa, tak by ca\u0142e powietrze by\u0142o wydychane ustami. Na&nbsp;oczy pacjent zak\u0142ada specjalne okulary, na&nbsp;kt\u00f3rych b\u0119dzie obserwowa\u0107 instrukcje dotycz\u0105ce oddychania. Nasz do\u015bwiadczony pracownik cierpliwie towarzyszy pacjentowi podczas procesu nauki, pacjent ma zawsze mo\u017cliwo\u015b\u0107 prze\u0107wiczenia ca\u0142ej procedury. Nie musi si\u0119 wi\u0119c niczego obawia\u0107.<\/p>\n<\/div>\n<\/div>\n<div class=\"gdc_column gdc_chalf\">\n<div class=\"gdc_inner\">\n<p><img decoding=\"async\" class=\"is-loaded\" src=\"https:\/\/www.ptc.cz\/uploads\/thumbs\/prsy-zarizeni-1200x1200.png\" alt=\"N\u00e1cvik \u0159\u00edzen\u00e9ho d\u00fdch\u00e1n\u00ed\" width=\"600\" data-src=\"\/uploads\/thumbs\/prsy-zarizeni-1200x1200.png\" \/><\/p>\n<\/div>\n<\/div>\n<\/div>\n","protected":false},"excerpt":{"rendered":"","protected":false},"author":5,"featured_media":0,"parent":3863,"menu_order":235,"comment_status":"closed","ping_status":"closed","template":"template-service-detail-with-sidebar.php","meta":{"footnotes":""},"class_list":["post-3866","page","type-page","status-publish","hentry"],"acf":[],"aioseo_notices":[],"_links":{"self":[{"href":"https:\/\/www.ptc.cz\/pl\/wp-json\/wp\/v2\/pages\/3866","targetHints":{"allow":["GET"]}}],"collection":[{"href":"https:\/\/www.ptc.cz\/pl\/wp-json\/wp\/v2\/pages"}],"about":[{"href":"https:\/\/www.ptc.cz\/pl\/wp-json\/wp\/v2\/types\/page"}],"author":[{"embeddable":true,"href":"https:\/\/www.ptc.cz\/pl\/wp-json\/wp\/v2\/users\/5"}],"replies":[{"embeddable":true,"href":"https:\/\/www.ptc.cz\/pl\/wp-json\/wp\/v2\/comments?post=3866"}],"version-history":[{"count":2,"href":"https:\/\/www.ptc.cz\/pl\/wp-json\/wp\/v2\/pages\/3866\/revisions"}],"predecessor-version":[{"id":4379,"href":"https:\/\/www.ptc.cz\/pl\/wp-json\/wp\/v2\/pages\/3866\/revisions\/4379"}],"up":[{"embeddable":true,"href":"https:\/\/www.ptc.cz\/pl\/wp-json\/wp\/v2\/pages\/3863"}],"wp:attachment":[{"href":"https:\/\/www.ptc.cz\/pl\/wp-json\/wp\/v2\/media?parent=3866"}],"curies":[{"name":"wp","href":"https:\/\/api.w.org\/{rel}","templated":true}]}}