{"id":3867,"date":"2023-08-17T16:20:14","date_gmt":"2023-08-17T14:20:14","guid":{"rendered":"https:\/\/www.ptc.cz\/co-leczymy\/zazivaci-trakt\/jak-funguje-protonova-lecba\/"},"modified":"2024-07-16T16:15:28","modified_gmt":"2024-07-16T14:15:28","slug":"jak-dziala-leczenie-protonowe","status":"publish","type":"page","link":"https:\/\/www.ptc.cz\/pl\/co-leczymy\/uklad-pokarmowy\/jak-dziala-leczenie-protonowe\/","title":{"rendered":"Jak dzia\u0142a leczenie protonowe"},"content":{"rendered":"<div class=\"gdc_row\">\n<div class=\"gdc_column gdc_chalf\">\n<div class=\"gdc_inner\">\n<p>Radioterapia protonowa to bardzo skuteczna, precyzyjna i&nbsp;\u0142agodna metoda leczenia raka o&nbsp;minimalnych skutkach ubocznych. Dzi\u0119ki precyzyjnemu skierowaniu wi\u0105zki proton\u00f3w bezpo\u015brednio na&nbsp;nowotw\u00f3r, wyst\u0119powanie skutk\u00f3w ubocznych jest znacznie ograniczone. Dzi\u0119ki temu terapia protonowa stwarza szans\u0119 na&nbsp;dobrej jako\u015bci \u017cycie r\u00f3wnie\u017c po leczeniu onkologicznym bez podwy\u017cszonego ryzyka p\u00f3\u017anej toksyczno\u015bci, gdy kilka lat po napromienieniu (10, 15, a&nbsp;nawet 20 lat) mog\u0105 wyst\u0105pi\u0107 zwi\u0105zane z&nbsp;tym dolegliwo\u015bci.<\/p>\n<p><iframe loading=\"lazy\" title=\"Jak protonov\u00e1 l\u00e9\u010dba funguje - Protonov\u00e9 centrum\" width=\"500\" height=\"281\" src=\"https:\/\/www.youtube.com\/embed\/uNAYIqMyNEY?feature=oembed\" frameborder=\"0\" allow=\"accelerometer; autoplay; clipboard-write; encrypted-media; gyroscope; picture-in-picture; web-share\" referrerpolicy=\"strict-origin-when-cross-origin\" allowfullscreen><\/iframe><\/p>\n<p>Celem wsp\u00f3\u0142czesnej terapii onkologicznej jest zapewnienie pacjentom maksymalnej szansy na&nbsp;wyleczenie przy jednoczesnym zminimalizowaniu skutk\u00f3w ubocznych zwi\u0105zanych z&nbsp;leczeniem. Cel ten jest obecnie osi\u0105gany w maksymalnym stopniu dzi\u0119ki terapii protonowej. W przeciwie\u0144stwie do radioterapii konwencjonalnej, kt\u00f3ra wykorzystuje fotony do napromieniania i&nbsp;niszczenia kom\u00f3rek nowotworowych, terapia protonowa jest bardziej zaawansowana i&nbsp;wykorzystuje protony. Cz\u0105stki te daj\u0105 terapii protonowej wiele korzy\u015bci. Najwi\u0119ksz\u0105 przewag\u0105 nad&nbsp;radioterapi\u0105 konwencjonaln\u0105 jest jej dok\u0142adno\u015b\u0107 i&nbsp;zdolno\u015b\u0107 do ochrony zdrowych tkanek.<\/p>\n<\/div>\n<\/div>\n<div class=\"gdc_column gdc_chalf\">\n<div class=\"gdc_inner\">\n<p>Konwencjonalna wi\u0105zka foton\u00f3w przechodzi przez cia\u0142o i&nbsp;przekazuje wi\u0119kszo\u015b\u0107 swojej energii przed i&nbsp;za guzem.<\/p>\n<p>Protony natomiast maj\u0105 w\u0142a\u015bciwo\u015b\u0107 fizyczn\u0105 zwan\u0105 pik Bragga. Maj\u0105 one zdolno\u015b\u0107 do oddawania znacznie mniejszej ilo\u015bci energii w drodze do guza, a&nbsp;energia ta nie wp\u0142ywa na&nbsp;tkanki znajduj\u0105ce si\u0119 za guzem.<\/p>\n<p><iframe loading=\"lazy\" title=\"Rozd\u00edl mezi protonovou a fotonovou l\u00e9\u010dbou\" width=\"500\" height=\"281\" src=\"https:\/\/www.youtube.com\/embed\/S_zt65hZ7u0?feature=oembed\" frameborder=\"0\" allow=\"accelerometer; autoplay; clipboard-write; encrypted-media; gyroscope; picture-in-picture; web-share\" referrerpolicy=\"strict-origin-when-cross-origin\" allowfullscreen><\/iframe><\/p>\n<\/div>\n<\/div>\n<\/div>\n<p><a  target=\"\"  class=\"button\" href=\"\/pl\/kontakt\/\">Skontaktuj si\u0119 z nami<\/a><\/p>\n<p>&nbsp;<\/p>\n","protected":false},"excerpt":{"rendered":"<p>&nbsp;<\/p>\n","protected":false},"author":1,"featured_media":3868,"parent":3859,"menu_order":240,"comment_status":"closed","ping_status":"closed","template":"template-service-detail-with-sidebar.php","meta":{"footnotes":""},"class_list":["post-3867","page","type-page","status-publish","has-post-thumbnail","hentry"],"acf":[],"aioseo_notices":[],"_links":{"self":[{"href":"https:\/\/www.ptc.cz\/pl\/wp-json\/wp\/v2\/pages\/3867","targetHints":{"allow":["GET"]}}],"collection":[{"href":"https:\/\/www.ptc.cz\/pl\/wp-json\/wp\/v2\/pages"}],"about":[{"href":"https:\/\/www.ptc.cz\/pl\/wp-json\/wp\/v2\/types\/page"}],"author":[{"embeddable":true,"href":"https:\/\/www.ptc.cz\/pl\/wp-json\/wp\/v2\/users\/1"}],"replies":[{"embeddable":true,"href":"https:\/\/www.ptc.cz\/pl\/wp-json\/wp\/v2\/comments?post=3867"}],"version-history":[{"count":2,"href":"https:\/\/www.ptc.cz\/pl\/wp-json\/wp\/v2\/pages\/3867\/revisions"}],"predecessor-version":[{"id":6891,"href":"https:\/\/www.ptc.cz\/pl\/wp-json\/wp\/v2\/pages\/3867\/revisions\/6891"}],"up":[{"embeddable":true,"href":"https:\/\/www.ptc.cz\/pl\/wp-json\/wp\/v2\/pages\/3859"}],"wp:featuredmedia":[{"embeddable":true,"href":"https:\/\/www.ptc.cz\/pl\/wp-json\/wp\/v2\/media\/3868"}],"wp:attachment":[{"href":"https:\/\/www.ptc.cz\/pl\/wp-json\/wp\/v2\/media?parent=3867"}],"curies":[{"name":"wp","href":"https:\/\/api.w.org\/{rel}","templated":true}]}}