{"id":3905,"date":"2023-08-17T16:14:22","date_gmt":"2023-08-17T14:14:22","guid":{"rendered":"https:\/\/www.ptc.cz\/co-leczymy\/centralni-nervovy-system\/proc-zvolit-protonovou-lecbu\/"},"modified":"2024-06-19T13:20:15","modified_gmt":"2024-06-19T11:20:15","slug":"dlaczego-wybrac-leczenie-protonowe-przy-nowotworach-oun","status":"publish","type":"page","link":"https:\/\/www.ptc.cz\/pl\/co-leczymy\/osrodkowy-uklad-nerwowy\/dlaczego-wybrac-leczenie-protonowe-przy-nowotworach-oun\/","title":{"rendered":"Dlaczego wybra\u0107 leczenie protonowe przy nowotworach OUN"},"content":{"rendered":"<p>Powodzenie leczenia guz\u00f3w OUN za pomoc\u0105 radioterapii zale\u017cy od biologicznego charakteru choroby, wcze\u015bniejszej procedury chirurgicznej i&nbsp;zastosowanej dawki promieniowania. Napromienianie o\u015brodkowego uk\u0142adu nerwowego jest jednym z&nbsp;najbardziej wymagaj\u0105cych zar\u00f3wno dla pacjenta, jak i&nbsp;lekarza. W obszarze tym znajduje si\u0119 zbyt wiele struktur wra\u017cliwych na&nbsp;promieniowanie, kt\u00f3re mog\u0105 zosta\u0107 uszkodzone. Jednocze\u015bnie do zniszczenia nowotworu konieczne jest zastosowanie wysokich dawek. Standardowa radioterapia (fotonowa) nie zawsze jest w stanie rozwi\u0105za\u0107 t\u0119 sytuacj\u0119 ze wzgl\u0119du na&nbsp;nieproporcjonalne ryzyko uszkodzenia ryzykownych, cz\u0119sto wa\u017cnych struktur, kt\u00f3re znajduj\u0105 si\u0119 w pobli\u017cu guza. W przypadku niekt\u00f3rych guz\u00f3w, takich jak guzy podstawy czaszki, leczenie chirurgiczne prawie nigdy nie jest kompletne.<\/p>\n<p><strong>Terapia protonowa umo\u017cliwia dostarczenie niezb\u0119dnej dawki promieniowania do obszaru guza, przyczyniaj\u0105c si\u0119 w ten spos\u00f3b do lepszej kontroli guza i&nbsp;zwi\u0119kszaj\u0105c szanse pacjenta na&nbsp;wyleczenie. Korzy\u015bci terapii protonowej w napromienianiu nowotwor\u00f3w o\u015brodkowego uk\u0142adu nerwowego s\u0105 nast\u0119puj\u0105ce:<\/strong><\/p>\n<ul>\n<li>Pozwala znacznie zmniejszy\u0107 dawk\u0119 niepo\u017c\u0105danego promieniowania do m\u00f3zgu, zapobiegaj\u0105c tym samym ryzyku zaburze\u0144 pami\u0119ci.<\/li>\n<li>Mo\u017ce znacznie zmniejszy\u0107 dawk\u0119 na&nbsp;nerwy wzrokowe, zmniejszaj\u0105c w ten spos\u00f3b ryzyko ograniczenia lub utraty wzroku.<\/li>\n<li>Zmniejsza r\u00f3wnie\u017c ryzyko ograniczenia lub utraty s\u0142uchu, szczeg\u00f3lnie w zakresie wysokich cz\u0119stotliwo\u015bci.<\/li>\n<li>Zmniejsza ryzyko upo\u015bledzenia funkcji umys\u0142owych i&nbsp;hormonalnych.<\/li>\n<li>Zmniejsza prawdopodobie\u0144stwo wyst\u0105pienia nowotwor\u00f3w wt\u00f3rnych.<\/li>\n<\/ul>\n<h5><span style=\"color: #e6214c;\">\u2e3a<\/span><\/h5>\n<h4>Schematyczny rysunek przedstawia roz\u0142o\u017cenie dawki promieniowania w organizmie przy zastosowaniu terapii protonowej i&nbsp;fotonowej.<\/h4>\n<p>Mo\u017cna zauwa\u017cy\u0107, \u017ce wi\u0105zka proton\u00f3w napromieniowuje tylko tzw. obszar docelowy (obszar, w kt\u00f3rym zlokalizowany jest lub by\u0142 guz), tj. promieniowanie jest kierowane prawie wy\u0142\u0105cznie na&nbsp;tkank\u0119, kt\u00f3ra jest dotkni\u0119ta chorob\u0105. Z&nbsp;kolei promieniowanie fotonowe, ze wzgl\u0119du na&nbsp;swoje w\u0142a\u015bciwo\u015bci fizyczne, znacz\u0105co wp\u0142ywa r\u00f3wnie\u017c na&nbsp;otaczaj\u0105ce zdrowe struktury.<\/p>\n<p style=\"text-align: left;\">\n<div class=\"gdc_row\">\n<div class=\"gdc_column gdc_chalf\">\n<div class=\"gdc_inner\">\n<p><img loading=\"lazy\" decoding=\"async\" class=\"aligncenter size-full wp-image-4464\" src=\"https:\/\/www.ptc.cz\/wp-content\/uploads\/2024\/06\/PxF-_CNS-_proton-_PL.jpg\" alt=\"\" width=\"768\" height=\"922\" srcset=\"https:\/\/www.ptc.cz\/wp-content\/uploads\/2024\/06\/PxF-_CNS-_proton-_PL.jpg 768w, https:\/\/www.ptc.cz\/wp-content\/uploads\/2024\/06\/PxF-_CNS-_proton-_PL-250x300.jpg 250w\" sizes=\"auto, (max-width: 768px) 100vw, 768px\" \/><\/p>\n<p style=\"text-align: left;\">\n<p style=\"text-align: left;\"><\/div>\n<\/div>\n<div class=\"gdc_column gdc_chalf\">\n<div class=\"gdc_inner\">\n<p><img loading=\"lazy\" decoding=\"async\" class=\"aligncenter size-full wp-image-4467\" src=\"https:\/\/www.ptc.cz\/wp-content\/uploads\/2024\/06\/PxF-_CNS-_foton-_PL.jpg\" alt=\"\" width=\"768\" height=\"922\" srcset=\"https:\/\/www.ptc.cz\/wp-content\/uploads\/2024\/06\/PxF-_CNS-_foton-_PL.jpg 768w, https:\/\/www.ptc.cz\/wp-content\/uploads\/2024\/06\/PxF-_CNS-_foton-_PL-250x300.jpg 250w\" sizes=\"auto, (max-width: 768px) 100vw, 768px\" \/><\/p>\n<p style=\"text-align: left;\">\n<p style=\"text-align: left;\"><\/div>\n<\/div>\n<\/div>\n<p style=\"text-align: left;\">\n","protected":false},"excerpt":{"rendered":"<p>Powodzenie leczenia guz\u00f3w OUN za pomoc\u0105 radioterapii zale\u017cy od biologicznego charakteru choroby, wcze\u015bniejszej procedury chirurgicznej i&nbsp;zastosowanej dawki promieniowania. Napromienianie o\u015brodkowego uk\u0142adu nerwowego jest jednym z&nbsp;najbardziej wymagaj\u0105cych zar\u00f3wno dla pacjenta, jak i&nbsp;lekarza. W obszarze tym znajduje si\u0119 zbyt wiele struktur wra\u017cliwych na&nbsp;promieniowanie, kt\u00f3re mog\u0105 zosta\u0107 uszkodzone. Jednocze\u015bnie do zniszczenia nowotworu konieczne jest zastosowanie wysokich dawek. Standardowa&#8230;<\/p>\n","protected":false},"author":1,"featured_media":3838,"parent":3901,"menu_order":263,"comment_status":"closed","ping_status":"closed","template":"template-service-detail-with-sidebar.php","meta":{"footnotes":""},"class_list":["post-3905","page","type-page","status-publish","has-post-thumbnail","hentry"],"acf":[],"aioseo_notices":[],"_links":{"self":[{"href":"https:\/\/www.ptc.cz\/pl\/wp-json\/wp\/v2\/pages\/3905","targetHints":{"allow":["GET"]}}],"collection":[{"href":"https:\/\/www.ptc.cz\/pl\/wp-json\/wp\/v2\/pages"}],"about":[{"href":"https:\/\/www.ptc.cz\/pl\/wp-json\/wp\/v2\/types\/page"}],"author":[{"embeddable":true,"href":"https:\/\/www.ptc.cz\/pl\/wp-json\/wp\/v2\/users\/1"}],"replies":[{"embeddable":true,"href":"https:\/\/www.ptc.cz\/pl\/wp-json\/wp\/v2\/comments?post=3905"}],"version-history":[{"count":3,"href":"https:\/\/www.ptc.cz\/pl\/wp-json\/wp\/v2\/pages\/3905\/revisions"}],"predecessor-version":[{"id":4470,"href":"https:\/\/www.ptc.cz\/pl\/wp-json\/wp\/v2\/pages\/3905\/revisions\/4470"}],"up":[{"embeddable":true,"href":"https:\/\/www.ptc.cz\/pl\/wp-json\/wp\/v2\/pages\/3901"}],"wp:featuredmedia":[{"embeddable":true,"href":"https:\/\/www.ptc.cz\/pl\/wp-json\/wp\/v2\/media\/3838"}],"wp:attachment":[{"href":"https:\/\/www.ptc.cz\/pl\/wp-json\/wp\/v2\/media?parent=3905"}],"curies":[{"name":"wp","href":"https:\/\/api.w.org\/{rel}","templated":true}]}}