{"id":3907,"date":"2023-08-17T16:14:33","date_gmt":"2023-08-17T14:14:33","guid":{"rendered":"https:\/\/www.ptc.cz\/co-leczymy\/centralni-nervovy-system\/jak-probiha-lecba\/"},"modified":"2024-07-16T16:14:27","modified_gmt":"2024-07-16T14:14:27","slug":"jak-przebiega-leczenie","status":"publish","type":"page","link":"https:\/\/www.ptc.cz\/pl\/co-leczymy\/osrodkowy-uklad-nerwowy\/jak-przebiega-leczenie\/","title":{"rendered":"Jak przebiega leczenie"},"content":{"rendered":"<div class=\"gdc_row\">\n<div class=\"gdc_column gdc_chalf\">\n<div class=\"gdc_inner\">\n<p>Dzi\u0119ki do\u015bwiadczeniu naszych lekarzy, naszej technologii, doskona\u0142ym wynikom i&nbsp;profesjonalnemu podej\u015bciu pacjent ma maksymalne szanse na&nbsp;wyleczenie.<\/p>\n<p>Na&nbsp;podstawie badania wst\u0119pnego nasz lekarz zadecyduje, czy terapia protonowa jest dla pacjenta w\u0142a\u015bciwa, a&nbsp;osobisty koordynator prze\u015ble wniosek wraz z&nbsp;zaleceniem lekarza z&nbsp;Kompleksowego Centrum Onkologicznego do Twojej kasy chorych.<\/p>\n<h3>Planowanie leczenia \u2013 plan napromieniania<\/h3>\n<p>Kluczowym i&nbsp;niezb\u0119dnym aspektem dla powodzenia terapii jest jej dok\u0142adne zaplanowanie. Dlatego zesp\u00f3\u0142 fizyk\u00f3w klinicznych i&nbsp;lekarzy przygotuje indywidualny plan napromieniania dla ka\u017cdego pacjenta, zgodnie z&nbsp;kt\u00f3rym zostanie przeprowadzona terapia protonowa. Plan napromieniania okre\u015bla r\u00f3wnie\u017c, z&nbsp;jakich kierunk\u00f3w i&nbsp;z&nbsp;jak\u0105 intensywno\u015bci\u0105 wi\u0105zka proton\u00f3w b\u0119dzie napromieniowywa\u0107 nowotw\u00f3r.<\/p>\n<p><strong>Proces planowania jest bardzo skomplikowany i&nbsp;wymaga wykonania przez lekarzy i&nbsp;fizyk\u00f3w wielu czynno\u015bci, kt\u00f3re trwaj\u0105 co najmniej tydzie\u0144, a&nbsp;dla pacjenta s\u0105 \u201eniewidoczne\u201d. W rezultacie powstaje plan napromieniania.<\/strong><\/p>\n<p><a href=\"https:\/\/www.ptc.cz\/wp-content\/uploads\/2023\/08\/k-14996-full-1200x1200-1.jpg\" data-rel=\"lightbox-image-0\" data-rl_title=\"\" data-rl_caption=\"\" title=\"\"><img loading=\"lazy\" decoding=\"async\" class=\"alignnone size-full wp-image-506\" src=\"https:\/\/www.ptc.cz\/wp-content\/uploads\/2023\/08\/k-14996-full-1200x1200-1.jpg\" alt=\"\" width=\"1200\" height=\"800\" srcset=\"https:\/\/www.ptc.cz\/wp-content\/uploads\/2023\/08\/k-14996-full-1200x1200-1.jpg 1200w, https:\/\/www.ptc.cz\/wp-content\/uploads\/2023\/08\/k-14996-full-1200x1200-1-300x200.jpg 300w, https:\/\/www.ptc.cz\/wp-content\/uploads\/2023\/08\/k-14996-full-1200x1200-1-768x512.jpg 768w\" sizes=\"auto, (max-width: 1200px) 100vw, 1200px\" \/><\/a><\/p>\n<p>&nbsp;<\/p>\n<\/div>\n<\/div>\n<div class=\"gdc_column gdc_chalf\">\n<div class=\"gdc_inner\">\n<h3>W PTC korzystamy z&nbsp;nowoczesnej metody wi\u0105zki o\u0142\u00f3wkowej<\/h3>\n<p>Skanowanie wi\u0105zk\u0105 o\u0142\u00f3wkow\u0105 (PBS) odnosi si\u0119 do precyzyjnego rozmieszczenia dawki wi\u0105zki proton\u00f3w i&nbsp;jest obecnie szczytem technologii terapii protonowej. Skanowanie wi\u0105zk\u0105 o\u0142\u00f3wkow\u0105 napromieniowuje obszar docelowy z&nbsp;milimetrow\u0105 precyzj\u0105 przy minimalnym uszkodzeniu otaczaj\u0105cych zdrowych tkanek i&nbsp;narz\u0105d\u00f3w.<\/p>\n<p>Samo leczenie odbywa si\u0119 w warunkach ambulatoryjnych, gdzie pacjent przyje\u017cd\u017ca do Centrum Terapii Protonowej na&nbsp;sesje radioterapii i&nbsp;regularne kontrole w trakcie leczenia Jedna wizyta trwa ok. 60 minut, sama napromienianie to kwestia kilku minut. Przed ka\u017cdym napromienianiem dok\u0142adnie sprawdzamy pozycj\u0119 do napromieniania za pomoc\u0105 zdj\u0119\u0107 rentgenowskich i&nbsp;wykonujemy kilka kontroli cz\u0105stkowych, bez kt\u00f3rych sesji napromieniania nie mo\u017cna rozpocz\u0105\u0107. Co najmniej raz w tygodniu pacjent odbywa wizyt\u0119 kontroln\u0105 u&nbsp;lekarza, kt\u00f3ry omawia z&nbsp;nim post\u0119py leczenia i&nbsp;sprawdza jego stan zdrowia.<\/p>\n<p><strong>Leczenie odbywa si\u0119 w warunkach ambulatoryjnych i&nbsp;zwykle trwa oko\u0142o 30 dni roboczych, zgodnie ze schematem ustalonym przez lekarza na&nbsp;podstawie wst\u0119pnej konsultacji i&nbsp;innych bada\u0144 diagnostycznych.<\/strong><\/p>\n<\/div>\n<\/div>\n<\/div>\n<p style=\"text-align: left;\"><a  target=\"\"  class=\"button\" href=\"\/pl\/kontakt\/\">Skontaktuj si\u0119 z nami<\/a><\/p>\n","protected":false},"excerpt":{"rendered":"","protected":false},"author":1,"featured_media":3908,"parent":3901,"menu_order":271,"comment_status":"closed","ping_status":"closed","template":"template-service-detail-with-sidebar.php","meta":{"footnotes":""},"class_list":["post-3907","page","type-page","status-publish","has-post-thumbnail","hentry"],"acf":[],"aioseo_notices":[],"_links":{"self":[{"href":"https:\/\/www.ptc.cz\/pl\/wp-json\/wp\/v2\/pages\/3907","targetHints":{"allow":["GET"]}}],"collection":[{"href":"https:\/\/www.ptc.cz\/pl\/wp-json\/wp\/v2\/pages"}],"about":[{"href":"https:\/\/www.ptc.cz\/pl\/wp-json\/wp\/v2\/types\/page"}],"author":[{"embeddable":true,"href":"https:\/\/www.ptc.cz\/pl\/wp-json\/wp\/v2\/users\/1"}],"replies":[{"embeddable":true,"href":"https:\/\/www.ptc.cz\/pl\/wp-json\/wp\/v2\/comments?post=3907"}],"version-history":[{"count":4,"href":"https:\/\/www.ptc.cz\/pl\/wp-json\/wp\/v2\/pages\/3907\/revisions"}],"predecessor-version":[{"id":6890,"href":"https:\/\/www.ptc.cz\/pl\/wp-json\/wp\/v2\/pages\/3907\/revisions\/6890"}],"up":[{"embeddable":true,"href":"https:\/\/www.ptc.cz\/pl\/wp-json\/wp\/v2\/pages\/3901"}],"wp:featuredmedia":[{"embeddable":true,"href":"https:\/\/www.ptc.cz\/pl\/wp-json\/wp\/v2\/media\/3908"}],"wp:attachment":[{"href":"https:\/\/www.ptc.cz\/pl\/wp-json\/wp\/v2\/media?parent=3907"}],"curies":[{"name":"wp","href":"https:\/\/api.w.org\/{rel}","templated":true}]}}