{"id":3912,"date":"2024-02-23T14:11:20","date_gmt":"2024-02-23T13:11:20","guid":{"rendered":"https:\/\/www.ptc.cz\/co-leczymy\/centralni-nervovy-system\/rakovina-centralniho-nervoveho-systemu\/svet-preferuje-protony\/"},"modified":"2024-06-18T16:21:19","modified_gmt":"2024-06-18T14:21:19","slug":"swiat-preferuje-protony","status":"publish","type":"page","link":"https:\/\/www.ptc.cz\/pl\/co-leczymy\/osrodkowy-uklad-nerwowy\/rak-oun\/swiat-preferuje-protony\/","title":{"rendered":"\u015awiat preferuje protony"},"content":{"rendered":"<div class=\"gdc_row\">\n<div class=\"gdc_column gdc_chalf\">\n<div class=\"gdc_inner\">\n<p><strong>Terapia protonowa<\/strong> jest coraz bardziej uznan\u0105 i&nbsp;preferowan\u0105 metod\u0105 na&nbsp;\u015bwiecie. Wyniki i&nbsp;do\u015bwiadczenia \u015bwiatowych o\u015brodk\u00f3w terapii protonowych, a&nbsp;tak\u017ce <strong>praskiego Centrum Terapii Protonowej<\/strong> jednoznacznie potwierdzaj\u0105, \u017ce terapia protonowa otwiera zupe\u0142nie nowe mo\u017cliwo\u015bci leczenia nowotwor\u00f3w.<\/p>\n<p><strong>Terapia protonowa nie jest metod\u0105 now\u0105<\/strong> \u2013 od 1991 roku istnieje pierwsza wy\u0142\u0105cznie kliniczna (nie akademicka) plac\u00f3wka (Loma Linda, Kalifornia, USA), a&nbsp;liczba chorych leczonych protonami si\u0119ga ju\u017c kilkudziesi\u0119ciu tysi\u0119cy. Jest to leczenie z&nbsp;u\u017cyciem doskonale rozwini\u0119tej technologii, sprawdzonej zastosowaniu klinicznym.<\/p>\n<p>Jednak nawet po wielu latach stosowania radioterapii wi\u0105zk\u0105 proton\u00f3w w leczeniu wybranych nowotwor\u00f3w, niekt\u00f3rzy eksperci wyra\u017caj\u0105 opini\u0119, \u017ce wy\u017csze dawki promieniowania radioterapii konwencjonalnej (fotonowej) na&nbsp;zdrowe tkanki nie uzasadniaj\u0105 stosowania terapii wi\u0105zk\u0105 proton\u00f3w.<\/p>\n<\/div>\n<\/div>\n<div class=\"gdc_column gdc_chalf\">\n<div class=\"gdc_inner\">\n<p><strong>Jednak ca\u0142kowicie nowe dane kliniczne pochodz\u0105ce z&nbsp;bada\u0144 zakrojonych na&nbsp;szerok\u0105 skal\u0119 sugeruj\u0105<\/strong> co innego, a&nbsp;konkretnie, \u017ce wska\u017anik toksyczno\u015bci ostrej (powik\u0142ania po 90 dniach od rozpocz\u0119cia leczenia) <strong>jest znacznie ni\u017cszy w przypadku napromieniania protonami ni\u017c w por\u00f3wnywalnej grupie pacjent\u00f3w leczonych terapi\u0105 fotonow\u0105.<\/strong><\/p>\n<p>Zesp\u00f3\u0142 lekarzy z&nbsp;uniwersytetu w Waszyngtonie obserwowa\u0142 blisko 1500 pacjent\u00f3w z&nbsp;r\u00f3\u017cnymi chorobami onkologicznymi, z&nbsp;kt\u00f3rych ok. 400 przesz\u0142o terapi\u0119 wi\u0105zk\u0105 protonow\u0105, gdy pozostali byli napromieniani z&nbsp;u\u017cyciem najnowocze\u015bniejszej techniki radioterapii fotonowej. Wszyscy pacjenci w tej grupie byli napromieniani podczas skojarzonej chemioradioterapii. W badaniu naukowcy skupili si\u0119 na&nbsp;rozwoju toksyczno\u015bci stopnia 3 lub wy\u017cszego, kt\u00f3ra wymaga ju\u017c hospitalizacji oraz intensywnej interwencji medycznej i&nbsp;opieki.<\/p>\n<\/div>\n<\/div>\n<\/div>\n<h3>Badanie wykaza\u0142o, \u017ce obserwowana toksyczno\u015b\u0107 (tj. powik\u0142ania zwi\u0105zane z&nbsp;promieniowaniem) u&nbsp;pacjent\u00f3w leczonych protonami by\u0142a o&nbsp;dwie trzecie ni\u017csza ni\u017c w grupie leczonej radioterapi\u0105 fotonow\u0105.<\/h3>\n<p>W szczeg\u00f3lno\u015bci, powa\u017cne powik\u0142ania niepo\u017c\u0105dane wyst\u0105pi\u0142y u&nbsp;11,5% pacjent\u00f3w napromienianych protonami w por\u00f3wnaniu do 27,6% pacjent\u00f3w napromienianych fotonami.<\/p>\n<p><strong>*Link:<\/strong>\u00a0<a href=\"https:\/\/www.medicalnewstoday.com\/articles\/325306.php?fbclid=IwAR0YMOkFddysLFSNmxAnlDwd7iVVuGdGd9CW42jpuqfpLA_SkZHkct3S7SI\">www.medicalnewstoday.com\/&#8230;<\/a><\/p>\n","protected":false},"excerpt":{"rendered":"<p>Badanie wykaza\u0142o, \u017ce obserwowana toksyczno\u015b\u0107 (tj. powik\u0142ania zwi\u0105zane z&nbsp;promieniowaniem) u&nbsp;pacjent\u00f3w leczonych protonami by\u0142a o&nbsp;dwie trzecie ni\u017csza ni\u017c w grupie leczonej radioterapi\u0105 fotonow\u0105. W szczeg\u00f3lno\u015bci, powa\u017cne powik\u0142ania niepo\u017c\u0105dane wyst\u0105pi\u0142y u&nbsp;11,5% pacjent\u00f3w napromienianych protonami w por\u00f3wnaniu do 27,6% pacjent\u00f3w napromienianych fotonami. *Link:\u00a0www.medicalnewstoday.com\/&#8230;<\/p>\n","protected":false},"author":5,"featured_media":0,"parent":3910,"menu_order":286,"comment_status":"closed","ping_status":"closed","template":"template-service-detail-with-sidebar.php","meta":{"footnotes":""},"class_list":["post-3912","page","type-page","status-publish","hentry"],"acf":[],"aioseo_notices":[],"_links":{"self":[{"href":"https:\/\/www.ptc.cz\/pl\/wp-json\/wp\/v2\/pages\/3912","targetHints":{"allow":["GET"]}}],"collection":[{"href":"https:\/\/www.ptc.cz\/pl\/wp-json\/wp\/v2\/pages"}],"about":[{"href":"https:\/\/www.ptc.cz\/pl\/wp-json\/wp\/v2\/types\/page"}],"author":[{"embeddable":true,"href":"https:\/\/www.ptc.cz\/pl\/wp-json\/wp\/v2\/users\/5"}],"replies":[{"embeddable":true,"href":"https:\/\/www.ptc.cz\/pl\/wp-json\/wp\/v2\/comments?post=3912"}],"version-history":[{"count":2,"href":"https:\/\/www.ptc.cz\/pl\/wp-json\/wp\/v2\/pages\/3912\/revisions"}],"predecessor-version":[{"id":4383,"href":"https:\/\/www.ptc.cz\/pl\/wp-json\/wp\/v2\/pages\/3912\/revisions\/4383"}],"up":[{"embeddable":true,"href":"https:\/\/www.ptc.cz\/pl\/wp-json\/wp\/v2\/pages\/3910"}],"wp:attachment":[{"href":"https:\/\/www.ptc.cz\/pl\/wp-json\/wp\/v2\/media?parent=3912"}],"curies":[{"name":"wp","href":"https:\/\/api.w.org\/{rel}","templated":true}]}}