{"id":3941,"date":"2023-08-17T16:03:13","date_gmt":"2023-08-17T14:03:13","guid":{"rendered":"https:\/\/www.ptc.cz\/co-leczymy\/hlava-a-krk\/protonova-lecba-hlavy-a-krku\/"},"modified":"2024-07-29T08:58:00","modified_gmt":"2024-07-29T06:58:00","slug":"leczenie-protonowe-glowy-i-szyi","status":"publish","type":"page","link":"https:\/\/www.ptc.cz\/pl\/co-leczymy\/glowa-i-szyja\/leczenie-protonowe-glowy-i-szyi\/","title":{"rendered":"Leczenie protonowe g\u0142owy i&nbsp;szyi"},"content":{"rendered":"<p><strong>Nowotwory g\u0142owy i&nbsp;szyi nie nale\u017c\u0105 do najcz\u0119stszych diagnoz w kontek\u015bcie raka, mimo \u017ce ich liczba ro\u015bnie. Ponadto podejmuj\u0105 obecnie znacznie m\u0142odsi pacjenci.<\/strong><\/p>\n<p>Nowotwory g\u0142owy i&nbsp;szyi s\u0105 cz\u0119sto wykrywane przez lekarzy w zaawansowanym stadium. Radioterapia protonowa daje jednak du\u017ce szanse na&nbsp;wyleczenie. Jest ona szczeg\u00f3lnie wyj\u0105tkowa, poniewa\u017c opr\u00f3cz doskona\u0142ych wynik\u00f3w wykazano, \u017ce zmniejsza ryzyko wyst\u0105pienia skutk\u00f3w ubocznych, kt\u00f3re towarzysz\u0105 innym rodzajom leczenia. Najcz\u0119\u015bciej s\u0105 to trudno\u015bci z&nbsp;prze\u0142ykaniem. Jednak zdecydowana wi\u0119kszo\u015b\u0107 pacjent\u00f3w poddawanych terapii protonowej jest w stanie przej\u015b\u0107 leczenie w warunkach ambulatoryjnych, zachowuj\u0105c zdolno\u015b\u0107 po\u0142ykania oraz bez stosowania r\u00f3\u017cnych inwazyjnych procedur.<\/p>\n<div class=\"gdc_row\">\n<div class=\"gdc_column gdc_chalf\">\n<div class=\"gdc_inner\">\n<h3>Terapia protonowa mo\u017ce by\u0107 stosowana w leczeniu nowotwor\u00f3w:<\/h3>\n<ul>\n<li><strong>nosogard\u0142a,<\/strong><\/li>\n<li><strong>zatok przynosowych,<\/strong><\/li>\n<li><strong>\u015blinianek,<\/strong><\/li>\n<li><strong>migda\u0142k\u00f3w gard\u0142owych,<\/strong><\/li>\n<li><strong>oczodo\u0142u,<\/strong><\/li>\n<li><strong>ucha \u015brodkowego i&nbsp;wewn\u0119trznego.<\/strong><\/li>\n<\/ul>\n<\/div>\n<\/div>\n<div class=\"gdc_column gdc_chalf\">\n<div class=\"gdc_inner\">\n<p><iframe loading=\"lazy\" title=\"Protonov\u00e1 l\u00e9\u010dba n\u00e1dor\u016f v oblasti hlavy a krku\" width=\"500\" height=\"281\" src=\"https:\/\/www.youtube.com\/embed\/rnccC5iVVCs?feature=oembed\" frameborder=\"0\" allow=\"accelerometer; autoplay; clipboard-write; encrypted-media; gyroscope; picture-in-picture; web-share\" referrerpolicy=\"strict-origin-when-cross-origin\" allowfullscreen><\/iframe><\/p>\n<\/div>\n<\/div>\n<\/div>\n<p style=\"text-align: left;\"><a  target=\"\"  class=\"button\" href=\"\/pl\/kontakt\/\">Skontaktuj si\u0119 z nami<\/a><\/p>\n","protected":false},"excerpt":{"rendered":"<p>Nowotwory g\u0142owy i&nbsp;szyi nie nale\u017c\u0105 do najcz\u0119stszych diagnoz w kontek\u015bcie raka, mimo \u017ce ich liczba ro\u015bnie. Ponadto podejmuj\u0105 obecnie znacznie m\u0142odsi pacjenci. Nowotwory g\u0142owy i&nbsp;szyi s\u0105 cz\u0119sto wykrywane przez lekarzy w zaawansowanym stadium. Radioterapia protonowa daje jednak du\u017ce szanse na&nbsp;wyleczenie. Jest ona szczeg\u00f3lnie wyj\u0105tkowa, poniewa\u017c opr\u00f3cz doskona\u0142ych wynik\u00f3w wykazano, \u017ce zmniejsza ryzyko wyst\u0105pienia skutk\u00f3w ubocznych,&#8230;<\/p>\n","protected":false},"author":1,"featured_media":3834,"parent":3938,"menu_order":294,"comment_status":"closed","ping_status":"closed","template":"template-service-detail-with-anchor-sidebar.php","meta":{"footnotes":""},"class_list":["post-3941","page","type-page","status-publish","has-post-thumbnail","hentry"],"acf":[],"aioseo_notices":[],"_links":{"self":[{"href":"https:\/\/www.ptc.cz\/pl\/wp-json\/wp\/v2\/pages\/3941","targetHints":{"allow":["GET"]}}],"collection":[{"href":"https:\/\/www.ptc.cz\/pl\/wp-json\/wp\/v2\/pages"}],"about":[{"href":"https:\/\/www.ptc.cz\/pl\/wp-json\/wp\/v2\/types\/page"}],"author":[{"embeddable":true,"href":"https:\/\/www.ptc.cz\/pl\/wp-json\/wp\/v2\/users\/1"}],"replies":[{"embeddable":true,"href":"https:\/\/www.ptc.cz\/pl\/wp-json\/wp\/v2\/comments?post=3941"}],"version-history":[{"count":5,"href":"https:\/\/www.ptc.cz\/pl\/wp-json\/wp\/v2\/pages\/3941\/revisions"}],"predecessor-version":[{"id":7071,"href":"https:\/\/www.ptc.cz\/pl\/wp-json\/wp\/v2\/pages\/3941\/revisions\/7071"}],"up":[{"embeddable":true,"href":"https:\/\/www.ptc.cz\/pl\/wp-json\/wp\/v2\/pages\/3938"}],"wp:featuredmedia":[{"embeddable":true,"href":"https:\/\/www.ptc.cz\/pl\/wp-json\/wp\/v2\/media\/3834"}],"wp:attachment":[{"href":"https:\/\/www.ptc.cz\/pl\/wp-json\/wp\/v2\/media?parent=3941"}],"curies":[{"name":"wp","href":"https:\/\/api.w.org\/{rel}","templated":true}]}}