{"id":3943,"date":"2023-08-17T16:04:31","date_gmt":"2023-08-17T14:04:31","guid":{"rendered":"https:\/\/www.ptc.cz\/co-leczymy\/hlava-a-krk\/proc-zvolit-protonovou-lecbu\/"},"modified":"2024-06-20T12:51:14","modified_gmt":"2024-06-20T10:51:14","slug":"dlaczego-wybrac-leczenie-protonowe","status":"publish","type":"page","link":"https:\/\/www.ptc.cz\/pl\/co-leczymy\/glowa-i-szyja\/dlaczego-wybrac-leczenie-protonowe\/","title":{"rendered":"Dlaczego wybra\u0107 leczenie protonowe"},"content":{"rendered":"<p>Radioterapia regionu g\u0142owy i&nbsp;szyi jest jedn\u0105 z&nbsp;najbardziej wymagaj\u0105cych zar\u00f3wno dla pacjenta, jak i&nbsp;lekarza. W tym obszarze znajduje si\u0119 zbyt wiele narz\u0105d\u00f3w wra\u017cliwych na&nbsp;promieniowanie, kt\u00f3re mog\u0105 zosta\u0107 uszkodzone, a&nbsp;do zniszczenia nowotworu potrzebne s\u0105 wysokie dawki.<\/p>\n<p>Standardowa radioterapia nie zawsze radzi sobie w takiej sytuacji. Nowotwory obszaru g\u0142owy i&nbsp;szyi wyst\u0119puj\u0105 w pobli\u017cu wielu struktur krytycznych, kt\u00f3re maj\u0105 znacznie ograniczon\u0105 tolerancj\u0119 na&nbsp;promieniowanie jonizuj\u0105ce (rdze\u0144 kr\u0119gowy, \u015blinianki, pie\u0144 m\u00f3zgu, drogi prze\u0142ykowe, oczy, nerw wzrokowy itp.), dlatego cz\u0119sto podczas radioterapii fotonowej nie mo\u017cna zastosowa\u0107 odpowiedniej dawki promieniowania bez uszkodzenia tych organ\u00f3w.<\/p>\n<h3>Zalety terapii protonowej nowotwor\u00f3w g\u0142owy i&nbsp;szyi w por\u00f3wnaniu z&nbsp;konwencjonaln\u0105 radioterapi\u0105 s\u0105 nast\u0119puj\u0105ce:<\/h3>\n<ul>\n<li>Pozwala znacznie zmniejszy\u0107 dawk\u0119 niepo\u017c\u0105danego promieniowania do m\u00f3zgu, zapobiegaj\u0105c tym samym ryzyku zaburze\u0144 pami\u0119ci.<\/li>\n<li>Znacz\u0105co obni\u017ca niepo\u017c\u0105dane napromieniowanie rdzenia kr\u0119gowego a\u017c o&nbsp;80% i&nbsp;pozwala zapobiega\u0107 powstawaniu tzw. mielopatii, kt\u00f3rej towarzysz\u0105 zaburzenia chodu.<\/li>\n<li>W istotny spos\u00f3b pozwala obni\u017cy\u0107 dawki kierowane na&nbsp;wszystkie struktury optyczne (soczewka, rog\u00f3wka, siatk\u00f3wka, nerwy wzrokowe), zmniejszaj\u0105c w ten spos\u00f3b ryzyko ograniczenia lub utraty wzroku.<\/li>\n<li>Obni\u017ca r\u00f3wnie\u017c ryzyko pogorszenia lub utraty s\u0142uchu, zw\u0142aszcza w zakresie wysokich cz\u0119stotliwo\u015bci.<\/li>\n<li>Umo\u017cliwia redukcj\u0119 dawki na&nbsp;struktury przewodu po\u0142ykowego, zmniejszaj\u0105c prawdopodobie\u0144stwo wyst\u0105pienia trudno\u015bci z&nbsp;po\u0142ykaniem, zaburze\u0144 produkcji \u015bliny i&nbsp;konieczno\u015bci za\u0142o\u017cenia PEG (kaniuli wprowadzanej do \u017co\u0142\u0105dka w celu zapewnienia od\u017cywiania).<\/li>\n<\/ul>\n<h5><span style=\"color: #a0c657;\">\u2e3a<\/span><\/h5>\n<h4>Schematyczny rysunek przedstawia roz\u0142o\u017cenie dawki promieniowania w organizmie przy zastosowaniu terapii protonowej i&nbsp;fotonowej.<\/h4>\n<p>Mo\u017cna zauwa\u017cy\u0107, \u017ce wi\u0105zka proton\u00f3w napromieniowuje tylko tzw. obszar docelowy (obszar, w kt\u00f3rym zlokalizowany jest lub by\u0142 guz), tj. promieniowanie jest kierowane prawie wy\u0142\u0105cznie na&nbsp;tkank\u0119, kt\u00f3ra jest dotkni\u0119ta chorob\u0105. Z&nbsp;kolei promieniowanie fotonowe, ze wzgl\u0119du na&nbsp;swoje w\u0142a\u015bciwo\u015bci fizyczne, znacz\u0105co wp\u0142ywa r\u00f3wnie\u017c na&nbsp;otaczaj\u0105ce zdrowe struktury.<\/p>\n<p style=\"text-align: left;\">\n<div class=\"gdc_row\">\n<div class=\"gdc_column gdc_chalf\">\n<div class=\"gdc_inner\">\n<p><img loading=\"lazy\" decoding=\"async\" class=\"aligncenter size-full wp-image-4575\" src=\"https:\/\/www.ptc.cz\/wp-content\/uploads\/2024\/06\/PxF-_HAK-_proton-_PL.jpg\" alt=\"\" width=\"768\" height=\"922\" srcset=\"https:\/\/www.ptc.cz\/wp-content\/uploads\/2024\/06\/PxF-_HAK-_proton-_PL.jpg 768w, https:\/\/www.ptc.cz\/wp-content\/uploads\/2024\/06\/PxF-_HAK-_proton-_PL-250x300.jpg 250w\" sizes=\"auto, (max-width: 768px) 100vw, 768px\" \/><\/p>\n<p>&nbsp;<\/p>\n<\/div>\n<\/div>\n<div class=\"gdc_column gdc_chalf\">\n<div class=\"gdc_inner\">\n<p><img loading=\"lazy\" decoding=\"async\" class=\"aligncenter size-full wp-image-4578\" src=\"https:\/\/www.ptc.cz\/wp-content\/uploads\/2024\/06\/PxF-_HAK-_foton-_PL.jpg\" alt=\"\" width=\"768\" height=\"922\" srcset=\"https:\/\/www.ptc.cz\/wp-content\/uploads\/2024\/06\/PxF-_HAK-_foton-_PL.jpg 768w, https:\/\/www.ptc.cz\/wp-content\/uploads\/2024\/06\/PxF-_HAK-_foton-_PL-250x300.jpg 250w\" sizes=\"auto, (max-width: 768px) 100vw, 768px\" \/><\/p>\n<p>&nbsp;<\/p>\n<\/div>\n<\/div>\n<\/div>\n","protected":false},"excerpt":{"rendered":"<p>Radioterapia regionu g\u0142owy i&nbsp;szyi jest jedn\u0105 z&nbsp;najbardziej wymagaj\u0105cych zar\u00f3wno dla pacjenta, jak i&nbsp;lekarza. W tym obszarze znajduje si\u0119 zbyt wiele narz\u0105d\u00f3w wra\u017cliwych na&nbsp;promieniowanie, kt\u00f3re mog\u0105 zosta\u0107 uszkodzone, a&nbsp;do zniszczenia nowotworu potrzebne s\u0105 wysokie dawki. Standardowa radioterapia nie zawsze radzi sobie w takiej sytuacji. Nowotwory obszaru g\u0142owy i&nbsp;szyi wyst\u0119puj\u0105 w pobli\u017cu wielu struktur krytycznych, kt\u00f3re maj\u0105&#8230;<\/p>\n","protected":false},"author":1,"featured_media":3838,"parent":3938,"menu_order":300,"comment_status":"closed","ping_status":"closed","template":"template-service-detail-with-sidebar.php","meta":{"footnotes":""},"class_list":["post-3943","page","type-page","status-publish","has-post-thumbnail","hentry"],"acf":[],"aioseo_notices":[],"_links":{"self":[{"href":"https:\/\/www.ptc.cz\/pl\/wp-json\/wp\/v2\/pages\/3943","targetHints":{"allow":["GET"]}}],"collection":[{"href":"https:\/\/www.ptc.cz\/pl\/wp-json\/wp\/v2\/pages"}],"about":[{"href":"https:\/\/www.ptc.cz\/pl\/wp-json\/wp\/v2\/types\/page"}],"author":[{"embeddable":true,"href":"https:\/\/www.ptc.cz\/pl\/wp-json\/wp\/v2\/users\/1"}],"replies":[{"embeddable":true,"href":"https:\/\/www.ptc.cz\/pl\/wp-json\/wp\/v2\/comments?post=3943"}],"version-history":[{"count":3,"href":"https:\/\/www.ptc.cz\/pl\/wp-json\/wp\/v2\/pages\/3943\/revisions"}],"predecessor-version":[{"id":4581,"href":"https:\/\/www.ptc.cz\/pl\/wp-json\/wp\/v2\/pages\/3943\/revisions\/4581"}],"up":[{"embeddable":true,"href":"https:\/\/www.ptc.cz\/pl\/wp-json\/wp\/v2\/pages\/3938"}],"wp:featuredmedia":[{"embeddable":true,"href":"https:\/\/www.ptc.cz\/pl\/wp-json\/wp\/v2\/media\/3838"}],"wp:attachment":[{"href":"https:\/\/www.ptc.cz\/pl\/wp-json\/wp\/v2\/media?parent=3943"}],"curies":[{"name":"wp","href":"https:\/\/api.w.org\/{rel}","templated":true}]}}