{"id":3947,"date":"2024-01-19T14:33:07","date_gmt":"2024-01-19T13:33:07","guid":{"rendered":"https:\/\/www.ptc.cz\/co-leczymy\/hlava-a-krk\/rakovina-krcni-mandle\/"},"modified":"2024-07-29T09:03:26","modified_gmt":"2024-07-29T07:03:26","slug":"rak-migdalka","status":"publish","type":"page","link":"https:\/\/www.ptc.cz\/pl\/co-leczymy\/glowa-i-szyja\/rak-migdalka\/","title":{"rendered":"Rak migda\u0142ka"},"content":{"rendered":"<p>Nowotwory migda\u0142k\u00f3w gard\u0142owych zwykle dotykaj\u0105 m\u0142odsze grupy wiekowe. Zachorowalno\u015b\u0107, tj. cz\u0119sto\u015b\u0107 wyst\u0119powania choroby, gwa\u0142townie wzrasta, w Republice Czeskiej jest obecnie 3 razy wy\u017csza ni\u017c 30 lat temu. Wzrost ten jest bezpo\u015brednio zwi\u0105zany z&nbsp;rozprzestrzenianiem si\u0119 wirusa brodawczaka ludzkiego HPV 16, kt\u00f3rego obecno\u015b\u0107 potwierdzono u&nbsp;wielu pacjent\u00f3w w ostatnich latach.*<\/p>\n<h3>Najcz\u0119stszymi objawami, kt\u00f3re prowadz\u0105 pacjenta do lekarza s\u0105:<\/h3>\n<div class=\"gdc_row\">\n<div class=\"gdc_column gdc_chalf\">\n<div class=\"gdc_inner\">\n<p>&nbsp;<\/p>\n<ul>\n<li>b\u00f3l gard\u0142a i&nbsp;uszu,<\/li>\n<li>uczucie cia\u0142a obcego,<\/li>\n<li>b\u00f3l podczas po\u0142ykania,<\/li>\n<li>trudno\u015bci w po\u0142ykaniu,<\/li>\n<li>nie\u015bwie\u017cy oddech,<\/li>\n<li>krwawienie z&nbsp;jamy ustnej,<\/li>\n<li>obrz\u0119k gard\u0142a<\/li>\n<\/ul>\n<\/div>\n<\/div>\n<div class=\"gdc_column gdc_chalf\">\n<div class=\"gdc_inner\">\n<p>Leczenie nowotwor\u00f3w g\u0142owy i&nbsp;szyi, w tym raka migda\u0142k\u00f3w, musi by\u0107 kompleksowe i&nbsp;zespo\u0142owe. Jest zale\u017cne od lokalizacji guza pierwotnego, histologii, rozleg\u0142o\u015bci choroby i&nbsp;og\u00f3lnego stanu pacjenta.<\/p>\n<p>G\u0142\u00f3wnymi metodami leczenia nowotwor\u00f3w migda\u0142k\u00f3w gard\u0142owych s\u0105 chirurgia i&nbsp;radioterapia. We wczesnych stadiach wskazany jest zabieg chirurgiczny lub radioterapia jako oddzielne metody leczenia. Zaawansowane stadia zwykle wymagaj\u0105 leczenia skojarzonego (chirurgia, radioterapia, chemioterapia).<\/p>\n<\/div>\n<\/div>\n<\/div>\n<h6>*Wirus brodawczaka ludzkiego jest powszechny w populacji ludzkiej, ale tylko u&nbsp;niewielkiej grupy zaka\u017conych os\u00f3b rozwija si\u0119 nowotw\u00f3r. Znanych jest ponad 150 r\u00f3\u017cnych podtyp\u00f3w, ale HPV16 charakteryzuje si\u0119 szczeg\u00f3lnie wysokim ryzykiem. Zaskakuj\u0105c\u0105 cech\u0105 choroby wynikaj\u0105cej z&nbsp;zaka\u017cenia wirusem HPV s\u0105 du\u017ce w\u0119z\u0142y ch\u0142onne ze stosunkowo niewielkim guzem pierwotnym; pacjenci w momencie diagnozy s\u0105 cz\u0119sto w klinicznie zaawansowanym stanie choroby.<\/h6>\n<h6>Nowotwory g\u0142owy i&nbsp;szyi HPV-dodatnie maj\u0105 lepsze rokowanie w por\u00f3wnaniu z&nbsp;nowotworami HPV-ujemnymi i&nbsp;lepiej reaguj\u0105 na&nbsp;chemioterapi\u0119 oraz radioterapi\u0119. Nowotwory HPV-dodatnie maj\u0105 o&nbsp;60-80% mniejsze ryzyko \u015bmiertelno\u015bci w por\u00f3wnaniu z&nbsp;nowotworami HPV-ujemnymi.<\/h6>\n<p>&nbsp;<\/p>\n","protected":false},"excerpt":{"rendered":"<p>Nowotwory migda\u0142k\u00f3w gard\u0142owych zwykle dotykaj\u0105 m\u0142odsze grupy wiekowe. Zachorowalno\u015b\u0107, tj. cz\u0119sto\u015b\u0107 wyst\u0119powania choroby, gwa\u0142townie wzrasta, w Republice Czeskiej jest obecnie 3 razy wy\u017csza ni\u017c 30 lat temu. Wzrost ten jest bezpo\u015brednio zwi\u0105zany z&nbsp;rozprzestrzenianiem si\u0119 wirusa brodawczaka ludzkiego HPV 16, kt\u00f3rego obecno\u015b\u0107 potwierdzono u&nbsp;wielu pacjent\u00f3w w ostatnich latach.* Najcz\u0119stszymi objawami, kt\u00f3re prowadz\u0105 pacjenta do lekarza s\u0105:&#8230;<\/p>\n","protected":false},"author":5,"featured_media":0,"parent":3938,"menu_order":308,"comment_status":"closed","ping_status":"closed","template":"template-service-detail-with-anchor-sidebar.php","meta":{"footnotes":""},"class_list":["post-3947","page","type-page","status-publish","hentry"],"acf":[],"aioseo_notices":[],"_links":{"self":[{"href":"https:\/\/www.ptc.cz\/pl\/wp-json\/wp\/v2\/pages\/3947","targetHints":{"allow":["GET"]}}],"collection":[{"href":"https:\/\/www.ptc.cz\/pl\/wp-json\/wp\/v2\/pages"}],"about":[{"href":"https:\/\/www.ptc.cz\/pl\/wp-json\/wp\/v2\/types\/page"}],"author":[{"embeddable":true,"href":"https:\/\/www.ptc.cz\/pl\/wp-json\/wp\/v2\/users\/5"}],"replies":[{"embeddable":true,"href":"https:\/\/www.ptc.cz\/pl\/wp-json\/wp\/v2\/comments?post=3947"}],"version-history":[{"count":4,"href":"https:\/\/www.ptc.cz\/pl\/wp-json\/wp\/v2\/pages\/3947\/revisions"}],"predecessor-version":[{"id":7072,"href":"https:\/\/www.ptc.cz\/pl\/wp-json\/wp\/v2\/pages\/3947\/revisions\/7072"}],"up":[{"embeddable":true,"href":"https:\/\/www.ptc.cz\/pl\/wp-json\/wp\/v2\/pages\/3938"}],"wp:attachment":[{"href":"https:\/\/www.ptc.cz\/pl\/wp-json\/wp\/v2\/media?parent=3947"}],"curies":[{"name":"wp","href":"https:\/\/api.w.org\/{rel}","templated":true}]}}