{"id":4014,"date":"2023-08-17T15:59:13","date_gmt":"2023-08-17T13:59:13","guid":{"rendered":"https:\/\/www.ptc.cz\/co-leczymy\/nadory-u-deti\/protonova-lecba-nadoru-u-deti\/"},"modified":"2024-07-29T09:08:26","modified_gmt":"2024-07-29T07:08:26","slug":"leczenie-protonowe-nowotworow-u-dzieci","status":"publish","type":"page","link":"https:\/\/www.ptc.cz\/pl\/co-leczymy\/nowotwory-u-dzieci\/leczenie-protonowe-nowotworow-u-dzieci\/","title":{"rendered":"Leczenie protonowe nowotwor\u00f3w u&nbsp;dzieci"},"content":{"rendered":"<div class=\"gdc_row\">\n<div class=\"gdc_column gdc_chalf\">\n<div class=\"gdc_inner\">\n<p><strong>Wsp\u00f3\u0142czesna terapia onkologiczna ma na&nbsp;celu maksymalizacj\u0119 szans pacjent\u00f3w na&nbsp;wyleczenie, a&nbsp;jednocze\u015bnie minimalizacj\u0119 skutk\u00f3w ubocznych zwi\u0105zanych z&nbsp;terapi\u0105. Ten cel udaje si\u0119 osi\u0105gn\u0105\u0107 dzi\u0119ki nowoczesnej i&nbsp;bezpiecznej terapii protonowej.<\/strong><\/p>\n<p><strong>Centrum Terapii Protonowej<\/strong> w Pradze w ramach programu leczenia pacjent\u00f3w pediatrycznych korzysta z&nbsp;najnowocze\u015bniejszych technologii i&nbsp;do\u015bwiadczenia wiod\u0105cych czeskich i&nbsp;\u015bwiatowych onkolog\u00f3w w terapii protonowej u&nbsp;dzieci. Wszystkie dzieci leczone w Centrum Terapii Protonowej otrzymuj\u0105 wskazanie do terapii protonowej we wsp\u00f3\u0142pracy z&nbsp;jednym z&nbsp;centr\u00f3w onkologii dzieci\u0119cej. <strong>Obecnie ponad 80% pacjent\u00f3w pediatrycznych udaje si\u0119 skutecznie wyleczy\u0107.<\/strong><\/p>\n<p>Metody leczenia nowotwor\u00f3w u&nbsp;dzieci obejmuj\u0105 chirurgi\u0119, radioterapi\u0119, chemioterapi\u0119 i&nbsp;terapi\u0119 biologiczn\u0105. <strong>Wyb\u00f3r konkretnej metody leczenia Twojego dziecka zale\u017cy od wielu r\u00f3\u017cnych czynnik\u00f3w. Onkolog dzieci\u0119cy om\u00f3wi z&nbsp;Tob\u0105 szczeg\u00f3\u0142owo plan leczenia.<\/strong><\/p>\n<p><a href=\"https:\/\/www.ptc.cz\/wp-content\/uploads\/2023\/08\/dsc-0288-kopie-1200x1200-1.jpg\" data-rel=\"lightbox-image-0\" data-rl_title=\"\" data-rl_caption=\"\" title=\"\"><img loading=\"lazy\" decoding=\"async\" class=\"alignnone size-full wp-image-821\" src=\"https:\/\/www.ptc.cz\/wp-content\/uploads\/2023\/08\/dsc-0288-kopie-1200x1200-1.jpg\" alt=\"\" width=\"1200\" height=\"837\" srcset=\"https:\/\/www.ptc.cz\/wp-content\/uploads\/2023\/08\/dsc-0288-kopie-1200x1200-1.jpg 1200w, https:\/\/www.ptc.cz\/wp-content\/uploads\/2023\/08\/dsc-0288-kopie-1200x1200-1-300x209.jpg 300w, https:\/\/www.ptc.cz\/wp-content\/uploads\/2023\/08\/dsc-0288-kopie-1200x1200-1-768x536.jpg 768w\" sizes=\"auto, (max-width: 1200px) 100vw, 1200px\" \/><\/a><\/p>\n<\/div>\n<\/div>\n<div class=\"gdc_column gdc_chalf\">\n<div class=\"gdc_inner\">\n<p><strong>Napromienianie czyli radioterapia<\/strong> (w tym radioterapia protonowa) jest jedn\u0105 z&nbsp;podstawowych metod leczenia chor\u00f3b nowotworowych u&nbsp;dzieci. Jest ona stosowana samodzielnie lub, cz\u0119\u015bciej, w po\u0142\u0105czeniu z&nbsp;innymi metodami (najcz\u0119\u015bciej chirurgi\u0105, chemioterapi\u0105). W celu ograniczenia skutk\u00f3w ubocznych radioterapii, obecny trend polega na&nbsp;ograniczeniu stosowania radioterapii do \u015bci\u015ble wybranych sytuacji, a&nbsp;je\u015bli radioterapia jest ju\u017c konieczna, do <strong>stosowania najnowocze\u015bniejszych metod radioterapii, takich jak radioterapia wi\u0105zk\u0105 proton\u00f3w.<\/strong><\/p>\n<p><strong>Terapia protonowa<\/strong>, w przeciwie\u0144stwie do promieniowania konwencjonalnego, jest \u0142agodniejsza i&nbsp;bezpieczniejsza. Dzi\u0119ki precyzyjnemu ukierunkowaniu wi\u0105zki proton\u00f3w mo\u017cemy znacznie zmniejszy\u0107 ryzyko wyst\u0105pienia dzia\u0142a\u0144 niepo\u017c\u0105danych i&nbsp;ograniczy\u0107 potencjalne zagro\u017cenia, takie jak uszkodzenie serca i&nbsp;p\u0142uc, problemy endokrynologiczne, zaburzenia wzrostu, zaburzenia czucia, obni\u017cony intelekt, uszkodzenie nerek i&nbsp;dr\u00f3g moczowych, ryzyko bezp\u0142odno\u015bci i&nbsp;rozw\u00f3j nowotwor\u00f3w wt\u00f3rnych.<\/p>\n<p><iframe loading=\"lazy\" title=\"Protonov\u00e1 l\u00e9\u010dba n\u00e1dor\u016f v d\u011btsk\u00e9m v\u011bku\" width=\"500\" height=\"281\" src=\"https:\/\/www.youtube.com\/embed\/QldMupwVmnM?feature=oembed\" frameborder=\"0\" allow=\"accelerometer; autoplay; clipboard-write; encrypted-media; gyroscope; picture-in-picture; web-share\" referrerpolicy=\"strict-origin-when-cross-origin\" allowfullscreen><\/iframe><\/p>\n<\/div>\n<\/div>\n<\/div>\n<p>&nbsp;<\/p>\n","protected":false},"excerpt":{"rendered":"<p>&nbsp;<\/p>\n","protected":false},"author":1,"featured_media":3834,"parent":4008,"menu_order":330,"comment_status":"closed","ping_status":"closed","template":"template-service-detail-with-anchor-sidebar.php","meta":{"footnotes":""},"class_list":["post-4014","page","type-page","status-publish","has-post-thumbnail","hentry"],"acf":[],"aioseo_notices":[],"_links":{"self":[{"href":"https:\/\/www.ptc.cz\/pl\/wp-json\/wp\/v2\/pages\/4014","targetHints":{"allow":["GET"]}}],"collection":[{"href":"https:\/\/www.ptc.cz\/pl\/wp-json\/wp\/v2\/pages"}],"about":[{"href":"https:\/\/www.ptc.cz\/pl\/wp-json\/wp\/v2\/types\/page"}],"author":[{"embeddable":true,"href":"https:\/\/www.ptc.cz\/pl\/wp-json\/wp\/v2\/users\/1"}],"replies":[{"embeddable":true,"href":"https:\/\/www.ptc.cz\/pl\/wp-json\/wp\/v2\/comments?post=4014"}],"version-history":[{"count":4,"href":"https:\/\/www.ptc.cz\/pl\/wp-json\/wp\/v2\/pages\/4014\/revisions"}],"predecessor-version":[{"id":7074,"href":"https:\/\/www.ptc.cz\/pl\/wp-json\/wp\/v2\/pages\/4014\/revisions\/7074"}],"up":[{"embeddable":true,"href":"https:\/\/www.ptc.cz\/pl\/wp-json\/wp\/v2\/pages\/4008"}],"wp:featuredmedia":[{"embeddable":true,"href":"https:\/\/www.ptc.cz\/pl\/wp-json\/wp\/v2\/media\/3834"}],"wp:attachment":[{"href":"https:\/\/www.ptc.cz\/pl\/wp-json\/wp\/v2\/media?parent=4014"}],"curies":[{"name":"wp","href":"https:\/\/api.w.org\/{rel}","templated":true}]}}