{"id":4017,"date":"2023-08-17T16:00:25","date_gmt":"2023-08-17T14:00:25","guid":{"rendered":"https:\/\/www.ptc.cz\/co-leczymy\/nadory-u-deti\/proc-zvolit-protonovou-lecbu\/"},"modified":"2024-06-17T16:32:47","modified_gmt":"2024-06-17T14:32:47","slug":"dlaczego-wybrac-leczenie-protonowe","status":"publish","type":"page","link":"https:\/\/www.ptc.cz\/pl\/co-leczymy\/nowotwory-u-dzieci\/dlaczego-wybrac-leczenie-protonowe\/","title":{"rendered":"Dlaczego wybra\u0107 leczenie protonowe"},"content":{"rendered":"<h3>Zalety terapii protonowej dla dzieci w por\u00f3wnaniu z&nbsp;radioterapi\u0105 konwencjonaln\u0105<\/h3>\n<p>Tkanki i&nbsp;narz\u0105dy u&nbsp;dzieci s\u0105 bardzo wra\u017cliwe na&nbsp;promieniowanie. Ponadto dzieci s\u0105 znacznie bardziej podatne na&nbsp;rozw\u00f3j nowotwor\u00f3w wt\u00f3rnych ni\u017c doro\u015bli. Je\u015bli chcemy zwi\u0119kszy\u0107 szanse na&nbsp;zdrowy rozw\u00f3j dziecka po leczeniu, konieczne jest zapobieganie niepo\u017c\u0105danym skutkom ubocznym promieniowania. W tym przypadku terapia protonowa jest niezwykle korzystna.<\/p>\n<p><strong>\u00b7 Pozwala ograniczy\u0107 napromieniowanie rdzenia kr\u0119gowego.<\/strong><\/p>\n<p>Terapia protonowa obni\u017ca dawk\u0119 promieniowania na&nbsp;rdze\u0144 kr\u0119gowy w przypadku nowotwor\u00f3w umiejscowionych w jego pobli\u017cu. Minimalizuje to ryzyko jego uszkodzenia,<\/p>\n<p><strong>\u00b7 Zachowuje sprawno\u015b\u0107 umys\u0142ow\u0105.<\/strong><\/p>\n<p>Terapia protonowa pozwala w maksymalnym stopniu zachowa\u0107 sprawno\u015b\u0107 umys\u0142ow\u0105.<\/p>\n<p><strong>\u00b7 Obni\u017ca ryzyko utraty s\u0142uchu<\/strong><\/p>\n<p>Terapia protonowa obni\u017ca dawk\u0119 na&nbsp;ucho \u015brodkowe i&nbsp;wewn\u0119trzne, zmniejszaj\u0105c w ten spos\u00f3b ryzyko uszkodzenia lub utraty s\u0142uchu.<\/p>\n<p><strong>\u00b7 Obni\u017ca ryzyko uszkodzenia wzroku<\/strong><\/p>\n<p>Terapia protonowa minimalizuje napromienianie narz\u0105du wzroku. W konsekwencji zmniejsza to ryzyko wyst\u0105pienia problem\u00f3w z&nbsp;oczami i&nbsp;innych powik\u0142a\u0144.<\/p>\n<p>Terapia protonowa, w przeciwie\u0144stwie do powszechnie stosowanego promieniowania, jest \u0142agodniejsza i&nbsp;bezpieczniejsza. Dzi\u0119ki precyzyjnemu ukierunkowaniu wi\u0105zki proton\u00f3w mo\u017cemy znacznie zmniejszy\u0107 ryzyko wyst\u0105pienia dzia\u0142a\u0144 niepo\u017c\u0105danych i&nbsp;ograniczy\u0107 potencjalne zagro\u017cenia, takie jak uszkodzenie serca i&nbsp;p\u0142uc, problemy endokrynologiczne, zaburzenia wzrostu, zaburzenia czucia, obni\u017cony intelekt, uszkodzenie nerek i&nbsp;dr\u00f3g moczowych, ryzyko bezp\u0142odno\u015bci i&nbsp;rozw\u00f3j nowotwor\u00f3w wt\u00f3rnych.<\/p>\n<p>&nbsp;<\/p>\n<h5><span style=\"color: #f7b018;\">\u2e3a<\/span><\/h5>\n<h4>Schematyczny rysunek przedstawia rozmieszczenie dawki promieniowania w organizmie przy zastosowaniu terapii protonowej i&nbsp;fotonowej.<\/h4>\n<p>Mo\u017cna zauwa\u017cy\u0107, \u017ce wi\u0105zka proton\u00f3w napromieniowuje tylko tak zwany obszar docelowy (obszar osi czaszkowo-rdzeniowej), tj. promieniowanie jest kierowane prawie wy\u0142\u0105cznie do tkanki, kt\u00f3ra jest dotkni\u0119ta lub prawdopodobnie dotkni\u0119ta. Z&nbsp;kolei promieniowanie fotonowe ze wzgl\u0119du na&nbsp;swoje w\u0142a\u015bciwo\u015bci fizyczne istotnie wp\u0142ywa r\u00f3wnie\u017c na&nbsp;okoliczne zdrowe struktury, czyli w tym wypadku rdze\u0144 kr\u0119gowy, serce, p\u0142uca, w\u0105trob\u0119 i&nbsp;jelita.<\/p>\n<p>&nbsp;<\/p>\n<div class=\"gdc_row\">\n<div class=\"gdc_column gdc_chalf\">\n<div class=\"gdc_inner\">\n<p><img loading=\"lazy\" decoding=\"async\" class=\"aligncenter size-full wp-image-4247\" src=\"https:\/\/www.ptc.cz\/wp-content\/uploads\/2024\/06\/PxF-_DETI-_proton-_PL.jpg\" alt=\"\" width=\"768\" height=\"922\" srcset=\"https:\/\/www.ptc.cz\/wp-content\/uploads\/2024\/06\/PxF-_DETI-_proton-_PL.jpg 768w, https:\/\/www.ptc.cz\/wp-content\/uploads\/2024\/06\/PxF-_DETI-_proton-_PL-250x300.jpg 250w\" sizes=\"auto, (max-width: 768px) 100vw, 768px\" \/><\/p>\n<p>&nbsp;<\/p>\n<\/div>\n<\/div>\n<div class=\"gdc_column gdc_chalf\">\n<div class=\"gdc_inner\">\n<p><img loading=\"lazy\" decoding=\"async\" class=\"aligncenter size-full wp-image-4250\" src=\"https:\/\/www.ptc.cz\/wp-content\/uploads\/2024\/06\/PxF-_DETI-_foton-_PL.jpg\" alt=\"\" width=\"768\" height=\"922\" srcset=\"https:\/\/www.ptc.cz\/wp-content\/uploads\/2024\/06\/PxF-_DETI-_foton-_PL.jpg 768w, https:\/\/www.ptc.cz\/wp-content\/uploads\/2024\/06\/PxF-_DETI-_foton-_PL-250x300.jpg 250w\" sizes=\"auto, (max-width: 768px) 100vw, 768px\" \/><\/p>\n<p>&nbsp;<\/p>\n<\/div>\n<\/div>\n<\/div>\n<p style=\"text-align: left;\"><strong>\u00a0<\/strong><\/p>\n","protected":false},"excerpt":{"rendered":"<p>Zalety terapii protonowej dla dzieci w por\u00f3wnaniu z&nbsp;radioterapi\u0105 konwencjonaln\u0105 Tkanki i&nbsp;narz\u0105dy u&nbsp;dzieci s\u0105 bardzo wra\u017cliwe na&nbsp;promieniowanie. Ponadto dzieci s\u0105 znacznie bardziej podatne na&nbsp;rozw\u00f3j nowotwor\u00f3w wt\u00f3rnych ni\u017c doro\u015bli. Je\u015bli chcemy zwi\u0119kszy\u0107 szanse na&nbsp;zdrowy rozw\u00f3j dziecka po leczeniu, konieczne jest zapobieganie niepo\u017c\u0105danym skutkom ubocznym promieniowania. W tym przypadku terapia protonowa jest niezwykle korzystna. \u00b7 Pozwala ograniczy\u0107 napromieniowanie&#8230;<\/p>\n","protected":false},"author":1,"featured_media":3838,"parent":4008,"menu_order":333,"comment_status":"closed","ping_status":"closed","template":"template-service-detail-with-sidebar.php","meta":{"footnotes":""},"class_list":["post-4017","page","type-page","status-publish","has-post-thumbnail","hentry"],"acf":[],"aioseo_notices":[],"_links":{"self":[{"href":"https:\/\/www.ptc.cz\/pl\/wp-json\/wp\/v2\/pages\/4017","targetHints":{"allow":["GET"]}}],"collection":[{"href":"https:\/\/www.ptc.cz\/pl\/wp-json\/wp\/v2\/pages"}],"about":[{"href":"https:\/\/www.ptc.cz\/pl\/wp-json\/wp\/v2\/types\/page"}],"author":[{"embeddable":true,"href":"https:\/\/www.ptc.cz\/pl\/wp-json\/wp\/v2\/users\/1"}],"replies":[{"embeddable":true,"href":"https:\/\/www.ptc.cz\/pl\/wp-json\/wp\/v2\/comments?post=4017"}],"version-history":[{"count":3,"href":"https:\/\/www.ptc.cz\/pl\/wp-json\/wp\/v2\/pages\/4017\/revisions"}],"predecessor-version":[{"id":4253,"href":"https:\/\/www.ptc.cz\/pl\/wp-json\/wp\/v2\/pages\/4017\/revisions\/4253"}],"up":[{"embeddable":true,"href":"https:\/\/www.ptc.cz\/pl\/wp-json\/wp\/v2\/pages\/4008"}],"wp:featuredmedia":[{"embeddable":true,"href":"https:\/\/www.ptc.cz\/pl\/wp-json\/wp\/v2\/media\/3838"}],"wp:attachment":[{"href":"https:\/\/www.ptc.cz\/pl\/wp-json\/wp\/v2\/media?parent=4017"}],"curies":[{"name":"wp","href":"https:\/\/api.w.org\/{rel}","templated":true}]}}