{"id":4019,"date":"2024-02-16T09:02:08","date_gmt":"2024-02-16T08:02:08","guid":{"rendered":"https:\/\/www.ptc.cz\/co-leczymy\/nadory-u-deti\/proc-zvolit-protonovou-lecbu\/jak-probiha-lecba-detskeho-pacienta\/"},"modified":"2024-06-17T16:36:23","modified_gmt":"2024-06-17T14:36:23","slug":"jak-przebiega-leczenie-dzieciecego-pacjenta","status":"publish","type":"page","link":"https:\/\/www.ptc.cz\/pl\/co-leczymy\/nowotwory-u-dzieci\/dlaczego-wybrac-leczenie-protonowe\/jak-przebiega-leczenie-dzieciecego-pacjenta\/","title":{"rendered":"Jak przebiega leczenie dzieci\u0119cego pacjenta"},"content":{"rendered":"<div class=\"gdc_row\">\n<div class=\"gdc_column gdc_chalf\">\n<div class=\"gdc_inner\">\n<p><strong>Pacjent pediatryczny jest przyjmowany do Centrum Terapii Protonowej na&nbsp;leczenie na&nbsp;podstawie skierowania wydanego przez onkologa dzieci\u0119cego.<\/strong> Centrum Terapii Protonowej w Pradze wsp\u00f3\u0142pracuje z&nbsp;Klinik\u0105 Hematologii i&nbsp;Onkologii Dzieci\u0119cej Szpitala Uniwersyteckiego Motol oraz Klinik\u0105 Onkologii Dzieci\u0119cej Szpitala Uniwersyteckiego w Brnie.<\/p>\n<p><strong>W razie konieczno\u015bci<\/strong> (np. je\u015bli napromienianie jest przeprowadzane w znieczuleniu og\u00f3lnym), <strong>pacjenci pediatryczni s\u0105 hospitalizowani w Szpitalu Uniwersyteckim w Motolu i&nbsp;podr\u00f3\u017cuj\u0105 do Centrum Terapii Protonowej tylko na&nbsp;sesje promieniowania<\/strong>.<\/p>\n<p>Chocia\u017c terapia protonowa jest bezbolesna, wiemy, \u017ce psychika dziecka jest wa\u017cn\u0105 cz\u0119\u015bci\u0105 leczenia. Dlatego od pierwszej chwili wszystko jest w miar\u0119 mo\u017cliwo\u015bci dostosowywane do potrzeb dziecka.<\/p>\n<p>Dzieci mog\u0105 czeka\u0107 na&nbsp;radioterapi\u0119 lub badania kontrolne, o&nbsp;ile nie s\u0105 pod&nbsp;narkoz\u0105, w pokoju dzieci\u0119cym z&nbsp;mn\u00f3stwem zabawek, kt\u00f3ry w niczym nie przypomina szpitala. Weso\u0142e kolorowanki i&nbsp;uk\u0142adanki z&nbsp;\u201eprofesorem Protonem\u201d, kt\u00f3ry towarzyszy im w trakcie leczenia, to okazja, by odwr\u00f3ci\u0107 uwag\u0119 dzieci \u2013 wraz z&nbsp;wyszkolonym personelem b\u0119d\u0105 im asystowa\u0107 przez ca\u0142\u0105 terapi\u0119.<\/p>\n<\/div>\n<\/div>\n<div class=\"gdc_column gdc_chalf\">\n<div class=\"gdc_inner\">\n<p><strong>Ka\u017cda sesja radioterapii pacjenta pediatrycznego w Centrum Terapii Protonowej trwa od 15 do 90 minut, przy czym wi\u0119kszo\u015b\u0107 czasu po\u015bwi\u0119ca si\u0119 na&nbsp;odwr\u00f3cenie uwagi dziecka, uspokojenie go i&nbsp;przygotowanie do napromieniowania; sama radioterapia to kwestia kilku minut.<\/strong><\/p>\n<p>W przypadku leczenia w znieczuleniu og\u00f3lnym pobyt w Centrum Terapii Protonowej wyd\u0142u\u017ca si\u0119 do oko\u0142o 2\u20133 godzin, kt\u00f3re dziecko sp\u0119dza wraz z&nbsp;rodzicem na&nbsp;sali anestezjologicznej i&nbsp;sali wybudze\u0144, gdzie znajduje si\u0119 pod&nbsp;nadzorem piel\u0119gniarek i&nbsp;lekarza\/anestezjologa.<\/p>\n<p><strong>Przed ka\u017cd\u0105 sesj\u0105 radioterapii dok\u0142adnie sprawdzamy pozycj\u0119 dziecka<\/strong> za pomoc\u0105 zdj\u0119\u0107 rentgenowskich i&nbsp;wykonujemy kilka kontroli cz\u0105stkowych, bez kt\u00f3rych nie mo\u017cna rozpocz\u0105\u0107 radioterapii. <strong>Co najmniej raz w tygodniu<\/strong> dziecko odbywa wizyt\u0119 kontroln\u0105 u&nbsp;lekarza, kt\u00f3ry omawia z&nbsp;rodzicami przebieg terapii i&nbsp;sprawdza stan zdrowia dziecka. <strong>Jednocze\u015bnie, je\u015bli dziecko nie jest hospitalizowane, kontrole przeprowadza onkolog dzieci\u0119cy (ambulatoryjnie)<\/strong>.<\/p>\n<\/div>\n<\/div>\n<\/div>\n","protected":false},"excerpt":{"rendered":"","protected":false},"author":5,"featured_media":0,"parent":4017,"menu_order":342,"comment_status":"closed","ping_status":"closed","template":"template-service-detail-with-sidebar.php","meta":{"footnotes":""},"class_list":["post-4019","page","type-page","status-publish","hentry"],"acf":[],"aioseo_notices":[],"_links":{"self":[{"href":"https:\/\/www.ptc.cz\/pl\/wp-json\/wp\/v2\/pages\/4019","targetHints":{"allow":["GET"]}}],"collection":[{"href":"https:\/\/www.ptc.cz\/pl\/wp-json\/wp\/v2\/pages"}],"about":[{"href":"https:\/\/www.ptc.cz\/pl\/wp-json\/wp\/v2\/types\/page"}],"author":[{"embeddable":true,"href":"https:\/\/www.ptc.cz\/pl\/wp-json\/wp\/v2\/users\/5"}],"replies":[{"embeddable":true,"href":"https:\/\/www.ptc.cz\/pl\/wp-json\/wp\/v2\/comments?post=4019"}],"version-history":[{"count":4,"href":"https:\/\/www.ptc.cz\/pl\/wp-json\/wp\/v2\/pages\/4019\/revisions"}],"predecessor-version":[{"id":4255,"href":"https:\/\/www.ptc.cz\/pl\/wp-json\/wp\/v2\/pages\/4019\/revisions\/4255"}],"up":[{"embeddable":true,"href":"https:\/\/www.ptc.cz\/pl\/wp-json\/wp\/v2\/pages\/4017"}],"wp:attachment":[{"href":"https:\/\/www.ptc.cz\/pl\/wp-json\/wp\/v2\/media?parent=4019"}],"curies":[{"name":"wp","href":"https:\/\/api.w.org\/{rel}","templated":true}]}}