{"id":4067,"date":"2023-08-07T13:42:14","date_gmt":"2023-08-07T11:42:14","guid":{"rendered":"https:\/\/www.ptc.cz\/co-leczymy\/lymfomy\/proc-zvolit-protonovou-lecbu\/"},"modified":"2024-06-19T13:07:35","modified_gmt":"2024-06-19T11:07:35","slug":"dlaczego-wybrac-leczenie-protonowe-przy-zlosliwych-chloniakach","status":"publish","type":"page","link":"https:\/\/www.ptc.cz\/pl\/co-leczymy\/chloniaki\/dlaczego-wybrac-leczenie-protonowe-przy-zlosliwych-chloniakach\/","title":{"rendered":"Dlaczego wybra\u0107 leczenie protonowe przy z\u0142o\u015bliwych ch\u0142oniakach"},"content":{"rendered":"<p><strong>Aby wybra\u0107 optymalne leczenie, bardzo wa\u017cne jest uzyskanie pe\u0142nych i&nbsp;zrozumia\u0142ych informacji. Nale\u017cy zainteresowa\u0107 si\u0119 nie tylko najnowszymi metodami leczenia ch\u0142oniaka z\u0142o\u015bliwego, znanego r\u00f3wnie\u017c jako rak w\u0119z\u0142\u00f3w ch\u0142onnych, ale tak\u017ce skutkami ubocznymi zwi\u0105zanymi z&nbsp;leczeniem. Mog\u0105 one znacz\u0105co wp\u0142yn\u0105\u0107 na&nbsp;jako\u015b\u0107 \u017cycia w trakcie i&nbsp;po zako\u0144czeniu leczenia.<\/strong><\/p>\n<h3>Zalety terapii protonowej ch\u0142oniaka w por\u00f3wnaniu z&nbsp;radioterapi\u0105 konwencjonaln\u0105:<\/h3>\n<ul>\n<li>Zmniejszenie dawek niepo\u017c\u0105danego promieniowania na&nbsp;serce ze zmniejszeniem ryzyka wyst\u0105pienia p\u00f3\u017anych skutk\u00f3w radioterapii, takich jak wady zastawkowe, choroba wie\u0144cowa, zaburzenia rytmu serca itp.<\/li>\n<li>Zmniejszenie dawek na&nbsp;tkank\u0119 p\u0142ucn\u0105 z&nbsp;ograniczeniem ryzyka popromiennego zw\u0142\u00f3knienia p\u0142uc (bliznowacenia tkanki), zapalenia p\u0142uc itp.<\/li>\n<li>Zmniejszenie dawek na&nbsp;rdze\u0144 kr\u0119gowy ze zmniejszeniem ryzyka mielopatii popromiennej (upo\u015bledzenie ruch\u00f3w i&nbsp;wzroku).<\/li>\n<li>Zmniejszenie dawek na&nbsp;gruczo\u0142y piersiowe z&nbsp;ograniczeniem ryzyka wyst\u0105pienia nowotwor\u00f3w wt\u00f3rnych w\u0119z\u0142a piersiowego.<\/li>\n<\/ul>\n<p>Obecnie do napromieniania ch\u0142oniak\u00f3w z\u0142o\u015bliwych stosuje si\u0119 radioterapi\u0119 fotonow\u0105 lub protonow\u0105. R\u00f3\u017cnica polega na&nbsp;w\u0142a\u015bciwo\u015bciach fizycznych r\u00f3\u017cnych rodzaj\u00f3w promieniowania, co skutkuje r\u00f3\u017cnym zachowaniem w tkankach.<\/p>\n<p><span style=\"color: #f07f1f;\">\u2e3a<\/span><\/p>\n<h4>Schematyczny rysunek przedstawia roz\u0142o\u017cenie dawki promieniowania w organizmie przy zastosowaniu terapii protonowej i&nbsp;fotonowej.<\/h4>\n<p>Mo\u017cna zauwa\u017cy\u0107, \u017ce wi\u0105zka proton\u00f3w napromieniowuje tylko tzw. obszar docelowy (obszar, w kt\u00f3rym zlokalizowany jest lub by\u0142 guz), tj. promieniowanie jest kierowane prawie wy\u0142\u0105cznie na&nbsp;tkank\u0119, kt\u00f3ra jest dotkni\u0119ta chorob\u0105. Z&nbsp;kolei promieniowanie fotonowe, ze wzgl\u0119du na&nbsp;swoje w\u0142a\u015bciwo\u015bci fizyczne, znacz\u0105co wp\u0142ywa r\u00f3wnie\u017c na&nbsp;otaczaj\u0105ce zdrowe struktury.<\/p>\n<div class=\"gdc_row\">\n<div class=\"gdc_column gdc_chalf\">\n<div class=\"gdc_inner\">\n<p><img loading=\"lazy\" decoding=\"async\" class=\"aligncenter size-full wp-image-4449\" src=\"https:\/\/www.ptc.cz\/wp-content\/uploads\/2024\/06\/PxF-_LYMFOMY-_proton-_PL.jpg\" alt=\"\" width=\"768\" height=\"922\" srcset=\"https:\/\/www.ptc.cz\/wp-content\/uploads\/2024\/06\/PxF-_LYMFOMY-_proton-_PL.jpg 768w, https:\/\/www.ptc.cz\/wp-content\/uploads\/2024\/06\/PxF-_LYMFOMY-_proton-_PL-250x300.jpg 250w\" sizes=\"auto, (max-width: 768px) 100vw, 768px\" \/><\/p>\n<h2 style=\"text-align: left;\"><\/h2>\n<\/div>\n<\/div>\n<div class=\"gdc_column gdc_chalf\">\n<div class=\"gdc_inner\">\n<p><img loading=\"lazy\" decoding=\"async\" class=\"aligncenter size-full wp-image-4452\" src=\"https:\/\/www.ptc.cz\/wp-content\/uploads\/2024\/06\/PxF-_LYMFOMY-_foton-_PL.jpg\" alt=\"\" width=\"768\" height=\"922\" srcset=\"https:\/\/www.ptc.cz\/wp-content\/uploads\/2024\/06\/PxF-_LYMFOMY-_foton-_PL.jpg 768w, https:\/\/www.ptc.cz\/wp-content\/uploads\/2024\/06\/PxF-_LYMFOMY-_foton-_PL-250x300.jpg 250w\" sizes=\"auto, (max-width: 768px) 100vw, 768px\" \/><\/p>\n<h2 style=\"text-align: left;\"><\/h2>\n<\/div>\n<\/div>\n<\/div>\n<p style=\"text-align: left;\">\n","protected":false},"excerpt":{"rendered":"<p>Aby wybra\u0107 optymalne leczenie, bardzo wa\u017cne jest uzyskanie pe\u0142nych i&nbsp;zrozumia\u0142ych informacji. Nale\u017cy zainteresowa\u0107 si\u0119 nie tylko najnowszymi metodami leczenia ch\u0142oniaka z\u0142o\u015bliwego, znanego r\u00f3wnie\u017c jako rak w\u0119z\u0142\u00f3w ch\u0142onnych, ale tak\u017ce skutkami ubocznymi zwi\u0105zanymi z&nbsp;leczeniem. Mog\u0105 one znacz\u0105co wp\u0142yn\u0105\u0107 na&nbsp;jako\u015b\u0107 \u017cycia w trakcie i&nbsp;po zako\u0144czeniu leczenia. Zalety terapii protonowej ch\u0142oniaka w por\u00f3wnaniu z&nbsp;radioterapi\u0105 konwencjonaln\u0105: Zmniejszenie dawek niepo\u017c\u0105danego&#8230;<\/p>\n","protected":false},"author":1,"featured_media":3838,"parent":4061,"menu_order":371,"comment_status":"closed","ping_status":"closed","template":"template-service-detail-with-sidebar.php","meta":{"footnotes":""},"class_list":["post-4067","page","type-page","status-publish","has-post-thumbnail","hentry"],"acf":[],"aioseo_notices":[],"_links":{"self":[{"href":"https:\/\/www.ptc.cz\/pl\/wp-json\/wp\/v2\/pages\/4067","targetHints":{"allow":["GET"]}}],"collection":[{"href":"https:\/\/www.ptc.cz\/pl\/wp-json\/wp\/v2\/pages"}],"about":[{"href":"https:\/\/www.ptc.cz\/pl\/wp-json\/wp\/v2\/types\/page"}],"author":[{"embeddable":true,"href":"https:\/\/www.ptc.cz\/pl\/wp-json\/wp\/v2\/users\/1"}],"replies":[{"embeddable":true,"href":"https:\/\/www.ptc.cz\/pl\/wp-json\/wp\/v2\/comments?post=4067"}],"version-history":[{"count":3,"href":"https:\/\/www.ptc.cz\/pl\/wp-json\/wp\/v2\/pages\/4067\/revisions"}],"predecessor-version":[{"id":4455,"href":"https:\/\/www.ptc.cz\/pl\/wp-json\/wp\/v2\/pages\/4067\/revisions\/4455"}],"up":[{"embeddable":true,"href":"https:\/\/www.ptc.cz\/pl\/wp-json\/wp\/v2\/pages\/4061"}],"wp:featuredmedia":[{"embeddable":true,"href":"https:\/\/www.ptc.cz\/pl\/wp-json\/wp\/v2\/media\/3838"}],"wp:attachment":[{"href":"https:\/\/www.ptc.cz\/pl\/wp-json\/wp\/v2\/media?parent=4067"}],"curies":[{"name":"wp","href":"https:\/\/api.w.org\/{rel}","templated":true}]}}