{"id":4069,"date":"2024-02-16T08:37:50","date_gmt":"2024-02-16T07:37:50","guid":{"rendered":"https:\/\/www.ptc.cz\/co-leczymy\/lymfomy\/proc-zvolit-protonovou-lecbu\/protonova-lecba-snizuje-postizeni-srdce\/"},"modified":"2024-06-19T13:08:28","modified_gmt":"2024-06-19T11:08:28","slug":"leczenie-protonowe-zmniejsza-uszkodzenie-serca","status":"publish","type":"page","link":"https:\/\/www.ptc.cz\/pl\/co-leczymy\/chloniaki\/dlaczego-wybrac-leczenie-protonowe-przy-zlosliwych-chloniakach\/leczenie-protonowe-zmniejsza-uszkodzenie-serca\/","title":{"rendered":"Leczenie protonowe zmniejsza uszkodzenie serca"},"content":{"rendered":"<h3>Niewydolno\u015b\u0107 serca (kardiotoksyczno\u015b\u0107)<\/h3>\n<p>Wa\u017cnym powodem wskazania do radioterapii protonowej jest czynnik RIHD (radiation induced heart disease) = uszkodzenie serca spowodowane promieniowaniem. Choroba serca wywo\u0142ana promieniowaniem jest jednym z&nbsp;najpowa\u017cniejszych p\u00f3\u017anych skutk\u00f3w promieniowania. Dlatego podczas leczenia ch\u0142oniaka z\u0142o\u015bliwego, gdy zalecane jest napromienianie, eksperci staraj\u0105 si\u0119 zminimalizowa\u0107 dawk\u0119 promieniowania dla serca. Dzi\u0119ki wi\u0105zce proton\u00f3w mo\u017cemy znacznie zmniejszy\u0107 ryzyko zawa\u0142u serca, problem\u00f3w z&nbsp;sercem lub rozwoju zw\u0142\u00f3knienia p\u0142uc.<\/p>\n","protected":false},"excerpt":{"rendered":"<p>Niewydolno\u015b\u0107 serca (kardiotoksyczno\u015b\u0107) Wa\u017cnym powodem wskazania do radioterapii protonowej jest czynnik RIHD (radiation induced heart disease) = uszkodzenie serca spowodowane promieniowaniem. Choroba serca wywo\u0142ana promieniowaniem jest jednym z&nbsp;najpowa\u017cniejszych p\u00f3\u017anych skutk\u00f3w promieniowania. Dlatego podczas leczenia ch\u0142oniaka z\u0142o\u015bliwego, gdy zalecane jest napromienianie, eksperci staraj\u0105 si\u0119 zminimalizowa\u0107 dawk\u0119 promieniowania dla serca. Dzi\u0119ki wi\u0105zce proton\u00f3w mo\u017cemy znacznie zmniejszy\u0107 ryzyko&#8230;<\/p>\n","protected":false},"author":5,"featured_media":0,"parent":4067,"menu_order":376,"comment_status":"closed","ping_status":"closed","template":"template-service-detail-with-sidebar.php","meta":{"footnotes":""},"class_list":["post-4069","page","type-page","status-publish","hentry"],"acf":[],"aioseo_notices":[],"_links":{"self":[{"href":"https:\/\/www.ptc.cz\/pl\/wp-json\/wp\/v2\/pages\/4069","targetHints":{"allow":["GET"]}}],"collection":[{"href":"https:\/\/www.ptc.cz\/pl\/wp-json\/wp\/v2\/pages"}],"about":[{"href":"https:\/\/www.ptc.cz\/pl\/wp-json\/wp\/v2\/types\/page"}],"author":[{"embeddable":true,"href":"https:\/\/www.ptc.cz\/pl\/wp-json\/wp\/v2\/users\/5"}],"replies":[{"embeddable":true,"href":"https:\/\/www.ptc.cz\/pl\/wp-json\/wp\/v2\/comments?post=4069"}],"version-history":[{"count":3,"href":"https:\/\/www.ptc.cz\/pl\/wp-json\/wp\/v2\/pages\/4069\/revisions"}],"predecessor-version":[{"id":4457,"href":"https:\/\/www.ptc.cz\/pl\/wp-json\/wp\/v2\/pages\/4069\/revisions\/4457"}],"up":[{"embeddable":true,"href":"https:\/\/www.ptc.cz\/pl\/wp-json\/wp\/v2\/pages\/4067"}],"wp:attachment":[{"href":"https:\/\/www.ptc.cz\/pl\/wp-json\/wp\/v2\/media?parent=4069"}],"curies":[{"name":"wp","href":"https:\/\/api.w.org\/{rel}","templated":true}]}}