{"id":4070,"date":"2024-02-16T08:39:39","date_gmt":"2024-02-16T07:39:39","guid":{"rendered":"https:\/\/www.ptc.cz\/co-leczymy\/lymfomy\/leukemicke-postizeni-cns\/"},"modified":"2024-06-19T13:09:44","modified_gmt":"2024-06-19T11:09:44","slug":"zajecie-oun-przez-bialaczke","status":"publish","type":"page","link":"https:\/\/www.ptc.cz\/pl\/co-leczymy\/chloniaki\/zajecie-oun-przez-bialaczke\/","title":{"rendered":"Zaj\u0119cie OUN przez bia\u0142aczk\u0119"},"content":{"rendered":"<div class=\"gdc_row\">\n<div class=\"gdc_column gdc_chalf\">\n<div class=\"gdc_inner\">\n<h4>Zaj\u0119cie o\u015brodkowego uk\u0142adu nerwowego u&nbsp;chorych na&nbsp;bia\u0142aczk\u0119 nale\u017cy do najnowszych diagnoz ze wskazaniem do terapii protonowej.<\/h4>\n<p>Napromienianie osi czaszkowo-rdzeniowej jest korzystne dla pacjent\u00f3w z&nbsp;zaburzeniami czaszkowo-twarzowymi, kt\u00f3rzy pomimo intensywnego leczenia og\u00f3lnoustrojowego:<\/p>\n<ul>\n<li>maj\u0105 pozytywne wyniki bada\u0144 kom\u00f3rek bia\u0142aczkowych w p\u0142ynie m\u00f3zgowo-rdzeniowym,<\/li>\n<li>u kt\u00f3rych ju\u017c w momencie rozpoznania stwierdzono dodatni wynik badania p\u0142ynu m\u00f3zgowo-rdzeniowego i&nbsp;u&nbsp;kt\u00f3rych istnieje ryzyko zaj\u0119cia o\u015brodkowego uk\u0142adu nerwowego w przysz\u0142o\u015bci.<\/li>\n<\/ul>\n<\/div>\n<\/div>\n<div class=\"gdc_column gdc_chalf\">\n<div class=\"gdc_inner\">\n<p>Celem jest r\u00f3wnie\u017c pozbycie si\u0119 tych trudno dost\u0119pnych obszar\u00f3w kom\u00f3rek bia\u0142aczkowych, nawet tych, kt\u00f3re nie s\u0105 ju\u017c wra\u017cliwe na&nbsp;leczenie chemioterapi\u0105 lub terapi\u0105 biologiczn\u0105.<\/p>\n<p><strong>W tym przypadku radioterapia protonowa ma du\u017ce zalety w por\u00f3wnaniu z&nbsp;innymi formami radioterapii. Nale\u017c\u0105 do nich zerowe obci\u0105\u017cenie promieniowaniem narz\u0105d\u00f3w przed trzonami kr\u0119gowymi, minimalna toksyczno\u015b\u0107 og\u00f3lnoustrojowa (zmniejszenie nudno\u015bci, wymiot\u00f3w, biegunki) i&nbsp;jest odpowiednia dla pacjent\u00f3w poddanych intensywnemu leczeniu wst\u0119pnemu z&nbsp;konieczn\u0105 redukcj\u0105 dawki na&nbsp;p\u0142uca, przew\u00f3d pokarmowy, serce i&nbsp;inne narz\u0105dy.<\/strong><\/p>\n<\/div>\n<\/div>\n<\/div>\n","protected":false},"excerpt":{"rendered":"","protected":false},"author":5,"featured_media":0,"parent":4061,"menu_order":383,"comment_status":"closed","ping_status":"closed","template":"template-service-detail-with-sidebar.php","meta":{"footnotes":""},"class_list":["post-4070","page","type-page","status-publish","hentry"],"acf":[],"aioseo_notices":[],"_links":{"self":[{"href":"https:\/\/www.ptc.cz\/pl\/wp-json\/wp\/v2\/pages\/4070","targetHints":{"allow":["GET"]}}],"collection":[{"href":"https:\/\/www.ptc.cz\/pl\/wp-json\/wp\/v2\/pages"}],"about":[{"href":"https:\/\/www.ptc.cz\/pl\/wp-json\/wp\/v2\/types\/page"}],"author":[{"embeddable":true,"href":"https:\/\/www.ptc.cz\/pl\/wp-json\/wp\/v2\/users\/5"}],"replies":[{"embeddable":true,"href":"https:\/\/www.ptc.cz\/pl\/wp-json\/wp\/v2\/comments?post=4070"}],"version-history":[{"count":2,"href":"https:\/\/www.ptc.cz\/pl\/wp-json\/wp\/v2\/pages\/4070\/revisions"}],"predecessor-version":[{"id":4458,"href":"https:\/\/www.ptc.cz\/pl\/wp-json\/wp\/v2\/pages\/4070\/revisions\/4458"}],"up":[{"embeddable":true,"href":"https:\/\/www.ptc.cz\/pl\/wp-json\/wp\/v2\/pages\/4061"}],"wp:attachment":[{"href":"https:\/\/www.ptc.cz\/pl\/wp-json\/wp\/v2\/media?parent=4070"}],"curies":[{"name":"wp","href":"https:\/\/api.w.org\/{rel}","templated":true}]}}