{"id":4090,"date":"2023-08-07T13:36:21","date_gmt":"2023-08-07T11:36:21","guid":{"rendered":"https:\/\/www.ptc.cz\/co-leczymy\/prsy\/proc-zvolit-protonovou-lecbu\/"},"modified":"2024-06-18T15:11:26","modified_gmt":"2024-06-18T13:11:26","slug":"dlaczego-wybrac-leczenie-protonowe","status":"publish","type":"page","link":"https:\/\/www.ptc.cz\/pl\/co-leczymy\/prsy\/dlaczego-wybrac-leczenie-protonowe\/","title":{"rendered":"Dlaczego wybra\u0107 leczenie protonowe"},"content":{"rendered":"<h3>KORZY\u015aCI TERAPII PROTONOWEJ W NAPROMIENIANIU PIERSI W POR\u00d3WNANIU Z&nbsp;RADIOTERAPI\u0104 KONWENCJONALN\u0104:<\/h3>\n<ul>\n<li>Prawie zerowa dawka na&nbsp;serce (w przypadku zaj\u0119cia lewej piersi).<\/li>\n<li>Znacznie ni\u017csza dawka na&nbsp;p\u0142uca.<\/li>\n<li>Znacznie ogranicza nara\u017cenie rdzenia kr\u0119gowego na&nbsp;promieniowanie.<\/li>\n<li>Bezpieczna opcja w przypadku wielokrotnego nara\u017cenia na&nbsp;promieniowanie.<\/li>\n<\/ul>\n<p><strong>Dzi\u0119ki do\u015bwiadczeniu naszych lekarzy, naszej technologii, doskona\u0142ym wynikom i&nbsp;profesjonalnemu podej\u015bciu pacjent ma maksymalne szanse na&nbsp;wyleczenie.<\/strong><\/p>\n<p>Opieraj\u0105c si\u0119 na&nbsp;og\u00f3lno\u015bwiatowym do\u015bwiadczeniu i&nbsp;d\u0142ugoterminowych wynikach u&nbsp;leczonych pacjent\u00f3w, zauwa\u017cy\u0107 mo\u017cna, \u017ce pacjenci po terapii protonowej maj\u0105 niepor\u00f3wnywalnie wy\u017csz\u0105 jako\u015b\u0107 \u017cycia ci, kt\u00f3rzy byli napromieniani standardow\u0105 technologi\u0105 fotonow\u0105.<\/p>\n<p>W radioterapii raka piersi, mo\u017ce wyst\u0105pi\u0107 niepo\u017c\u0105dane napromieniowanie serca, p\u0142uc i&nbsp;rdzenia kr\u0119gowego. Narz\u0105dy te s\u0105 bardzo wra\u017cliwe na&nbsp;promieniowanie, a&nbsp;ich uszkodzenie mo\u017ce mie\u0107 znacz\u0105ce skutki uboczne. Dzi\u0119ki wi\u0105zce proton\u00f3w i&nbsp;znacznemu zmniejszeniu niepo\u017c\u0105danej ekspozycji na&nbsp;promieniowanie zdrowych tkanek i&nbsp;narz\u0105d\u00f3w, mo\u017cemy znacznie zmniejszy\u0107 ryzyko zawa\u0142u serca i&nbsp;innych powik\u0142a\u0144 kardiologicznych lub rozwoju zw\u0142\u00f3knienia p\u0142uc.<\/p>\n<h5><span style=\"color: #ea879c;\">\u2e3a<\/span><\/h5>\n<h4>Schematyczny rysunek przedstawia rozmieszczenie dawki promieniowania w organizmie przy zastosowaniu terapii protonowej i&nbsp;fotonowej.<\/h4>\n<p>Mo\u017cna zauwa\u017cy\u0107, \u017ce wi\u0105zka proton\u00f3w napromieniowuje tylko tzw. obszar docelowy (obszar, w kt\u00f3rym zlokalizowany by\u0142 guz), tj. promieniowanie jest kierowane prawie wy\u0142\u0105cznie na&nbsp;tkank\u0119, kt\u00f3ra jest dotkni\u0119ta chorob\u0105. Z&nbsp;kolei promieniowanie fotonowe, ze wzgl\u0119du na&nbsp;swoje w\u0142a\u015bciwo\u015bci fizyczne, znacz\u0105co wp\u0142ywa r\u00f3wnie\u017c na&nbsp;otaczaj\u0105ce zdrowe struktury.<\/p>\n<div class=\"gdc_row\">\n<div class=\"gdc_column gdc_chalf\">\n<div class=\"gdc_inner\">\n<p><img loading=\"lazy\" decoding=\"async\" class=\"aligncenter size-full wp-image-4343\" src=\"https:\/\/www.ptc.cz\/wp-content\/uploads\/2024\/06\/PxF-_PRSY-_proton-_PL.jpg\" alt=\"\" width=\"768\" height=\"922\" srcset=\"https:\/\/www.ptc.cz\/wp-content\/uploads\/2024\/06\/PxF-_PRSY-_proton-_PL.jpg 768w, https:\/\/www.ptc.cz\/wp-content\/uploads\/2024\/06\/PxF-_PRSY-_proton-_PL-250x300.jpg 250w\" sizes=\"auto, (max-width: 768px) 100vw, 768px\" \/><\/p>\n<p>&nbsp;<\/p>\n<\/div>\n<\/div>\n<div class=\"gdc_column gdc_chalf\">\n<div class=\"gdc_inner\">\n<p><img loading=\"lazy\" decoding=\"async\" class=\"aligncenter size-full wp-image-4346\" src=\"https:\/\/www.ptc.cz\/wp-content\/uploads\/2024\/06\/PxF-_PRSY-_foton-_PL.jpg\" alt=\"\" width=\"768\" height=\"922\" srcset=\"https:\/\/www.ptc.cz\/wp-content\/uploads\/2024\/06\/PxF-_PRSY-_foton-_PL.jpg 768w, https:\/\/www.ptc.cz\/wp-content\/uploads\/2024\/06\/PxF-_PRSY-_foton-_PL-250x300.jpg 250w\" sizes=\"auto, (max-width: 768px) 100vw, 768px\" \/><\/p>\n<p>&nbsp;<\/p>\n<\/div>\n<\/div>\n<\/div>\n","protected":false},"excerpt":{"rendered":"<p>KORZY\u015aCI TERAPII PROTONOWEJ W NAPROMIENIANIU PIERSI W POR\u00d3WNANIU Z&nbsp;RADIOTERAPI\u0104 KONWENCJONALN\u0104: Prawie zerowa dawka na&nbsp;serce (w przypadku zaj\u0119cia lewej piersi). Znacznie ni\u017csza dawka na&nbsp;p\u0142uca. Znacznie ogranicza nara\u017cenie rdzenia kr\u0119gowego na&nbsp;promieniowanie. Bezpieczna opcja w przypadku wielokrotnego nara\u017cenia na&nbsp;promieniowanie. Dzi\u0119ki do\u015bwiadczeniu naszych lekarzy, naszej technologii, doskona\u0142ym wynikom i&nbsp;profesjonalnemu podej\u015bciu pacjent ma maksymalne szanse na&nbsp;wyleczenie. Opieraj\u0105c si\u0119 na&nbsp;og\u00f3lno\u015bwiatowym do\u015bwiadczeniu&#8230;<\/p>\n","protected":false},"author":1,"featured_media":3838,"parent":4085,"menu_order":402,"comment_status":"closed","ping_status":"closed","template":"template-service-detail-with-sidebar.php","meta":{"footnotes":""},"class_list":["post-4090","page","type-page","status-publish","has-post-thumbnail","hentry"],"acf":[],"aioseo_notices":[],"_links":{"self":[{"href":"https:\/\/www.ptc.cz\/pl\/wp-json\/wp\/v2\/pages\/4090","targetHints":{"allow":["GET"]}}],"collection":[{"href":"https:\/\/www.ptc.cz\/pl\/wp-json\/wp\/v2\/pages"}],"about":[{"href":"https:\/\/www.ptc.cz\/pl\/wp-json\/wp\/v2\/types\/page"}],"author":[{"embeddable":true,"href":"https:\/\/www.ptc.cz\/pl\/wp-json\/wp\/v2\/users\/1"}],"replies":[{"embeddable":true,"href":"https:\/\/www.ptc.cz\/pl\/wp-json\/wp\/v2\/comments?post=4090"}],"version-history":[{"count":3,"href":"https:\/\/www.ptc.cz\/pl\/wp-json\/wp\/v2\/pages\/4090\/revisions"}],"predecessor-version":[{"id":4349,"href":"https:\/\/www.ptc.cz\/pl\/wp-json\/wp\/v2\/pages\/4090\/revisions\/4349"}],"up":[{"embeddable":true,"href":"https:\/\/www.ptc.cz\/pl\/wp-json\/wp\/v2\/pages\/4085"}],"wp:featuredmedia":[{"embeddable":true,"href":"https:\/\/www.ptc.cz\/pl\/wp-json\/wp\/v2\/media\/3838"}],"wp:attachment":[{"href":"https:\/\/www.ptc.cz\/pl\/wp-json\/wp\/v2\/media?parent=4090"}],"curies":[{"name":"wp","href":"https:\/\/api.w.org\/{rel}","templated":true}]}}