{"id":4094,"date":"2024-01-15T17:21:19","date_gmt":"2024-01-15T16:21:19","guid":{"rendered":"https:\/\/www.ptc.cz\/co-leczymy\/prsy\/proc-zvolit-protonovou-lecbu\/mate-dostatek-informaci\/"},"modified":"2024-07-16T16:21:12","modified_gmt":"2024-07-16T14:21:12","slug":"czy-masz-wystarczajaco-informacji","status":"publish","type":"page","link":"https:\/\/www.ptc.cz\/pl\/co-leczymy\/prsy\/dlaczego-wybrac-leczenie-protonowe\/czy-masz-wystarczajaco-informacji\/","title":{"rendered":"Czy masz wystarczaj\u0105co informacji?"},"content":{"rendered":"<p>Wyczu\u0142a\u015b guzek w piersi i&nbsp;nie wiesz, do kogo si\u0119 z&nbsp;tym zwr\u00f3ci\u0107?<\/p>\n<p>Zdiagnozowano u&nbsp;Ciebie raka piersi i&nbsp;nie wiesz, co robi\u0107?<\/p>\n<p>Zdiagnozowano u&nbsp;Ciebie raka piersi i&nbsp;cz\u0119\u015bci\u0105 Twojego leczenia b\u0119dzie radioterapia?<\/p>\n<p>&nbsp;<\/p>\n<p>Aby wybra\u0107 najbardziej optymalne leczenie, bardzo wa\u017cne jest, aby otrzyma\u0107 pe\u0142ne i&nbsp;zrozumia\u0142e informacje. Zainteresuj si\u0119 nie tylko najnowszymi metodami leczenia, ale tak\u017ce skutkami ubocznymi zwi\u0105zanymi z&nbsp;leczeniem. Mog\u0105 one bowiem w istotny spos\u00f3b wp\u0142yn\u0105\u0107 na&nbsp;jako\u015b\u0107 Twojego \u017cycia w trakcie leczenia i&nbsp;po jego zako\u0144czeniu. Je\u015bli zalecono Ci radioterapi\u0119, zapytaj o&nbsp;wszystkie metody leczenia dost\u0119pne w Republice Czeskiej.<\/p>\n<p>Skontaktuj si\u0119 z&nbsp;naszymi koordynatorami ds. leczenia. Ch\u0119tnie odpowiedz\u0105 na&nbsp;wszystkie pytania i&nbsp;ustal\u0105 termin <strong>bezp\u0142atnej i&nbsp;niewi\u0105\u017c\u0105cej konsultacji<\/strong>.<\/p>\n<p><strong>Wizyt\u0119 mo\u017cesz um\u00f3wi\u0107 pod&nbsp;numerem telefonu: +420&nbsp;222&nbsp;999&nbsp;000. TY musisz zrobi\u0107 tylko jedno: przyj\u015b\u0107 do NAS w por\u0119. MY jeste\u015bmy od tego, by Ci pom\u00f3c.<\/strong><\/p>\n<p style=\"text-align: left;\"><a  target=\"\"  class=\"button\" href=\"\/pl\/kontakt\/\">Skontaktuj si\u0119 z nami<\/a><\/p>\n","protected":false},"excerpt":{"rendered":"<p>Wyczu\u0142a\u015b guzek w piersi i&nbsp;nie wiesz, do kogo si\u0119 z&nbsp;tym zwr\u00f3ci\u0107? Zdiagnozowano u&nbsp;Ciebie raka piersi i&nbsp;nie wiesz, co robi\u0107? Zdiagnozowano u&nbsp;Ciebie raka piersi i&nbsp;cz\u0119\u015bci\u0105 Twojego leczenia b\u0119dzie radioterapia? &nbsp; Aby wybra\u0107 najbardziej optymalne leczenie, bardzo wa\u017cne jest, aby otrzyma\u0107 pe\u0142ne i&nbsp;zrozumia\u0142e informacje. Zainteresuj si\u0119 nie tylko najnowszymi metodami leczenia, ale tak\u017ce skutkami ubocznymi zwi\u0105zanymi z&nbsp;leczeniem&#8230;.<\/p>\n","protected":false},"author":5,"featured_media":0,"parent":4090,"menu_order":412,"comment_status":"closed","ping_status":"closed","template":"template-service-detail-with-sidebar.php","meta":{"footnotes":""},"class_list":["post-4094","page","type-page","status-publish","hentry"],"acf":[],"aioseo_notices":[],"_links":{"self":[{"href":"https:\/\/www.ptc.cz\/pl\/wp-json\/wp\/v2\/pages\/4094","targetHints":{"allow":["GET"]}}],"collection":[{"href":"https:\/\/www.ptc.cz\/pl\/wp-json\/wp\/v2\/pages"}],"about":[{"href":"https:\/\/www.ptc.cz\/pl\/wp-json\/wp\/v2\/types\/page"}],"author":[{"embeddable":true,"href":"https:\/\/www.ptc.cz\/pl\/wp-json\/wp\/v2\/users\/5"}],"replies":[{"embeddable":true,"href":"https:\/\/www.ptc.cz\/pl\/wp-json\/wp\/v2\/comments?post=4094"}],"version-history":[{"count":4,"href":"https:\/\/www.ptc.cz\/pl\/wp-json\/wp\/v2\/pages\/4094\/revisions"}],"predecessor-version":[{"id":6895,"href":"https:\/\/www.ptc.cz\/pl\/wp-json\/wp\/v2\/pages\/4094\/revisions\/6895"}],"up":[{"embeddable":true,"href":"https:\/\/www.ptc.cz\/pl\/wp-json\/wp\/v2\/pages\/4090"}],"wp:attachment":[{"href":"https:\/\/www.ptc.cz\/pl\/wp-json\/wp\/v2\/media?parent=4094"}],"curies":[{"name":"wp","href":"https:\/\/api.w.org\/{rel}","templated":true}]}}