{"id":4096,"date":"2024-01-15T05:44:11","date_gmt":"2024-01-15T04:44:11","guid":{"rendered":"https:\/\/www.ptc.cz\/co-leczymy\/prsy\/proc-zvolit-protonovou-lecbu\/vyhody-protonoveho-ozarovani-u-karcinomu-prsu\/"},"modified":"2024-06-18T15:17:03","modified_gmt":"2024-06-18T13:17:03","slug":"zalety-napromieniania-protonowego-przy-raku-piersi","status":"publish","type":"page","link":"https:\/\/www.ptc.cz\/pl\/co-leczymy\/prsy\/dlaczego-wybrac-leczenie-protonowe\/zalety-napromieniania-protonowego-przy-raku-piersi\/","title":{"rendered":"Zalety napromieniania protonowego przy raku piersi"},"content":{"rendered":"<h3>Czy wiesz, \u017ce korzy\u015bci wynikaj\u0105ce z&nbsp;napromieniania protonami opieraj\u0105 si\u0119 na&nbsp;prawach fizyki i&nbsp;w\u0142a\u015bciwo\u015bciach proton\u00f3w?<\/h3>\n<p>Mo\u017cemy zatrzyma\u0107 protony dok\u0142adnie tam, gdzie ich potrzebujemy, na&nbsp;tak zwanym obszarze docelowym. W Twoim przypadku jest to pier\u015b, \u015bciana klatki piersiowej i&nbsp;okoliczne w\u0119z\u0142y ch\u0142onne. Zdrowe tkanki wok\u00f3\u0142 piersi, zw\u0142aszcza serce i&nbsp;lewe p\u0142uco, s\u0105 minimalnie lub wcale dotkni\u0119te promieniowaniem.<\/p>\n<h4>Terapia protonowa raka piersi potrafi:<\/h4>\n<ul>\n<li><strong>zminimalizowa\u0107 ryzyko niekorzystnego wp\u0142ywu na&nbsp;serce, p\u0142uca i&nbsp;rdze\u0144 kr\u0119gowy,<\/strong><\/li>\n<li><strong>zapewni\u0107 precyzyjne pokrycie napromienianego obszaru,<\/strong><\/li>\n<li><strong>zmniejszy\u0107 ryzyko nowotwor\u00f3w wt\u00f3rnych,<\/strong><\/li>\n<li><strong>zmniejszy\u0107 ryzyko powik\u0142a\u0144 po leczeniu,<\/strong><\/li>\n<li><strong>zaoferowa\u0107 \u0142agodne, skuteczne i&nbsp;bezbolesne leczenie.<\/strong><\/li>\n<\/ul>\n","protected":false},"excerpt":{"rendered":"<p>Czy wiesz, \u017ce korzy\u015bci wynikaj\u0105ce z&nbsp;napromieniania protonami opieraj\u0105 si\u0119 na&nbsp;prawach fizyki i&nbsp;w\u0142a\u015bciwo\u015bciach proton\u00f3w? Mo\u017cemy zatrzyma\u0107 protony dok\u0142adnie tam, gdzie ich potrzebujemy, na&nbsp;tak zwanym obszarze docelowym. W Twoim przypadku jest to pier\u015b, \u015bciana klatki piersiowej i&nbsp;okoliczne w\u0119z\u0142y ch\u0142onne. Zdrowe tkanki wok\u00f3\u0142 piersi, zw\u0142aszcza serce i&nbsp;lewe p\u0142uco, s\u0105 minimalnie lub wcale dotkni\u0119te promieniowaniem. Terapia protonowa raka piersi&#8230;<\/p>\n","protected":false},"author":5,"featured_media":0,"parent":4090,"menu_order":417,"comment_status":"closed","ping_status":"closed","template":"template-service-detail-with-sidebar.php","meta":{"footnotes":""},"class_list":["post-4096","page","type-page","status-publish","hentry"],"acf":[],"aioseo_notices":[],"_links":{"self":[{"href":"https:\/\/www.ptc.cz\/pl\/wp-json\/wp\/v2\/pages\/4096","targetHints":{"allow":["GET"]}}],"collection":[{"href":"https:\/\/www.ptc.cz\/pl\/wp-json\/wp\/v2\/pages"}],"about":[{"href":"https:\/\/www.ptc.cz\/pl\/wp-json\/wp\/v2\/types\/page"}],"author":[{"embeddable":true,"href":"https:\/\/www.ptc.cz\/pl\/wp-json\/wp\/v2\/users\/5"}],"replies":[{"embeddable":true,"href":"https:\/\/www.ptc.cz\/pl\/wp-json\/wp\/v2\/comments?post=4096"}],"version-history":[{"count":2,"href":"https:\/\/www.ptc.cz\/pl\/wp-json\/wp\/v2\/pages\/4096\/revisions"}],"predecessor-version":[{"id":4353,"href":"https:\/\/www.ptc.cz\/pl\/wp-json\/wp\/v2\/pages\/4096\/revisions\/4353"}],"up":[{"embeddable":true,"href":"https:\/\/www.ptc.cz\/pl\/wp-json\/wp\/v2\/pages\/4090"}],"wp:attachment":[{"href":"https:\/\/www.ptc.cz\/pl\/wp-json\/wp\/v2\/media?parent=4096"}],"curies":[{"name":"wp","href":"https:\/\/api.w.org\/{rel}","templated":true}]}}