{"id":4097,"date":"2023-08-07T13:37:30","date_gmt":"2023-08-07T11:37:30","guid":{"rendered":"https:\/\/www.ptc.cz\/co-leczymy\/prsy\/jak-poznat-rakovinu-prsu\/"},"modified":"2024-08-02T15:15:34","modified_gmt":"2024-08-02T13:15:34","slug":"rak-piersi","status":"publish","type":"page","link":"https:\/\/www.ptc.cz\/pl\/co-leczymy\/prsy\/rak-piersi\/","title":{"rendered":"Rak piersi"},"content":{"rendered":"<p><strong><\/p>\n<div class=\"gdc_row\">\n<div class=\"gdc_column gdc_chalf\">\n<div class=\"gdc_inner\"><\/strong><\/p>\n<p id=\"karcinom\"><strong>Rak piersi jest najcz\u0119\u015bciej wyst\u0119puj\u0105cym nowotworem u&nbsp;kobiet i&nbsp;drug\u0105 najcz\u0119stsz\u0105 przyczyn\u0105 zgon\u00f3w na&nbsp;choroby nowotworowe<\/strong>. Ka\u017cdego roku w Republice Czeskiej diagnozuje si\u0119 ponad 7&nbsp;000 nowych przypadk\u00f3w. Oko\u0142o 75% kobiet w momencie postawienia diagnozy jest w pierwszym lub drugim stadium z&nbsp;dobrymi rokowaniami d\u0142ugiego prze\u017cycia.<\/p>\n<p><img loading=\"lazy\" decoding=\"async\" class=\"alignnone wp-image-7227 size-full\" src=\"https:\/\/www.ptc.cz\/wp-content\/uploads\/2024\/08\/PRSY-GRAF-1200x800-_PL.jpg\" alt=\"\" width=\"1200\" height=\"800\" srcset=\"https:\/\/www.ptc.cz\/wp-content\/uploads\/2024\/08\/PRSY-GRAF-1200x800-_PL.jpg 1200w, https:\/\/www.ptc.cz\/wp-content\/uploads\/2024\/08\/PRSY-GRAF-1200x800-_PL-300x200.jpg 300w, https:\/\/www.ptc.cz\/wp-content\/uploads\/2024\/08\/PRSY-GRAF-1200x800-_PL-768x512.jpg 768w\" sizes=\"auto, (max-width: 1200px) 100vw, 1200px\" \/><\/p>\n<p>&nbsp;<\/p>\n<p><strong><\/div>\n<\/div>\n<div class=\"gdc_column gdc_chalf\">\n<div class=\"gdc_inner\"><\/strong><\/p>\n<p>Je\u017celi chorob\u0119 uda si\u0119 wykry\u0107 we wczesnym stadium, leczenie jest zwykle bardziej skuteczne, wyst\u0119puje mniej powik\u0142a\u0144, a&nbsp;ryzyko skutk\u00f3w niepo\u017c\u0105danych jest ni\u017csze. Rak piersi wyst\u0119puje nie tylko u&nbsp;kobiet, choruj\u0105 na&nbsp;niego r\u00f3wnie\u017c m\u0119\u017cczy\u017ani. Wczesna diagnoza i&nbsp;nowe technologie <strong>zwi\u0119kszaj\u0105 szanse na&nbsp;skuteczne leczenie.<\/strong><\/p>\n<p>Kompleksowe leczenie raka piersi wymaga wsp\u00f3\u0142pracy wielu specjalist\u00f3w z&nbsp;r\u00f3\u017cnych specjalizacji. W leczeniu raka piersi stosuje si\u0119 chirurgi\u0119, chemioterapi\u0119, terapi\u0119 hormonaln\u0105 i&nbsp;biologiczn\u0105 oraz radioterapi\u0119.<\/p>\n<p>Radioterapia zajmuje wa\u017cne miejsce w kompleksowym leczeniu raka piersi. <strong>Centrum Terapii Protonowej w Pradze jako pierwsze na&nbsp;\u015bwiecie opracowa\u0142o wyj\u0105tkowe, innowacyjne metody leczenia raka piersi, minimalizuj\u0105ce niepo\u017c\u0105dane napromieniowanie serca i&nbsp;t\u0119tnic wie\u0144cowych, p\u0142uc oraz drugiej piersi.<\/strong><\/p>\n<\/div>\n<\/div>\n<\/div>\n","protected":false},"excerpt":{"rendered":"","protected":false},"author":1,"featured_media":3911,"parent":4085,"menu_order":424,"comment_status":"closed","ping_status":"closed","template":"template-service-detail-with-sidebar.php","meta":{"footnotes":""},"class_list":["post-4097","page","type-page","status-publish","has-post-thumbnail","hentry"],"acf":[],"aioseo_notices":[],"_links":{"self":[{"href":"https:\/\/www.ptc.cz\/pl\/wp-json\/wp\/v2\/pages\/4097","targetHints":{"allow":["GET"]}}],"collection":[{"href":"https:\/\/www.ptc.cz\/pl\/wp-json\/wp\/v2\/pages"}],"about":[{"href":"https:\/\/www.ptc.cz\/pl\/wp-json\/wp\/v2\/types\/page"}],"author":[{"embeddable":true,"href":"https:\/\/www.ptc.cz\/pl\/wp-json\/wp\/v2\/users\/1"}],"replies":[{"embeddable":true,"href":"https:\/\/www.ptc.cz\/pl\/wp-json\/wp\/v2\/comments?post=4097"}],"version-history":[{"count":7,"href":"https:\/\/www.ptc.cz\/pl\/wp-json\/wp\/v2\/pages\/4097\/revisions"}],"predecessor-version":[{"id":7238,"href":"https:\/\/www.ptc.cz\/pl\/wp-json\/wp\/v2\/pages\/4097\/revisions\/7238"}],"up":[{"embeddable":true,"href":"https:\/\/www.ptc.cz\/pl\/wp-json\/wp\/v2\/pages\/4085"}],"wp:featuredmedia":[{"embeddable":true,"href":"https:\/\/www.ptc.cz\/pl\/wp-json\/wp\/v2\/media\/3911"}],"wp:attachment":[{"href":"https:\/\/www.ptc.cz\/pl\/wp-json\/wp\/v2\/media?parent=4097"}],"curies":[{"name":"wp","href":"https:\/\/api.w.org\/{rel}","templated":true}]}}