{"id":4141,"date":"2023-06-12T11:53:41","date_gmt":"2023-06-12T09:53:41","guid":{"rendered":"https:\/\/www.ptc.cz\/co-leczymy\/prostata\/jak-vybrat-nejvhodnejsi-lecbu\/"},"modified":"2024-08-02T14:23:18","modified_gmt":"2024-08-02T12:23:18","slug":"nie-wiesz-jak-sie-zdecydowac","status":"publish","type":"page","link":"https:\/\/www.ptc.cz\/pl\/co-leczymy\/prostata\/nie-wiesz-jak-sie-zdecydowac\/","title":{"rendered":"Nie wiesz, jak si\u0119 zdecydowa\u0107?"},"content":{"rendered":"<h4><strong>Pokud v\u00e1\u0161 l\u00e9ka\u0159 zjistil, \u017ee m\u00e1te rakovinu prostaty, pe\u010dliv\u011b p\u0159em\u00fd\u0161lejte o&nbsp;mo\u017enostech, kter\u00e9 m\u00e1te.\u00a0Nen\u00ed pravda, \u017ee se mus\u00edte rozhodnout ihned.<\/strong><\/h4>\n<p>Va\u0161e celkov\u00e9 \u0161ance na&nbsp;vyl\u00e9\u010den\u00ed v&nbsp;prvn\u00ed \u0159ad\u011b z\u00e1vis\u00ed na&nbsp;tom, v&nbsp;jak\u00e9m stadiu v\u00e1m bylo zji\u0161t\u011bno onemocn\u011bn\u00ed karcinomu prostaty.\u00a0Nesm\u00edte zapomenout, \u017ee va\u0161e rozhodnut\u00ed o&nbsp;typu l\u00e9\u010dby, kterou podstoup\u00edte, podstatn\u011b ovlivn\u00ed v\u00e1\u0161 dal\u0161\u00ed \u017eivot.<\/p>\n<p>Na\u0161i l\u00e9ka\u0159i jsou p\u0159ipraveni v\u00e1m zodpov\u011bd\u011bt jak\u00fdkoliv\u00a0<strong>dotaz spojen\u00fd s&nbsp;PROTONOVOU L\u00c9\u010cBOU i&nbsp;jej\u00edmi alternativami<\/strong>, proto n\u00e1s nev\u00e1hejte ihned kontaktovat.<\/p>\n<p>Sou\u010d\u00e1st\u00ed Protonov\u00e9ho centra je i&nbsp;Odd\u011blen\u00ed radiodiagnostiky a&nbsp;nukle\u00e1rn\u00ed medic\u00edny, kde v\u00e1m m\u016f\u017eeme ochotn\u011b zajistit term\u00edn na&nbsp;vy\u0161et\u0159en\u00ed MR nebo PET\/CT.<\/p>\n<h3>Objednejte se na&nbsp;telefonn\u00edm \u010d\u00edsle +420&nbsp;222&nbsp;999&nbsp;000. Jedin\u00e9 co mus\u00edte ud\u011blat VY, je p\u0159ij\u00edt k\u00a0N\u00c1M v\u010das. MY jsme p\u0159ipraveni v\u00e1m pomoci.<\/h3>\n<h2>Zn\u00e1te odpov\u011bdi na&nbsp;ot\u00e1zky?<\/h2>\n<ul>\n<li><em><strong>Jak\u00fd typ rakoviny m\u00e1m? Jak moc je n\u00e1dor agresivn\u00ed, v&nbsp;jak\u00e9m stadiu se na&nbsp;n\u011bj p\u0159i\u0161lo?<\/strong><\/em><\/li>\n<li><em><strong>Jakou l\u00e9\u010dbu mi doporu\u010dil m\u016fj o\u0161et\u0159uj\u00edc\u00ed l\u00e9ka\u0159?<\/strong><\/em><\/li>\n<li><em><strong>Informoval m\u011b i&nbsp;o&nbsp;mo\u017enosti protonov\u00e9 l\u00e9\u010dby? Co mi o&nbsp;n\u00ed sd\u011blil?<\/strong><\/em><\/li>\n<li><em><strong>V p\u0159\u00edpad\u011b, \u017ee m\u00e1m onemocn\u011bn\u00ed v&nbsp;po\u010d\u00e1te\u010dn\u00edm stadiu, informoval m\u011b m\u016fj o\u0161et\u0159uj\u00edc\u00ed l\u00e9ka\u0159 o&nbsp;mo\u017enosti aktivn\u00edho sledov\u00e1n\u00ed onemocn\u011bn\u00ed?<\/strong>\u00a0<\/em><\/li>\n<li><em><strong>Sd\u011blil mi, jak\u00e9 jsou komplikace a&nbsp;rizika p\u0159i operaci nebo standardn\u00edch metod\u00e1ch oza\u0159ov\u00e1n\u00ed?<\/strong><\/em><\/li>\n<li><em><strong>Sd\u011blil mi m\u016fj o\u0161et\u0159uj\u00edc\u00ed l\u00e9ka\u0159, \u017ee v&nbsp;p\u0159\u00edpad\u011b operace karcinomu prostaty m\u016f\u017ee b\u00fdt riziko vzniku inkontinence a\u017e 15&nbsp;%?\u00a0<\/strong><\/em><\/li>\n<li><em><strong>Sd\u011blil mi m\u016fj o\u0161et\u0159uj\u00edc\u00ed l\u00e9ka\u0159, \u017ee v&nbsp;p\u0159\u00edpad\u011b operace karcinomu prostaty m\u00e1 poruchu erekce 70 &#8211; 100&nbsp;% mu\u017e\u016f? <\/strong><\/em><\/li>\n<li><em><strong>V\u00edm, pro\u010d m\u016f\u017ee protonov\u00e1 l\u00e9\u010dba zni\u010dit s&nbsp;p\u0159esnost\u00ed milimetru n\u00e1dor a&nbsp;chr\u00e1nit moje zdrav\u00e9 org\u00e1ny?<\/strong><\/em><\/li>\n<li><em><strong>Pro\u010d protonov\u00e1 l\u00e9\u010dba v&nbsp;porovn\u00e1n\u00ed s&nbsp;ostatn\u00edmi l\u00e9\u010debn\u00fdmi metodami dosahuje nejlep\u0161\u00edch v\u00fdsledk\u016f?<\/strong><\/em><\/li>\n<\/ul>\n<p>&nbsp;<\/p>\n<p><strong>P\u0159em\u00fd\u0161lejte o&nbsp;mo\u017enostech, kter\u00e9 m\u00e1te. Nemus\u00edte se rozhodnout ihned. Zvolen\u00e1 l\u00e9\u010dba m\u00e1 z\u00e1sadn\u00ed vliv na&nbsp;kvalitu \u017eivota nejen p\u0159i l\u00e9\u010db\u011b, ale i\u00a0po n\u00ed.\u00a0<\/strong>Ne\u017e\u00e1douc\u00ed \u00fa\u010dinky se pro r\u016fzn\u00e9 zp\u016fsoby l\u00e9\u010dby rakoviny prostaty mohou zna\u010dn\u011b li\u0161it.<\/p>\n<p style=\"text-align: center;\"><a  target=\"\"  class=\"button\" href=\"\/kontakt\/\">Kontaktujte n\u00e1s<\/a><\/p>\n","protected":false},"excerpt":{"rendered":"<p>Pokud v\u00e1\u0161 l\u00e9ka\u0159 zjistil, \u017ee m\u00e1te rakovinu prostaty, pe\u010dliv\u011b p\u0159em\u00fd\u0161lejte o&nbsp;mo\u017enostech, kter\u00e9 m\u00e1te.\u00a0Nen\u00ed pravda, \u017ee se mus\u00edte rozhodnout ihned. Va\u0161e celkov\u00e9 \u0161ance na&nbsp;vyl\u00e9\u010den\u00ed v&nbsp;prvn\u00ed \u0159ad\u011b z\u00e1vis\u00ed na&nbsp;tom, v&nbsp;jak\u00e9m stadiu v\u00e1m bylo zji\u0161t\u011bno onemocn\u011bn\u00ed karcinomu prostaty.\u00a0Nesm\u00edte zapomenout, \u017ee va\u0161e rozhodnut\u00ed o&nbsp;typu l\u00e9\u010dby, kterou podstoup\u00edte, podstatn\u011b ovlivn\u00ed v\u00e1\u0161 dal\u0161\u00ed \u017eivot. Na\u0161i l\u00e9ka\u0159i jsou p\u0159ipraveni v\u00e1m zodpov\u011bd\u011bt jak\u00fdkoliv\u00a0dotaz&#8230;<\/p>\n","protected":false},"author":1,"featured_media":4142,"parent":4133,"menu_order":448,"comment_status":"closed","ping_status":"closed","template":"template-service-detail-with-anchor-sidebar.php","meta":{"footnotes":""},"class_list":["post-4141","page","type-page","status-publish","has-post-thumbnail","hentry"],"acf":[],"aioseo_notices":[],"_links":{"self":[{"href":"https:\/\/www.ptc.cz\/pl\/wp-json\/wp\/v2\/pages\/4141","targetHints":{"allow":["GET"]}}],"collection":[{"href":"https:\/\/www.ptc.cz\/pl\/wp-json\/wp\/v2\/pages"}],"about":[{"href":"https:\/\/www.ptc.cz\/pl\/wp-json\/wp\/v2\/types\/page"}],"author":[{"embeddable":true,"href":"https:\/\/www.ptc.cz\/pl\/wp-json\/wp\/v2\/users\/1"}],"replies":[{"embeddable":true,"href":"https:\/\/www.ptc.cz\/pl\/wp-json\/wp\/v2\/comments?post=4141"}],"version-history":[{"count":6,"href":"https:\/\/www.ptc.cz\/pl\/wp-json\/wp\/v2\/pages\/4141\/revisions"}],"predecessor-version":[{"id":7207,"href":"https:\/\/www.ptc.cz\/pl\/wp-json\/wp\/v2\/pages\/4141\/revisions\/7207"}],"up":[{"embeddable":true,"href":"https:\/\/www.ptc.cz\/pl\/wp-json\/wp\/v2\/pages\/4133"}],"wp:featuredmedia":[{"embeddable":true,"href":"https:\/\/www.ptc.cz\/pl\/wp-json\/wp\/v2\/media\/4142"}],"wp:attachment":[{"href":"https:\/\/www.ptc.cz\/pl\/wp-json\/wp\/v2\/media?parent=4141"}],"curies":[{"name":"wp","href":"https:\/\/api.w.org\/{rel}","templated":true}]}}