{"id":4149,"date":"2023-09-14T15:53:52","date_gmt":"2023-09-14T13:53:52","guid":{"rendered":"https:\/\/www.ptc.cz\/co-leczymy\/prostata\/jak-poznat-rakovinu-prostaty\/priznaky-rakoviny-prostaty\/"},"modified":"2024-07-16T16:24:57","modified_gmt":"2024-07-16T14:24:57","slug":"objawy-raka-prostaty","status":"publish","type":"page","link":"https:\/\/www.ptc.cz\/pl\/co-leczymy\/prostata\/rak-prostaty\/objawy-raka-prostaty\/","title":{"rendered":"Objawy raka prostaty"},"content":{"rendered":"<div class=\"gdc_row\">\n<div class=\"gdc_column gdc_chalf\">\n<div class=\"gdc_inner\">\n<p>Najwi\u0119kszym zagro\u017ceniem zwi\u0105zanym z&nbsp;rakiem prostaty jest to, \u017ce we wczesnych stadiach choroby pacjent nie wykazuje \u017cadnych objaw\u00f3w. Cz\u0119sto nowotw\u00f3r jest wykrywany dopiero z&nbsp;powodu odleg\u0142ych przerzut\u00f3w.<\/p>\n<p>Profilaktyka odgrywa zatem kluczow\u0105 rol\u0119 w leczeniu raka prostaty.<\/p>\n<p>W p\u00f3\u017aniejszych stadiach choroby m\u0119\u017cczyzna dotkni\u0119ty rakiem prostaty mo\u017ce do\u015bwiadcza\u0107 szeregu objaw\u00f3w, z&nbsp;kt\u00f3rych wiele mo\u017ce wskazywa\u0107 na&nbsp;inne choroby. Objawy te obejmuj\u0105 potrzeb\u0119 cz\u0119stego oddawania moczu (szczeg\u00f3lnie w nocy), trudno\u015bci z&nbsp;oddawaniem moczu, krew w moczu lub nasieniu, trudno\u015bci z&nbsp;uzyskaniem erekcji, b\u00f3l podczas wytrysku oraz cz\u0119sty b\u00f3l lub sztywno\u015b\u0107 w biodrach, udach lub g\u00f3rnej cz\u0119\u015bci ud.<\/p>\n<p>Je\u015bli do\u015bwiadczasz co najmniej jednego z&nbsp;tych problem\u00f3w, mo\u017ce to nie by\u0107 rak prostaty, ale powiniene\u015b skontaktowa\u0107 si\u0119 bezpo\u015brednio z&nbsp;lekarzem rodzinnym lub urologiem:<\/p>\n<ul>\n<li>Trudno\u015bci w oddawaniu moczu.<\/li>\n<li>Trudno\u015bci z&nbsp;rozpocz\u0119ciem oddawania moczu, niemo\u017cno\u015b\u0107 zatrzymania oddawania moczu.<\/li>\n<li>Cz\u0119ste oddawanie moczu, szczeg\u00f3lnie w nocy.<\/li>\n<li>S\u0142aby i&nbsp;przerywany strumie\u0144 moczu.<\/li>\n<li>B\u00f3l, pieczenie podczas oddawania moczu.<\/li>\n<li>Krew w moczu lub nasieniu.<\/li>\n<li>Problemy z&nbsp;erekcj\u0105.<\/li>\n<li>B\u00f3l w miednicy, plecach.<\/li>\n<\/ul>\n<\/div>\n<\/div>\n<div class=\"gdc_column gdc_chalf\">\n<div class=\"gdc_inner\">\n<p>Najprostszym i&nbsp;najbardziej znacz\u0105cym klinicznie wska\u017anikiem raka prostaty jest swoisty antygen sterczowy (PSA) we krwi. Zwi\u0119kszone st\u0119\u017cenie PSA we krwi sugeruje, \u017ce przepuszczalno\u015b\u0107 \u015bcian prostaty wzros\u0142a w wyniku zmian patologicznych, na&nbsp;przyk\u0142ad w\u0142a\u015bnie guza, kt\u00f3ry zwykle mo\u017cna wykry\u0107 na&nbsp;wczesnym etapie dzi\u0119ki badaniom krwi.<\/p>\n<p>Rak prostaty najcz\u0119\u015bciej daje przerzuty przez w\u0119z\u0142y ch\u0142onne do ko\u015bci, p\u0142uc, w\u0105troby, uk\u0142adu nerwowego, nerek. W przypadku zaniedbania profilaktyki rak prostaty jest cz\u0119sto wykrywany dopiero na&nbsp;etapie przerzut\u00f3w, kt\u00f3re powoduj\u0105 b\u00f3l lub sztywno\u015b\u0107 plec\u00f3w, bioder, ko\u0144czyn. Nowotworowi towarzyszy r\u00f3wnie\u017c og\u00f3lne os\u0142abienie, brak apetytu i&nbsp;utrata masy cia\u0142a.<\/p>\n<p><img loading=\"lazy\" decoding=\"async\" class=\"alignnone wp-image-1883 size-thumbnail\" src=\"https:\/\/www.ptc.cz\/wp-content\/uploads\/2024\/01\/shutterstock_2005053044-s-800x650.jpg\" alt=\"\" width=\"800\" height=\"650\" \/><\/p>\n<\/div>\n<\/div>\n<\/div>\n<p>Najwi\u0119kszym zagro\u017ceniem zwi\u0105zanym z&nbsp;rakiem prostaty jest to, \u017ce we wczesnych stadiach choroby pacjent nie wykazuje \u017cadnych objaw\u00f3w. Cz\u0119sto nowotw\u00f3r jest wykrywany dopiero z&nbsp;powodu odleg\u0142ych przerzut\u00f3w.<\/p>\n<h3>Profilaktyka odgrywa zatem kluczow\u0105 rol\u0119 w leczeniu raka prostaty.<\/h3>\n<p>W p\u00f3\u017aniejszych stadiach choroby m\u0119\u017cczyzna dotkni\u0119ty rakiem prostaty mo\u017ce do\u015bwiadcza\u0107 szeregu objaw\u00f3w, z&nbsp;kt\u00f3rych wiele mo\u017ce wskazywa\u0107 na&nbsp;inne choroby. Objawy te obejmuj\u0105 potrzeb\u0119 cz\u0119stego oddawania moczu (szczeg\u00f3lnie w nocy), trudno\u015bci z&nbsp;oddawaniem moczu, krew w moczu lub nasieniu,<\/p>\n<p>trudno\u015bci z&nbsp;uzyskaniem erekcji, b\u00f3l podczas wytrysku oraz cz\u0119sty b\u00f3l lub sztywno\u015b\u0107 w biodrach, udach lub g\u00f3rnej cz\u0119\u015bci ud.<\/p>\n<p><strong>Je\u015bli do\u015bwiadczasz co najmniej jednego z&nbsp;tych problem\u00f3w, mo\u017ce to nie by\u0107 rak prostaty, ale powiniene\u015b skontaktowa\u0107 si\u0119 bezpo\u015brednio z&nbsp;lekarzem rodzinnym lub urologiem:<\/strong><\/p>\n<ul>\n<li>Trudno\u015bci w oddawaniu moczu.<\/li>\n<li>Trudno\u015bci z&nbsp;rozpocz\u0119ciem oddawania moczu, niemo\u017cno\u015b\u0107 zatrzymania oddawania moczu.<\/li>\n<li>Cz\u0119ste oddawanie moczu, szczeg\u00f3lnie w nocy.<\/li>\n<li>S\u0142aby i&nbsp;przerywany strumie\u0144 moczu.<\/li>\n<li>B\u00f3l, pieczenie podczas oddawania moczu.<\/li>\n<li>Krew w moczu lub nasieniu.<\/li>\n<li>Problemy z&nbsp;erekcj\u0105.<\/li>\n<li>B\u00f3l w miednicy, plecach.<\/li>\n<\/ul>\n<p>Najprostszym i&nbsp;najbardziej znacz\u0105cym klinicznie wska\u017anikiem raka prostaty jest swoisty antygen sterczowy (PSA) we krwi. Zwi\u0119kszone st\u0119\u017cenie PSA we krwi sugeruje, \u017ce przepuszczalno\u015b\u0107 \u015bcian prostaty wzros\u0142a w wyniku zmian patologicznych, na&nbsp;przyk\u0142ad w\u0142a\u015bnie guza, kt\u00f3ry zwykle mo\u017cna wykry\u0107 na&nbsp;wczesnym etapie dzi\u0119ki badaniom krwi.<\/p>\n<p>Rak prostaty najcz\u0119\u015bciej daje przerzuty przez w\u0119z\u0142y ch\u0142onne do ko\u015bci, p\u0142uc, w\u0105troby, uk\u0142adu nerwowego, nerek. W przypadku zaniedbania profilaktyki rak prostaty jest cz\u0119sto wykrywany dopiero na&nbsp;etapie przerzut\u00f3w, kt\u00f3re powoduj\u0105 b\u00f3l lub sztywno\u015b\u0107 plec\u00f3w, bioder, ko\u0144czyn. Nowotworowi towarzyszy r\u00f3wnie\u017c og\u00f3lne os\u0142abienie, brak apetytu i&nbsp;utrata masy cia\u0142a.<\/p>\n<p>&nbsp;<\/p>\n<p style=\"text-align: center;\"><a  target=\"\"  class=\"button\" href=\"\/pl\/kontakt\/\">Skontaktuj si\u0119 z nami<\/a><\/p>\n","protected":false},"excerpt":{"rendered":"<p>Najwi\u0119kszym zagro\u017ceniem zwi\u0105zanym z&nbsp;rakiem prostaty jest to, \u017ce we wczesnych stadiach choroby pacjent nie wykazuje \u017cadnych objaw\u00f3w. Cz\u0119sto nowotw\u00f3r jest wykrywany dopiero z&nbsp;powodu odleg\u0142ych przerzut\u00f3w. Profilaktyka odgrywa zatem kluczow\u0105 rol\u0119 w leczeniu raka prostaty. W p\u00f3\u017aniejszych stadiach choroby m\u0119\u017cczyzna dotkni\u0119ty rakiem prostaty mo\u017ce do\u015bwiadcza\u0107 szeregu objaw\u00f3w, z&nbsp;kt\u00f3rych wiele mo\u017ce wskazywa\u0107 na&nbsp;inne choroby. Objawy te obejmuj\u0105&#8230;<\/p>\n","protected":false},"author":9,"featured_media":4150,"parent":4147,"menu_order":469,"comment_status":"closed","ping_status":"closed","template":"template-service-detail-with-sidebar.php","meta":{"footnotes":""},"class_list":["post-4149","page","type-page","status-publish","has-post-thumbnail","hentry"],"acf":[],"aioseo_notices":[],"_links":{"self":[{"href":"https:\/\/www.ptc.cz\/pl\/wp-json\/wp\/v2\/pages\/4149","targetHints":{"allow":["GET"]}}],"collection":[{"href":"https:\/\/www.ptc.cz\/pl\/wp-json\/wp\/v2\/pages"}],"about":[{"href":"https:\/\/www.ptc.cz\/pl\/wp-json\/wp\/v2\/types\/page"}],"author":[{"embeddable":true,"href":"https:\/\/www.ptc.cz\/pl\/wp-json\/wp\/v2\/users\/9"}],"replies":[{"embeddable":true,"href":"https:\/\/www.ptc.cz\/pl\/wp-json\/wp\/v2\/comments?post=4149"}],"version-history":[{"count":4,"href":"https:\/\/www.ptc.cz\/pl\/wp-json\/wp\/v2\/pages\/4149\/revisions"}],"predecessor-version":[{"id":6899,"href":"https:\/\/www.ptc.cz\/pl\/wp-json\/wp\/v2\/pages\/4149\/revisions\/6899"}],"up":[{"embeddable":true,"href":"https:\/\/www.ptc.cz\/pl\/wp-json\/wp\/v2\/pages\/4147"}],"wp:featuredmedia":[{"embeddable":true,"href":"https:\/\/www.ptc.cz\/pl\/wp-json\/wp\/v2\/media\/4150"}],"wp:attachment":[{"href":"https:\/\/www.ptc.cz\/pl\/wp-json\/wp\/v2\/media?parent=4149"}],"curies":[{"name":"wp","href":"https:\/\/api.w.org\/{rel}","templated":true}]}}