{"id":4156,"date":"2024-01-04T11:32:33","date_gmt":"2024-01-04T10:32:33","guid":{"rendered":"https:\/\/www.ptc.cz\/co-leczymy\/prostata\/jak-poznat-rakovinu-prostaty\/vysledky-prazskeho-protonoveho-centra\/"},"modified":"2024-06-19T10:51:02","modified_gmt":"2024-06-19T08:51:02","slug":"wyniki-praskiego-centrum-protonowego","status":"publish","type":"page","link":"https:\/\/www.ptc.cz\/pl\/co-leczymy\/prostata\/rak-prostaty\/wyniki-praskiego-centrum-protonowego\/","title":{"rendered":"Wyniki praskiego Centrum Protonowego"},"content":{"rendered":"<div class=\"gdc_row\">\n<div class=\"gdc_column gdc_chalf\">\n<div class=\"gdc_inner\">\n<p><strong>D\u0142ugoterminowe wyniki leczenia raka prostaty w Centrum Terapii Protonowej w Pradze zosta\u0142y opublikowane w dw\u00f3ch presti\u017cowych czasopismach medycznych.<\/strong><\/p>\n<p>Ultrahipofrakcjonowana radioterapia protonowa w leczeniu raka prostaty \u015bredniego i&nbsp;niskiego ryzyka \u2013 wyniki 5 lat po zako\u0144czeniu leczenia.<\/p>\n<p><strong>Jeden z&nbsp;pierwszych artyku\u0142\u00f3w opartych na&nbsp;danych dotycz\u0105cych leczenia pacjent\u00f3w z&nbsp;PTC zosta\u0142 opublikowany w po\u0142owie lutego 2021 roku.<\/strong><\/p>\n<p>Badanie zosta\u0142o opublikowane przez International Journal of Radiation Oncology, Biology and Physics, presti\u017cowe mi\u0119dzynarodowe czasopismo po\u015bwi\u0119cone radioterapii onkologicznej, i&nbsp;obj\u0119\u0142o 8-letni\u0105 obserwacj\u0119 \u0142\u0105cznie 279 pacjent\u00f3w, kt\u00f3rzy byli leczeni z&nbsp;powodu raka prostaty za pomoc\u0105 radioterapii wi\u0105zk\u0105 proton\u00f3w metod\u0105 skanowania o\u0142\u00f3wkowego (\u015bredni czas leczenia wynosi\u0142 9 dni). Da\u0142o to interesuj\u0105ce wyniki. \u201ePokazuj\u0105 one, \u017ce 5 lat po leczeniu 97% pacjent\u00f3w z&nbsp;rakiem prostaty niskiego ryzyka jest wyleczonych i&nbsp;nie odnotowano u&nbsp;nich wzrostu PSA (czyli antygenu specyficznego). W przypadku pacjent\u00f3w z&nbsp;rakiem prostaty o&nbsp;ryzyku \u015brednim mo\u017cemy powiedzie\u0107, \u017ce 90% z&nbsp;nich zosta\u0142o wyleczonych\u201d \u2013 m\u00f3wi doc. MUDr. Ji\u0159\u00ed Kube\u0161, Ph.D. Ponadto \u017caden pacjent z&nbsp;monitorowanej grupy nie zmar\u0142 z&nbsp;powodu raka prostaty, a&nbsp;wszyscy pacjenci mieli minimalne skutki uboczne (toksyczno\u015b\u0107).<\/p>\n<p><img loading=\"lazy\" decoding=\"async\" class=\"alignnone wp-image-2270 size-medium\" src=\"https:\/\/www.ptc.cz\/wp-content\/uploads\/2024\/02\/134433_web-300x65.jpg\" alt=\"\" width=\"300\" height=\"65\" srcset=\"https:\/\/www.ptc.cz\/wp-content\/uploads\/2024\/02\/134433_web-300x65.jpg 300w, https:\/\/www.ptc.cz\/wp-content\/uploads\/2024\/02\/134433_web-1400x303.jpg 1400w, https:\/\/www.ptc.cz\/wp-content\/uploads\/2024\/02\/134433_web-768x166.jpg 768w, https:\/\/www.ptc.cz\/wp-content\/uploads\/2024\/02\/134433_web.jpg 1440w\" sizes=\"auto, (max-width: 300px) 100vw, 300px\" \/><\/p>\n<\/div>\n<\/div>\n<div class=\"gdc_column gdc_chalf\">\n<div class=\"gdc_inner\">\n<p>Po opublikowaniu tego badania zesp\u00f3\u0142 lekarzy z&nbsp;Centrum Terapii Protonowej kontynuowa\u0142 swoje wysi\u0142ki, wynikiem czego by\u0142a druga retrospektywna analiza, kt\u00f3rej g\u0142\u00f3wnym celem by\u0142o potwierdzenie wynik\u00f3w pierwszego badania.<\/p>\n<p>Pi\u0119cioletni\u0105 analiz\u0119 skuteczno\u015bci i&nbsp;toksyczno\u015bci ultrahipofrakcjonowanej radioterapii protonowej w leczeniu raka prostaty niskiego i&nbsp;po\u015bredniego ryzyka -\u2013 analiza retrospektywna<\/p>\n<p>opublikowano w 2023 r. w recenzowanym czasopi\u015bmie medycznym Cancers. \u201eJeszcze przed publikacj\u0105 naszego pierwszego artyku\u0142u brakowa\u0142o cennych danych z&nbsp;leczenia wi\u0119kszej grupy pacjent\u00f3w. Dlatego nasza druga analiza jest swego rodzaju rozszerzeniem wcze\u015bniej opublikowanych wynik\u00f3w opartych na&nbsp;obserwacjach mniejszej liczby pacjent\u00f3w. Tym razem naszym celem by\u0142o zweryfikowanie wynik\u00f3w terapii protonowej w przypadku raka prostaty w wystarczaj\u0105co du\u017cej grupie pacjent\u00f3w, kt\u00f3rzy zostali poddani terapii protonowej\u201d \u2013 wyja\u015bnia powody powstania drugiej analizy docent Kube\u0161.<\/p>\n<p>Podczas co najmniej 6-miesi\u0119cznej obserwacji po napromienianiu wyleczeni pacjenci przeszli badania kliniczne, pomiary PSA i&nbsp;ocen\u0119 mo\u017cliwych skutk\u00f3w ubocznych leczenia (tzw. toksyczno\u015bci). \u201eWyniki drugiego badania r\u00f3wnie\u017c potwierdzi\u0142y nam odsetek wylecze\u0144 wynosz\u0105cy prawie 97% u&nbsp;pacjent\u00f3w z&nbsp;chorob\u0105 niskiego ryzyka. Zaobserwowali\u015bmy biochemiczny nawr\u00f3t choroby tylko u&nbsp;58 pacjent\u00f3w, co stanowi 6,8% z&nbsp;853 obserwowanych pacjent\u00f3w. 94,1% pacjent\u00f3w w ca\u0142ej grupie obserwacyjnej by\u0142o wolnych od biochemicznego nawrotu choroby w ci\u0105gu 5-letniego okresu obserwacji \u2013 komentuje wyniki analizy potwierdzaj\u0105cej ordynator Kube\u0161.<\/p>\n<p><img loading=\"lazy\" decoding=\"async\" class=\"alignnone size-medium wp-image-2273\" src=\"https:\/\/www.ptc.cz\/wp-content\/uploads\/2024\/02\/logo-CANCERS-300x65.jpg\" alt=\"\" width=\"300\" height=\"65\" srcset=\"https:\/\/www.ptc.cz\/wp-content\/uploads\/2024\/02\/logo-CANCERS-300x65.jpg 300w, https:\/\/www.ptc.cz\/wp-content\/uploads\/2024\/02\/logo-CANCERS-1400x303.jpg 1400w, https:\/\/www.ptc.cz\/wp-content\/uploads\/2024\/02\/logo-CANCERS-768x166.jpg 768w, https:\/\/www.ptc.cz\/wp-content\/uploads\/2024\/02\/logo-CANCERS-1536x333.jpg 1536w, https:\/\/www.ptc.cz\/wp-content\/uploads\/2024\/02\/logo-CANCERS.jpg 1920w\" sizes=\"auto, (max-width: 300px) 100vw, 300px\" \/><\/p>\n<\/div>\n<\/div>\n<\/div>\n","protected":false},"excerpt":{"rendered":"","protected":false},"author":1,"featured_media":4158,"parent":4147,"menu_order":486,"comment_status":"closed","ping_status":"closed","template":"template-service-detail-with-sidebar.php","meta":{"footnotes":""},"class_list":["post-4156","page","type-page","status-publish","has-post-thumbnail","hentry"],"acf":[],"aioseo_notices":[],"_links":{"self":[{"href":"https:\/\/www.ptc.cz\/pl\/wp-json\/wp\/v2\/pages\/4156","targetHints":{"allow":["GET"]}}],"collection":[{"href":"https:\/\/www.ptc.cz\/pl\/wp-json\/wp\/v2\/pages"}],"about":[{"href":"https:\/\/www.ptc.cz\/pl\/wp-json\/wp\/v2\/types\/page"}],"author":[{"embeddable":true,"href":"https:\/\/www.ptc.cz\/pl\/wp-json\/wp\/v2\/users\/1"}],"replies":[{"embeddable":true,"href":"https:\/\/www.ptc.cz\/pl\/wp-json\/wp\/v2\/comments?post=4156"}],"version-history":[{"count":3,"href":"https:\/\/www.ptc.cz\/pl\/wp-json\/wp\/v2\/pages\/4156\/revisions"}],"predecessor-version":[{"id":4426,"href":"https:\/\/www.ptc.cz\/pl\/wp-json\/wp\/v2\/pages\/4156\/revisions\/4426"}],"up":[{"embeddable":true,"href":"https:\/\/www.ptc.cz\/pl\/wp-json\/wp\/v2\/pages\/4147"}],"wp:featuredmedia":[{"embeddable":true,"href":"https:\/\/www.ptc.cz\/pl\/wp-json\/wp\/v2\/media\/4158"}],"wp:attachment":[{"href":"https:\/\/www.ptc.cz\/pl\/wp-json\/wp\/v2\/media?parent=4156"}],"curies":[{"name":"wp","href":"https:\/\/api.w.org\/{rel}","templated":true}]}}