{"id":4159,"date":"2023-06-12T11:54:58","date_gmt":"2023-06-12T09:54:58","guid":{"rendered":"https:\/\/www.ptc.cz\/co-leczymy\/prostata\/o-protonove-lecbe\/"},"modified":"2024-06-17T15:53:31","modified_gmt":"2024-06-17T13:53:31","slug":"o-leczeniu-protonowym","status":"publish","type":"page","link":"https:\/\/www.ptc.cz\/pl\/co-leczymy\/prostata\/o-leczeniu-protonowym\/","title":{"rendered":"O leczeniu protonowym"},"content":{"rendered":"<p>Mus\u00ed b\u00fdt kotva sem &#8211; <a href=\"https:\/\/www.ptc.cz\/o-lecbe\/#section3\">O l\u00e9\u010db\u011b | Protonov\u00e9 centrum (mh370.cz)<\/a><\/p>\n<p style=\"text-align: center;\"><a  target=\"\"  class=\"button\" href=\"\/kontakt\/\">Kontaktujte n\u00e1s<\/a><\/p>\n","protected":false},"excerpt":{"rendered":"<p>Mus\u00ed b\u00fdt kotva sem &#8211; O&nbsp;l\u00e9\u010db\u011b | Protonov\u00e9 centrum (mh370.cz)<\/p>\n","protected":false},"author":1,"featured_media":3844,"parent":4133,"menu_order":487,"comment_status":"closed","ping_status":"closed","template":"template-service-detail-with-sidebar.php","meta":{"footnotes":""},"class_list":["post-4159","page","type-page","status-publish","has-post-thumbnail","hentry"],"acf":[],"aioseo_notices":[],"_links":{"self":[{"href":"https:\/\/www.ptc.cz\/pl\/wp-json\/wp\/v2\/pages\/4159","targetHints":{"allow":["GET"]}}],"collection":[{"href":"https:\/\/www.ptc.cz\/pl\/wp-json\/wp\/v2\/pages"}],"about":[{"href":"https:\/\/www.ptc.cz\/pl\/wp-json\/wp\/v2\/types\/page"}],"author":[{"embeddable":true,"href":"https:\/\/www.ptc.cz\/pl\/wp-json\/wp\/v2\/users\/1"}],"replies":[{"embeddable":true,"href":"https:\/\/www.ptc.cz\/pl\/wp-json\/wp\/v2\/comments?post=4159"}],"version-history":[{"count":1,"href":"https:\/\/www.ptc.cz\/pl\/wp-json\/wp\/v2\/pages\/4159\/revisions"}],"predecessor-version":[{"id":4195,"href":"https:\/\/www.ptc.cz\/pl\/wp-json\/wp\/v2\/pages\/4159\/revisions\/4195"}],"up":[{"embeddable":true,"href":"https:\/\/www.ptc.cz\/pl\/wp-json\/wp\/v2\/pages\/4133"}],"wp:featuredmedia":[{"embeddable":true,"href":"https:\/\/www.ptc.cz\/pl\/wp-json\/wp\/v2\/media\/3844"}],"wp:attachment":[{"href":"https:\/\/www.ptc.cz\/pl\/wp-json\/wp\/v2\/media?parent=4159"}],"curies":[{"name":"wp","href":"https:\/\/api.w.org\/{rel}","templated":true}]}}