{"id":7743,"date":"2024-12-05T15:00:29","date_gmt":"2024-12-05T14:00:29","guid":{"rendered":"https:\/\/www.ptc.cz\/?page_id=7743"},"modified":"2024-12-05T15:01:27","modified_gmt":"2024-12-05T14:01:27","slug":"leczenie-hormonalne","status":"publish","type":"page","link":"https:\/\/www.ptc.cz\/pl\/co-leczymy\/prostata\/rak-prostaty\/leczenie-hormonalne\/","title":{"rendered":"Leczenie hormonalne"},"content":{"rendered":"<p>Rak prostaty potrzebuje do swojego rozwoju m\u0119skiego hormonu p\u0142ciowego &#8211; testosteronu. <strong>Leczenie hormonalne zapobiega wytwarzaniu testosteronu w organizmie i&nbsp;jego oddzia\u0142ywaniu na&nbsp;kom\u00f3rki nowotworowe. W rezultacie dochodzi do obni\u017cenia poziomu PSA.<\/strong> Tworzenie testosteronu jest blokowane poprzez tak zwane leczenie kastracyjne, kt\u00f3re mo\u017cna przeprowadzi\u0107 chirurgicznie lub za pomoc\u0105 lek\u00f3w.<\/p>\n<p>Wad\u0105 leczenia hormonalnego jest indukcja tak zwanej m\u0119skiej menopauzy, podczas kt\u00f3rej mog\u0105 wyst\u0105pi\u0107 uderzenia gor\u0105ca, powi\u0119kszenie piersi, zmniejszenie lub zanik po\u017c\u0105dania seksualnego (libido), zaburzenia erekcji, przyrost masy cia\u0142a, zm\u0119czenie, utrata mi\u0119\u015bni czy zmniejszenie g\u0119sto\u015bci ko\u015bci (osteoporoza).<\/p>\n<p><strong>Samo leczenie hormonalne nie wyleczy raka prostaty. Mo\u017ce jednak utrzymywa\u0107 jego rozw\u00f3j pod&nbsp;kontrol\u0105 przez wiele miesi\u0119cy lub lat, zanim zostanie rozwa\u017cone z\u00a0lekarzem ewentualne inne leczenie.<\/strong> W po\u0142\u0105czeniu z&nbsp;radioterapi\u0105 leczenie hormonalne zmniejsza ryzyko nawrotu choroby. U&nbsp;pacjent\u00f3w, u&nbsp;kt\u00f3rych wyst\u0119puj\u0105 przerzuty wyd\u0142u\u017ca prze\u017cycie, zmniejsza objawy choroby i&nbsp;poprawia jako\u015b\u0107 \u017cycia. Leczenie to jest prowadzone zgodnie z&nbsp;najnowszymi mi\u0119dzynarodowymi zaleceniami.<\/p>\n","protected":false},"excerpt":{"rendered":"<p>Rak prostaty potrzebuje do swojego rozwoju m\u0119skiego hormonu p\u0142ciowego &#8211; testosteronu. Leczenie hormonalne zapobiega wytwarzaniu testosteronu w organizmie i&nbsp;jego oddzia\u0142ywaniu na&nbsp;kom\u00f3rki nowotworowe. W rezultacie dochodzi do obni\u017cenia poziomu PSA. Tworzenie testosteronu jest blokowane poprzez tak zwane leczenie kastracyjne, kt\u00f3re mo\u017cna przeprowadzi\u0107 chirurgicznie lub za pomoc\u0105 lek\u00f3w. Wad\u0105 leczenia hormonalnego jest indukcja tak zwanej m\u0119skiej menopauzy,&#8230;<\/p>\n","protected":false},"author":11,"featured_media":0,"parent":4147,"menu_order":0,"comment_status":"closed","ping_status":"closed","template":"template-service-detail-with-sidebar.php","meta":{"footnotes":""},"class_list":["post-7743","page","type-page","status-publish","hentry"],"acf":[],"aioseo_notices":[],"_links":{"self":[{"href":"https:\/\/www.ptc.cz\/pl\/wp-json\/wp\/v2\/pages\/7743","targetHints":{"allow":["GET"]}}],"collection":[{"href":"https:\/\/www.ptc.cz\/pl\/wp-json\/wp\/v2\/pages"}],"about":[{"href":"https:\/\/www.ptc.cz\/pl\/wp-json\/wp\/v2\/types\/page"}],"author":[{"embeddable":true,"href":"https:\/\/www.ptc.cz\/pl\/wp-json\/wp\/v2\/users\/11"}],"replies":[{"embeddable":true,"href":"https:\/\/www.ptc.cz\/pl\/wp-json\/wp\/v2\/comments?post=7743"}],"version-history":[{"count":2,"href":"https:\/\/www.ptc.cz\/pl\/wp-json\/wp\/v2\/pages\/7743\/revisions"}],"predecessor-version":[{"id":7745,"href":"https:\/\/www.ptc.cz\/pl\/wp-json\/wp\/v2\/pages\/7743\/revisions\/7745"}],"up":[{"embeddable":true,"href":"https:\/\/www.ptc.cz\/pl\/wp-json\/wp\/v2\/pages\/4147"}],"wp:attachment":[{"href":"https:\/\/www.ptc.cz\/pl\/wp-json\/wp\/v2\/media?parent=7743"}],"curies":[{"name":"wp","href":"https:\/\/api.w.org\/{rel}","templated":true}]}}