{"id":8169,"date":"2025-04-24T14:22:39","date_gmt":"2025-04-24T12:22:39","guid":{"rendered":"https:\/\/www.ptc.cz\/?page_id=8169"},"modified":"2025-04-24T14:22:39","modified_gmt":"2025-04-24T12:22:39","slug":"o-co-najczesciej-pytaja-nas-pacjenci","status":"publish","type":"page","link":"https:\/\/www.ptc.cz\/pl\/nowoczesna-diagnostyka\/rezonans-magnetyczny\/o-co-najczesciej-pytaja-nas-pacjenci\/","title":{"rendered":"O co najcz\u0119\u015bciej pytaj\u0105 nas pacjenci"},"content":{"rendered":"<h4><span style=\"color: #44c0eb;\"><strong>Co mam wzi\u0105\u0107 ze sob\u0105 na&nbsp;badanie rezonansem magnetycznym?<\/strong><\/span><\/h4>\n<p>Na&nbsp;badanie rezonansem magnetycznym nale\u017cy przynie\u015b\u0107:<\/p>\n<ul>\n<li>orygina\u0142 wype\u0142nionego skierowania na&nbsp;badanie (z&nbsp;piecz\u0105tk\u0105 plac\u00f3wki medycznej i&nbsp;podpisem lekarza),<\/li>\n<li>dow\u00f3d osobisty lub inny dokument to\u017csamo\u015bci,<\/li>\n<li>wa\u017cn\u0105 kart\u0119 ubezpieczenia zdrowotnego.<\/li>\n<\/ul>\n<p>O&nbsp;ewentualnych dodatkowych wymaganiach dotycz\u0105cych badania poinformuje Pa\u0144stwa personel Recepcji Diagnostyki Radiologicznej (RDG).<\/p>\n<h4><span style=\"color: #44c0eb;\"><strong>Czy potrzebuj\u0119 skierowania na&nbsp;badanie?<\/strong><\/span><\/h4>\n<p>Tak, skierowanie jest niezb\u0119dne, poniewa\u017c bez niego badanie nie mo\u017ce zosta\u0107 przeprowadzone. Kopie nie s\u0105 wystarczaj\u0105ce, poniewa\u017c w ramach przeprowadzanych kontroli przez kasy chorych wymagane jest przedstawienie orygina\u0142\u00f3w skierowa\u0144 zgodnie z&nbsp;rozporz\u0105dzeniami Ministerstwa Zdrowia Republiki Czeskiej. Lekarz wystawiaj\u0105cy skierowanie ma obowi\u0105zek wyda\u0107 orygina\u0142 skierowania, dlatego prosimy o&nbsp;wsp\u00f3\u0142prac\u0119 w tym zakresie.<\/p>\n<p><span style=\"color: #44c0eb;\"><strong>Czy powinienem\/powinnam przyj\u015b\u0107 na&nbsp;badanie wcze\u015bniej?<\/strong><\/span><\/p>\n<p>Zalecamy przybycie oko\u0142o 30 minut przed zaplanowanym czasem badania, aby mie\u0107 wystarczaj\u0105co du\u017co czasu na&nbsp;wype\u0142nienie ankiety oraz pouczenie przed badaniem rezonansem magnetycznym.<\/p>\n<p><span style=\"color: #44c0eb;\"><strong>Jak d\u0142ugo trwa badanie?<\/strong><\/span><\/p>\n<p>Czas trwania badania wynosi zazwyczaj od 25 do 90 minut, w zale\u017cno\u015bci od rodzaju i&nbsp;zakresu badania.<\/p>\n<p><span style=\"color: #44c0eb;\"><strong>Czy badanie jest bolesne?<\/strong><\/span><\/p>\n<p>Badanie rezonansem magnetycznym jest bezbolesne. Niekt\u00f3rzy pacjenci mog\u0105 jednak odczuwa\u0107 pewien dyskomfort, na&nbsp;przyk\u0142ad z&nbsp;powodu konieczno\u015bci le\u017cenia w ca\u0142kowitym bezruchu lub z&nbsp;powodu ha\u0142asu generowanego przez urz\u0105dzenie (d\u017awi\u0119ki przypominaj\u0105ce uderzenia).<\/p>\n<p><span style=\"color: #44c0eb;\"><strong>Co b\u0119d\u0119 czu\u0107 podczas badania?<\/strong><\/span><\/p>\n<p>Rezonans magnetyczny mo\u017ce by\u0107 trudniejszy do zniesienia dla os\u00f3b cierpi\u0105cych na&nbsp;klaustrofobi\u0119. Je\u015bli cierpisz na&nbsp;klaustrofobi\u0119, poinformuj swojego lekarza, kt\u00f3ry mo\u017ce przepisa\u0107 Ci leki uspokajaj\u0105ce.<\/p>\n<p><span style=\"color: #44c0eb;\"><strong>Czy mog\u0119 zabra\u0107 z&nbsp;sob\u0105 s\u0142uchawki?<\/strong><\/span><\/p>\n<p>Do gabinetu rezonansu magnetycznego nie wolno wnosi\u0107 \u017cadnej elektroniki, w tym s\u0142uchawek.<\/p>\n<p><span style=\"color: #44c0eb;\"><strong>Jakie ubranie mam za\u0142o\u017cy\u0107?<\/strong><\/span><\/p>\n<p>Ubranie nie powinno zawiera\u0107 element\u00f3w metalowych (np. zamk\u00f3w, guzik\u00f3w, zatrzask\u00f3w, klamer). Zalecamy bawe\u0142nian\u0105 koszulk\u0119 i&nbsp;biustonosz bez fiszbin i&nbsp;haczyk\u00f3w. Przed badaniem nale\u017cy zdj\u0105\u0107 buty.<\/p>\n<p><span style=\"color: #44c0eb;\"><strong>Czy mog\u0119 mie\u0107 aparat ortodontyczny?<\/strong><\/span><\/p>\n<p>Rezonans magnetyczny mo\u017cna przeprowadza\u0107 r\u00f3wnie\u017c u&nbsp;pacjent\u00f3w z&nbsp;aparatem ortodontycznym. Je\u015bli badany obszar znajduje si\u0119 blisko aparatu ortodontycznego, a&nbsp;jego obecno\u015b\u0107 mo\u017ce wp\u0142yn\u0105\u0107 na&nbsp;jako\u015b\u0107 obrazu, mo\u017cna poprosi\u0107 ortodont\u0119 o&nbsp;tymczasowe zdj\u0119cie aparatu po konsultacji z&nbsp;lekarzem.<\/p>\n<p><span style=\"color: #44c0eb;\"><strong>Czy badanie mo\u017ce powodowa\u0107 skutki uboczne?<\/strong><\/span><\/p>\n<p>Badanie rezonansem magnetycznym jest bezpieczne i&nbsp;zazwyczaj nie powoduje \u017cadnych skutk\u00f3w ubocznych. Je\u015bli konieczne jest podanie \u015brodka kontrastowego (decyduje lekarz), bardzo rzadko mog\u0105 wyst\u0105pi\u0107 reakcje niepo\u017c\u0105dane (np. sw\u0119dz\u0105ce krostki). Z&nbsp;powodu pola magnetycznego mo\u017ce wyst\u0105pi\u0107 lekkie podgrzanie cia\u0142a. Aby chroni\u0107 s\u0142uch i&nbsp;zwi\u0119kszy\u0107 komfort badania, pacjentowi zostan\u0105 zaoferowane zatyczki do uszu.<\/p>\n<p><span style=\"color: #44c0eb;\"><strong>Czy mog\u0119 zap\u0142aci\u0107 za badanie jako samodzielny p\u0142atnik?<\/strong><\/span><\/p>\n<p>Tak, mo\u017cliwe jest op\u0142acenie badania samodzielnie, ale wymagane jest skierowanie od lekarza. Cena badania zostanie podana po przes\u0142aniu skierowania.<\/p>\n<p><span style=\"color: #44c0eb;\"><strong>Czy mog\u0119 otrzyma\u0107 obrazy z&nbsp;badania na&nbsp;no\u015bniku (CD, USB)?<\/strong><\/span><\/p>\n<p>Dokumentacj\u0119 obrazow\u0105 mo\u017cemy wypali\u0107 na&nbsp;no\u015bniku CD. Udost\u0119pnienie kopii dokumentacji obrazowej jest p\u0142atne zgodnie z&nbsp;aktualnym cennikiem PTC i&nbsp;wynosi 200 CZK. P\u0142atno\u015b\u0107 mo\u017cna ui\u015bci\u0107 got\u00f3wk\u0105 lub kart\u0105 w Recepcji Diagnostyki Radiologicznej (RDG). Mo\u017cliwe jest r\u00f3wnie\u017c wypalenie p\u0142yty CD z&nbsp;ju\u017c wykonanymi badaniami. Dokumentacja obrazowa nie mo\u017ce by\u0107 wysy\u0142ana poczt\u0105 elektroniczn\u0105 ani zapisywana na&nbsp;USB z&nbsp;powod\u00f3w bezpiecze\u0144stwa.<\/p>\n<p><span style=\"color: #44c0eb;\"><strong>Kiedy otrzymam wyniki badania?<\/strong><\/span><\/p>\n<p>Wyniki badania otrzyma lekarz, kt\u00f3ry wystawi\u0142 skierowanie. Wysy\u0142amy je listem poleconym, a&nbsp;dostarczenie trwa zazwyczaj 5-7 dni roboczych. Je\u015bli lekarz ma dost\u0119p do systemu ePACS, mo\u017cemy wys\u0142a\u0107 obrazy elektronicznie natychmiast po badaniu. Na&nbsp;\u017cyczenie mo\u017cemy r\u00f3wnie\u017c wys\u0142a\u0107 opis badania poczt\u0105 elektroniczn\u0105 w zaszyfrowanym pliku.<\/p>\n<p><span style=\"color: #44c0eb;\"><strong>Jakie s\u0105 terminy oczekiwania na&nbsp;badanie?<\/strong><\/span><\/p>\n<p>Termin oczekiwania zale\u017cy od rodzaju badanej okolicy, \u015brednio wynosi oko\u0142o 3 tygodni.<\/p>\n<p><span style=\"color: #44c0eb;\"><strong>Jak dojecha\u0107 do Centrum Terapii Protonowej?<\/strong><\/span><\/p>\n<p>Centrum Terapii Protonowej to samodzielna plac\u00f3wka medyczna, kt\u00f3rej budynek jest widoczny z&nbsp;drogi g\u0142\u00f3wnej. Znajduje si\u0119 na&nbsp;zboczu na&nbsp;p\u00f3\u0142nocnym skraju praskiego Szpitala Uniwersyteckiego Bulovka (Fakultn\u00ed nemocnice Bulovka), pomi\u0119dzy budynkiem Instytutu Onkologii Radiacyjnej (budynek 16) a&nbsp;Klinik\u0105 Pulmonologii i&nbsp;Torakochirurgii (budynek 4).<\/p>\n<p><span style=\"color: #44c0eb;\"><strong>Czy na&nbsp;miejscu mo\u017cna zaparkowa\u0107?<\/strong><\/span><\/p>\n<p>Tak, mamy parking bezpo\u015brednio przy wej\u015bciu g\u0142\u00f3wnym do Centrum Terapii Protonowej, na&nbsp;terenie Szpitala Uniwersyteckiego Bulovka. Wjazd po 30 minutach podlega op\u0142acie.<\/p>\n<p><span style=\"color: #44c0eb;\"><strong>Czy mog\u0119 by\u0107 na&nbsp;rezonansie magnetycznym z&nbsp;g\u0142ow\u0105 na&nbsp;zewn\u0105trz?<\/strong><\/span><\/p>\n<p>W zale\u017cno\u015bci od badanej okolicy, mo\u017ce to by\u0107 mo\u017cliwe. Zawsze staramy si\u0119 dostosowa\u0107 do potrzeb pacjenta, ale w przypadku niekt\u00f3rych cz\u0119\u015bci cia\u0142a nie jest to mo\u017cliwe. Po konsultacji z&nbsp;lekarzem badanie mo\u017ce zosta\u0107 przeprowadzone w analgosedacji (przy u\u017cyciu lek\u00f3w uspokajaj\u0105cych).<\/p>\n<p><span style=\"color: #44c0eb;\"><strong>Z jakiego urz\u0105dzenia korzysta plac\u00f3wka?<\/strong><\/span><\/p>\n<p>Nasza plac\u00f3wka posiada dwa aparaty firmy Siemens \u2013 MAGNETOM Sola o&nbsp;mocy 1,5T.<\/p>\n<p><span style=\"color: #44c0eb;\"><strong>Jaka jest \u015brednica i&nbsp;no\u015bno\u015b\u0107 sto\u0142u?<\/strong><\/span><\/p>\n<p>\u015arednica gantry (tunelu) wynosi 70 cm, a&nbsp;no\u015bno\u015b\u0107 sto\u0142u to do 150&nbsp;kg. Najszersza cz\u0119\u015b\u0107 cia\u0142a nie mo\u017ce przekroczy\u0107 65 cm. Badanie odbywa si\u0119 w pozycji le\u017c\u0105cej.<\/p>\n<p><span style=\"color: #44c0eb;\"><strong>Kiedy lekarz otrzyma wyniki badania i&nbsp;w jaki spos\u00f3b mog\u0119 je otrzyma\u0107 ja?<\/strong><\/span><\/p>\n<p>Nasi lekarze przygotuj\u0105 wyniki w ci\u0105gu 2 dni roboczych. Wyniki wysy\u0142amy poleconym listem do lekarza, kt\u00f3ry wystawi\u0142 skierowanie. Na&nbsp;\u017cyczenie mo\u017cemy r\u00f3wnie\u017c wys\u0142a\u0107 opis badania poczt\u0105 elektroniczn\u0105.<\/p>\n<p><span style=\"color: #44c0eb;\"><strong>Czy mog\u0119 zap\u0142aci\u0107 za badanie w trybie ekspresowym?<\/strong><\/span><\/p>\n<p>Nie oferujemy takiej us\u0142ugi.<\/p>\n<p><span style=\"color: #44c0eb;\"><strong>Czy badanie wi\u0105\u017ce si\u0119 z&nbsp;op\u0142at\u0105?<\/strong><\/span><\/p>\n<p>Mamy podpisane umowy z&nbsp;wszystkimi kasami chorych, co oznacza, \u017ce w standardowych przypadkach badanie jest refundowane przez ubezpieczenie zdrowotne. Inna sytuacja nast\u0119puje w przypadku pacjenta prywatnego (p\u0142atnik samodzielny) lub gdy lekarz kieruj\u0105cy nie ma zawartej umowy z&nbsp;kas\u0105 chorych. W takich przypadkach cena badania jest naliczana zgodnie z&nbsp;obowi\u0105zuj\u0105cym cennikiem PTC. Przybli\u017con\u0105 cen\u0119 badania przeka\u017ce personel recepcji po otrzymaniu skierowania.<\/p>\n<p><span style=\"color: #44c0eb;\"><strong>Czy mog\u0119 odm\u00f3wi\u0107 podania \u015brodka kontrastowego?<\/strong><\/span><\/p>\n<p>Tak, pacjent ma mo\u017cliwo\u015b\u0107 odmowy podania \u015brodka kontrastowego. T\u0119 decyzj\u0119 nale\u017cy potwierdzi\u0107 podpisaniem dokumentu o\u015bwiadczenia o&nbsp;odmowie podania \u015brodka kontrastowego (tzw. \u201enegatywny rewers\u201d). Badanie bez \u015brodka kontrastowego mo\u017ce mie\u0107 jednak mniejsz\u0105 warto\u015b\u0107 diagnostyczn\u0105.<\/p>\n","protected":false},"excerpt":{"rendered":"<p>Co mam wzi\u0105\u0107 ze sob\u0105 na&nbsp;badanie rezonansem magnetycznym? Na&nbsp;badanie rezonansem magnetycznym nale\u017cy przynie\u015b\u0107: orygina\u0142 wype\u0142nionego skierowania na&nbsp;badanie (z&nbsp;piecz\u0105tk\u0105 plac\u00f3wki medycznej i&nbsp;podpisem lekarza), dow\u00f3d osobisty lub inny dokument to\u017csamo\u015bci, wa\u017cn\u0105 kart\u0119 ubezpieczenia zdrowotnego. O&nbsp;ewentualnych dodatkowych wymaganiach dotycz\u0105cych badania poinformuje Pa\u0144stwa personel Recepcji Diagnostyki Radiologicznej (RDG). Czy potrzebuj\u0119 skierowania na&nbsp;badanie? Tak, skierowanie jest niezb\u0119dne, poniewa\u017c bez niego&#8230;<\/p>\n","protected":false},"author":11,"featured_media":0,"parent":3717,"menu_order":0,"comment_status":"closed","ping_status":"closed","template":"template-page-with-sidebar.php","meta":{"footnotes":""},"class_list":["post-8169","page","type-page","status-publish","hentry"],"acf":[],"aioseo_notices":[],"_links":{"self":[{"href":"https:\/\/www.ptc.cz\/pl\/wp-json\/wp\/v2\/pages\/8169","targetHints":{"allow":["GET"]}}],"collection":[{"href":"https:\/\/www.ptc.cz\/pl\/wp-json\/wp\/v2\/pages"}],"about":[{"href":"https:\/\/www.ptc.cz\/pl\/wp-json\/wp\/v2\/types\/page"}],"author":[{"embeddable":true,"href":"https:\/\/www.ptc.cz\/pl\/wp-json\/wp\/v2\/users\/11"}],"replies":[{"embeddable":true,"href":"https:\/\/www.ptc.cz\/pl\/wp-json\/wp\/v2\/comments?post=8169"}],"version-history":[{"count":3,"href":"https:\/\/www.ptc.cz\/pl\/wp-json\/wp\/v2\/pages\/8169\/revisions"}],"predecessor-version":[{"id":8172,"href":"https:\/\/www.ptc.cz\/pl\/wp-json\/wp\/v2\/pages\/8169\/revisions\/8172"}],"up":[{"embeddable":true,"href":"https:\/\/www.ptc.cz\/pl\/wp-json\/wp\/v2\/pages\/3717"}],"wp:attachment":[{"href":"https:\/\/www.ptc.cz\/pl\/wp-json\/wp\/v2\/media?parent=8169"}],"curies":[{"name":"wp","href":"https:\/\/api.w.org\/{rel}","templated":true}]}}