{"id":9296,"date":"2025-09-09T12:16:14","date_gmt":"2025-09-09T10:16:14","guid":{"rendered":"https:\/\/www.ptc.cz\/co-leczymy\/inne-diagnozy\/slezina\/"},"modified":"2026-03-10T11:50:30","modified_gmt":"2026-03-10T10:50:30","slug":"sledziona","status":"publish","type":"page","link":"https:\/\/www.ptc.cz\/pl\/co-leczymy\/inne-diagnozy\/sledziona\/","title":{"rendered":"\u015aledziona"},"content":{"rendered":"<div class=\"gdc_row\">\n<div class=\"gdc_column gdc_chalf\">\n<div class=\"gdc_inner\">\n<p>Mielofibroza to rzadka choroba szpiku kostnego, w kt\u00f3rej szpik stopniowo zmienia si\u0119 w tkank\u0119 \u0142\u0105czn\u0105 i&nbsp;przestaje prawid\u0142owo funkcjonowa\u0107. Organizm cz\u0119sto \u201eprzenosi\u201d wtedy proces tworzenia krwi do innych narz\u0105d\u00f3w \u2013 najcz\u0119\u015bciej do \u015bledziony, kt\u00f3ra znacznie si\u0119 powi\u0119ksza (nazywamy to splenomegali\u0105). Tak powi\u0119kszona \u015bledziona mo\u017ce powodowa\u0107 b\u00f3l, ucisk w jamie brzusznej, pogorszenie krwiotworzenia, a&nbsp;tak\u017ce komplikowa\u0107 przysz\u0142e leczenie.<\/p>\n<h4>Kto najcz\u0119\u015bciej choruje?<\/h4>\n<p>Mielofibroza mo\u017ce pojawi\u0107 si\u0119 samoistnie, ale tak\u017ce jako nast\u0119pstwo innych chor\u00f3b krwi. Zazwyczaj dotyka doros\u0142ych pacjent\u00f3w w \u015brednim i&nbsp;starszym wieku. W wielu przypadkach chorob\u0119 mo\u017cna spowolni\u0107 za pomoc\u0105 nowoczesnych lek\u00f3w (np. tzw. inhibitor\u00f3w JAK). Jednak u&nbsp;cz\u0119\u015bci pacjent\u00f3w leki te przestaj\u0105 dzia\u0142a\u0107, a&nbsp;choroba post\u0119puje dalej. W takiej sytuacji najskuteczniejsz\u0105 metod\u0105 leczenia jest przeszczep szpiku kostnego (allogeniczny przeszczep kom\u00f3rek macierzystych).<\/p>\n<h4>Jak leczy si\u0119 mielofibroz\u0119?<\/h4>\n<p>Je\u015bli \u015bledziona jest zbyt powi\u0119kszona, przeszczep mo\u017ce by\u0107 ryzykowny dla pacjenta \u2013 przeszczepione kom\u00f3rki gorzej si\u0119 \u201eprzyjmuj\u0105\u201d i&nbsp;istnieje wi\u0119ksze prawdopodobie\u0144stwo nawrotu choroby. Dlatego przed przeszczepem konieczne jest czasem zmniejszenie \u015bledziony. Wcze\u015bniej rozwi\u0105zywano to poprzez chirurgiczne usuni\u0119cie \u015bledziony (splenektomi\u0119), co jednak jest powa\u017cnym i&nbsp;obci\u0105\u017caj\u0105cym zabiegiem. Obecnie coraz cz\u0119\u015bciej stosuje si\u0119 napromieniowanie \u015bledziony nisk\u0105 dawk\u0105 promieniowania, co jest zabiegiem \u0142agodniejszym i&nbsp;mniej ryzykownym.<\/p>\n<h4>Co pokazuj\u0105 badania?<\/h4>\n<p>Mi\u0119dzynarodowe badania i&nbsp;projekty pilota\u017cowe pokazuj\u0105, \u017ce nawet niskie dawki promieniowania mog\u0105 wyra\u017anie zmniejszy\u0107 \u015bledzion\u0119 i&nbsp;u\u0142atwi\u0107 przebieg przeszczepu.<\/p>\n<ul>\n<li>U wi\u0119kszo\u015bci pacjent\u00f3w nast\u0105pi\u0142o znaczne zmniejszenie \u015bledziony.<\/li>\n<li>Przeszczep przebieg\u0142 pomy\u015blnie, a&nbsp;przeszczepione kom\u00f3rki dobrze si\u0119 przyj\u0119\u0142y.<\/li>\n<li>Skutki uboczne by\u0142y w wi\u0119kszo\u015bci \u0142agodne i&nbsp;przej\u015bciowe.<\/li>\n<li>Pacjenci, kt\u00f3rzy zostali poddani napromieniowaniu \u015bledziony, mieli mniejsze ryzyko nawrotu choroby ni\u017c ci, kt\u00f3rzy przeszli operacj\u0119 lub nie zostali poddani przygotowaniu.<\/li>\n<\/ul>\n<\/div>\n<\/div>\n<div class=\"gdc_column gdc_chalf\">\n<div class=\"gdc_inner\">\n<h3><span style=\"color: #8224e3;\"><strong>Dlaczego warto wybra\u0107 terapi\u0119 protonow\u0105?<\/strong><\/span><\/h3>\n<p>Napromieniowanie protonowe \u015bledziony pomaga:<\/p>\n<ul>\n<li>zmniejszy\u0107 jej rozmiar,<\/li>\n<li>poprawi\u0107 krwiotw\u00f3rczo\u015b\u0107,<\/li>\n<li>u\u0142atwi\u0107 przyczepienie si\u0119 przeszczepionych kom\u00f3rek macierzystych po transplantacji,<\/li>\n<li>zmniejszy\u0107 ryzyko nawrotu choroby.<\/li>\n<\/ul>\n<\/div>\n<\/div>\n<\/div>\n","protected":false},"excerpt":{"rendered":"","protected":false},"author":1,"featured_media":0,"parent":9286,"menu_order":0,"comment_status":"closed","ping_status":"closed","template":"template-service-detail-with-sidebar.php","meta":{"footnotes":""},"class_list":["post-9296","page","type-page","status-publish","hentry"],"acf":[],"aioseo_notices":[],"_links":{"self":[{"href":"https:\/\/www.ptc.cz\/pl\/wp-json\/wp\/v2\/pages\/9296","targetHints":{"allow":["GET"]}}],"collection":[{"href":"https:\/\/www.ptc.cz\/pl\/wp-json\/wp\/v2\/pages"}],"about":[{"href":"https:\/\/www.ptc.cz\/pl\/wp-json\/wp\/v2\/types\/page"}],"author":[{"embeddable":true,"href":"https:\/\/www.ptc.cz\/pl\/wp-json\/wp\/v2\/users\/1"}],"replies":[{"embeddable":true,"href":"https:\/\/www.ptc.cz\/pl\/wp-json\/wp\/v2\/comments?post=9296"}],"version-history":[{"count":2,"href":"https:\/\/www.ptc.cz\/pl\/wp-json\/wp\/v2\/pages\/9296\/revisions"}],"predecessor-version":[{"id":9302,"href":"https:\/\/www.ptc.cz\/pl\/wp-json\/wp\/v2\/pages\/9296\/revisions\/9302"}],"up":[{"embeddable":true,"href":"https:\/\/www.ptc.cz\/pl\/wp-json\/wp\/v2\/pages\/9286"}],"wp:attachment":[{"href":"https:\/\/www.ptc.cz\/pl\/wp-json\/wp\/v2\/media?parent=9296"}],"curies":[{"name":"wp","href":"https:\/\/api.w.org\/{rel}","templated":true}]}}