{"id":9306,"date":"2025-07-31T11:19:27","date_gmt":"2025-07-31T09:19:27","guid":{"rendered":"https:\/\/www.ptc.cz\/co-leczymy\/inne-diagnozy\/thymomy\/"},"modified":"2026-03-10T11:58:36","modified_gmt":"2026-03-10T10:58:36","slug":"grasiczaki","status":"publish","type":"page","link":"https:\/\/www.ptc.cz\/pl\/co-leczymy\/inne-diagnozy\/grasiczaki\/","title":{"rendered":"Grasiczaki"},"content":{"rendered":"<div class=\"gdc_row\">\n<div class=\"gdc_column gdc_chalf\">\n<div class=\"gdc_inner\">\n<p>Guzki grasicy i&nbsp;rak grasicy to rzadkie nowotwory, kt\u00f3re powstaj\u0105 w grasicy, niewielkim narz\u0105dzie znajduj\u0105cym si\u0119 za mostkiem. Guz grasicy jest zazwyczaj mniej agresywnym nowotworem, kt\u00f3ry ro\u015bnie powoli i&nbsp;tylko w wyj\u0105tkowych przypadkach rozprzestrzenia si\u0119 na&nbsp;okoliczne tkanki. Natomiast rak grasicy wyst\u0119puje rzadziej, ale jest znacznie bardziej agresywny i&nbsp;mo\u017ce rozprzestrzenia\u0107 si\u0119 na&nbsp;okoliczne tkanki lub inne cz\u0119\u015bci cia\u0142a.<\/p>\n<h4>Kto najcz\u0119\u015bciej choruje?<\/h4>\n<p>Guzki grasicy i&nbsp;nowotwory grasicy najcz\u0119\u015bciej wyst\u0119puj\u0105 u&nbsp;os\u00f3b w wieku od 40 do 60 lat, r\u00f3wnie cz\u0119sto u&nbsp;m\u0119\u017cczyzn, jak i&nbsp;u&nbsp;kobiet. Do\u015b\u0107 cz\u0119sto wyst\u0119puj\u0105 one razem z&nbsp;chorobami autoimmunologicznymi, na&nbsp;przyk\u0142ad z&nbsp;miasteni\u0105 (chorob\u0105 powoduj\u0105c\u0105 os\u0142abienie mi\u0119\u015bni). Czasami guz jest wykrywany w\u0142a\u015bnie dzi\u0119ki objawom tych chor\u00f3b, na&nbsp;przyk\u0142ad podczas trudno\u015bci z&nbsp;prze\u0142ykaniem, os\u0142abieniu lub opadaniu powiek. U&nbsp;innych pacjent\u00f3w guz jest wykrywany przypadkowo, na&nbsp;przyk\u0142ad podczas badania z&nbsp;innego powodu.<\/p>\n<h4>Wyst\u0119powanie i&nbsp;przyczyny<\/h4>\n<p>W Czechach s\u0105 to rzadkie choroby, stanowi\u0105ce oko\u0142o 1,5% wszystkich diagnoz nowotworowych. W ostatnich latach ich wyst\u0119powanie wzros\u0142o dzi\u0119ki lepszej diagnostyce. Dok\u0142adna przyczyna powstawania nie jest znana. Mo\u017ce to by\u0107 po\u0142\u0105czenie czynnik\u00f3w genetycznych, oddzia\u0142ywania promieniowania lub zwi\u0105zek z&nbsp;chorobami autoimmunologicznymi. Styl \u017cycia (np. palenie tytoniu lub niezdrowa dieta) nie ma wp\u0142ywu na&nbsp;ich powstawanie, zgodnie z&nbsp;dotychczasow\u0105 wiedz\u0105.<\/p>\n<h4>Jak leczy si\u0119 te nowotwory?<\/h4>\n<p>Podstawow\u0105 metod\u0105 leczenia jest operacja. Je\u015bli mo\u017cliwe jest ca\u0142kowite usuni\u0119cie guza, mo\u017ce to by\u0107 wystarczaj\u0105ce. W przypadkach, gdy operacja nie wystarcza lub guz nie mo\u017ce by\u0107 bezpiecznie usuni\u0119ty, stosuje si\u0119 inne metody leczenia, takie jak radioterapia lub chemioterapia.<\/p>\n<\/div>\n<\/div>\n<div class=\"gdc_column gdc_chalf\">\n<div class=\"gdc_inner\">\n<h3><strong>Dlaczego warto wybra\u0107 terapi\u0119 protonow\u0105?<\/strong><\/h3>\n<p>W przypadku nowotwor\u00f3w w okolicy klatki piersiowej bardzo wa\u017cne jest oszcz\u0119dzanie okolicznych zdrowych narz\u0105d\u00f3w, takich jak p\u0142uca, serce, rdze\u0144 kr\u0119gowy lub prze\u0142yk. W\u0142a\u015bnie w tym zakresie radioterapia protonowa ma ogromn\u0105 przewag\u0119. Dzi\u0119ki swoim w\u0142a\u015bciwo\u015bciom umo\u017cliwia precyzyjne celowanie w nowotw\u00f3r i&nbsp;minimalizuje uszkodzenia zdrowych tkanek w okolicy.<\/p>\n<p>Leczenie protonami jest najcz\u0119\u015bciej stosowane:<\/p>\n<ul>\n<li>po niepe\u0142nej operacji, gdy konieczne jest zniszczenie pozosta\u0142ych kom\u00f3rek nowotworowych,<\/li>\n<li>gdy guz nie mo\u017ce by\u0107 operowany,<\/li>\n<li>w przypadku nawrotu choroby (wznowy),<\/li>\n<li>gdy konieczne jest ponowne napromieniowanie tego samego miejsca<\/li>\n<\/ul>\n<p>Leczenie to mo\u017ce by\u0107 r\u00f3wnie\u017c odpowiednie dla pacjent\u00f3w, kt\u00f3rzy nie mog\u0105 podda\u0107 si\u0119 operacji ze wzgl\u0119d\u00f3w zdrowotnych. Dzi\u0119ki swojej precyzji terapia protonowa jest bardzo oszcz\u0119dzaj\u0105ca i&nbsp;skuteczna, co jest niezwykle wa\u017cne w\u0142a\u015bnie w okolicy klatki piersiowej, gdzie znajduje si\u0119 wiele narz\u0105d\u00f3w.<\/p>\n<\/div>\n<\/div>\n<\/div>\n","protected":false},"excerpt":{"rendered":"","protected":false},"author":1,"featured_media":0,"parent":9286,"menu_order":0,"comment_status":"closed","ping_status":"closed","template":"template-service-detail-with-sidebar.php","meta":{"footnotes":""},"class_list":["post-9306","page","type-page","status-publish","hentry"],"acf":[],"aioseo_notices":[],"_links":{"self":[{"href":"https:\/\/www.ptc.cz\/pl\/wp-json\/wp\/v2\/pages\/9306","targetHints":{"allow":["GET"]}}],"collection":[{"href":"https:\/\/www.ptc.cz\/pl\/wp-json\/wp\/v2\/pages"}],"about":[{"href":"https:\/\/www.ptc.cz\/pl\/wp-json\/wp\/v2\/types\/page"}],"author":[{"embeddable":true,"href":"https:\/\/www.ptc.cz\/pl\/wp-json\/wp\/v2\/users\/1"}],"replies":[{"embeddable":true,"href":"https:\/\/www.ptc.cz\/pl\/wp-json\/wp\/v2\/comments?post=9306"}],"version-history":[{"count":2,"href":"https:\/\/www.ptc.cz\/pl\/wp-json\/wp\/v2\/pages\/9306\/revisions"}],"predecessor-version":[{"id":9312,"href":"https:\/\/www.ptc.cz\/pl\/wp-json\/wp\/v2\/pages\/9306\/revisions\/9312"}],"up":[{"embeddable":true,"href":"https:\/\/www.ptc.cz\/pl\/wp-json\/wp\/v2\/pages\/9286"}],"wp:attachment":[{"href":"https:\/\/www.ptc.cz\/pl\/wp-json\/wp\/v2\/media?parent=9306"}],"curies":[{"name":"wp","href":"https:\/\/api.w.org\/{rel}","templated":true}]}}