{"id":9316,"date":"2025-07-31T11:16:51","date_gmt":"2025-07-31T09:16:51","guid":{"rendered":"https:\/\/www.ptc.cz\/co-leczymy\/inne-diagnozy\/sarkomy\/"},"modified":"2026-03-10T12:06:31","modified_gmt":"2026-03-10T11:06:31","slug":"sarkomy","status":"publish","type":"page","link":"https:\/\/www.ptc.cz\/pl\/co-leczymy\/inne-diagnozy\/sarkomy\/","title":{"rendered":"Sarkomy"},"content":{"rendered":"<div class=\"gdc_row\">\n<div class=\"gdc_column gdc_chalf\">\n<div class=\"gdc_inner\">\n<p>Sarkomy to rzadka grupa nowotwor\u00f3w, kt\u00f3re powstaj\u0105 w tkankach mi\u0119kkich, takich jak mi\u0119\u015bnie, tkanka t\u0142uszczowa, tkanka \u0142\u0105czna lub nerwy oraz w ko\u015bciach. U&nbsp;doros\u0142ych stanowi\u0105 mniej ni\u017c 1% wszystkich nowotwor\u00f3w. Chocia\u017c jest to bardzo zr\u00f3\u017cnicowana grupa diagnoz, \u0142\u0105czy je podobne podej\u015bcie do leczenia.<\/p>\n<p>Do najcz\u0119stszych mi\u0119sak\u00f3w tkanek mi\u0119kkich u&nbsp;doros\u0142ych nale\u017c\u0105 liposarcoma, mi\u0119sak b\u0142ony maziowej, mi\u0119sak g\u0142adkokom\u00f3rkowy lub nowotwory wywodz\u0105ce si\u0119 z&nbsp;tkanek nerwowych. Rzadziej wyst\u0119puj\u0105 mi\u0119saki ko\u015bci, takie jak osteosarcoma, mi\u0119sak Ewinga lub chondrosarcoma.<\/p>\n<h4>Kto najcz\u0119\u015bciej choruje?<\/h4>\n<p>Sarkomy mog\u0105 dotyka\u0107 zar\u00f3wno dzieci, jak i&nbsp;doros\u0142ych. U&nbsp;doros\u0142ych pojawiaj\u0105 si\u0119 zazwyczaj w \u015brednim i&nbsp;starszym wieku, jednak niekt\u00f3re typy dotykaj\u0105 r\u00f3wnie\u017c m\u0142odszych pacjent\u00f3w.<\/p>\n<p>Nowotwory cz\u0119sto pozostaj\u0105 d\u0142ugo niewykryte. Objawiaj\u0105 si\u0119 na&nbsp;przyk\u0142ad stopniowo powi\u0119kszaj\u0105cym si\u0119 guzem, b\u00f3lem lub ograniczeniem ruchomo\u015bci w dotkni\u0119tym obszarze. Dlatego wa\u017cne jest, aby jak najszybciej zbada\u0107 wszelkie podejrzane zmiany.<\/p>\n<h4>Jak leczy si\u0119 sarkomy?<\/h4>\n<p>Leczenie sarkom\u00f3w jest zazwyczaj \u0142\u0105czone i&nbsp;mo\u017ce obejmowa\u0107:<\/p>\n<ul>\n<li>chirurgiczne usuni\u0119cie guza,<\/li>\n<li>radioterapi\u0119 (napromieniowanie),<\/li>\n<li>chemioterapi\u0119, w zale\u017cno\u015bci od rodzaju sarkomu.<\/li>\n<\/ul>\n<p>Celem jest jak najskuteczniejsze usuni\u0119cie guza przy jednoczesnym zachowaniu funkcji dotkni\u0119tej cz\u0119\u015bci cia\u0142a, na&nbsp;przyk\u0142ad ko\u0144czyny.<\/p>\n<p>Radioterapia mo\u017ce by\u0107 cz\u0119\u015bci\u0105 leczenia przed operacj\u0105 w celu zmniejszenia guza, po operacji w celu zmniejszenia ryzyka nawrotu choroby lub jako g\u0142\u00f3wne leczenie, gdy zabieg chirurgiczny nie jest mo\u017cliwy.<\/p>\n<\/div>\n<\/div>\n<div class=\"gdc_column gdc_chalf\">\n<div class=\"gdc_inner\">\n<h3><strong>Dlaczego warto wybra\u0107 terapi\u0119 protonow\u0105?<\/strong><\/h3>\n<p>Sarkomy mog\u0105 znajdowa\u0107 si\u0119 w pobli\u017cu wa\u017cnych struktur, takich jak nerwy, naczynia krwiono\u015bne, jelita, nerki lub narz\u0105dy miednicy. W\u0142a\u015bnie w takich sytuacjach wa\u017cn\u0105 rol\u0119 odgrywa delikatne i&nbsp;precyzyjne napromieniowanie.<\/p>\n<h4>Zalety terapii protonowej:<\/h4>\n<ul>\n<li>umo\u017cliwia podanie wysokiej dawki promieniowania niezb\u0119dnej w przypadku niekt\u00f3rych rodzaj\u00f3w sarkom\u00f3w,<\/li>\n<li>chroni otaczaj\u0105ce zdrowe tkanki i&nbsp;narz\u0105dy,<\/li>\n<li>zmniejsza ryzyko powik\u0142a\u0144 i&nbsp;p\u00f3\u017anych nast\u0119pstw,<\/li>\n<li>umo\u017cliwia ponowne napromieniowanie w przypadku nawrotu choroby.<\/li>\n<\/ul>\n<p>Terapia protonowa jest cz\u0119sto rozwa\u017cana w przypadku mi\u0119sak\u00f3w w trudnych lokalizacjach, na&nbsp;przyk\u0142ad w okolicy przestrzeni zaotrzewnowej (tylnej cz\u0119\u015bci brzucha), miednicy, g\u0142owy i&nbsp;szyi, w przypadku nowotwor\u00f3w w pobli\u017cu kr\u0119gos\u0142upa i&nbsp;struktur nerwowych.<\/p>\n<h4>Komu mo\u017cna zaleci\u0107 terapi\u0119 protonow\u0105?<\/h4>\n<ul>\n<li>w przypadku nowotwor\u00f3w po\u0142o\u017conych w pobli\u017cu wra\u017cliwych narz\u0105d\u00f3w (np. jelita cienkiego, nerek lub struktur nerwowych),<\/li>\n<li>w przypadku pacjent\u00f3w, u&nbsp;kt\u00f3rych nie mo\u017cna by\u0142o ca\u0142kowicie usun\u0105\u0107 guza operacyjnie lub istnieje wi\u0119ksze ryzyko jego nawrotu,<\/li>\n<li>je\u015bli do leczenia konieczne jest podanie wi\u0119kszej dawki promieniowania,<\/li>\n<li>w przypadku nowotwor\u00f3w, kt\u00f3rych nie mo\u017cna bezpiecznie operowa\u0107.<\/li>\n<li>w przypadku nawrotu choroby, gdy konieczne jest ponowne napromieniowanie tego samego obszaru.<\/li>\n<\/ul>\n<\/div>\n<\/div>\n<\/div>\n","protected":false},"excerpt":{"rendered":"","protected":false},"author":1,"featured_media":0,"parent":9286,"menu_order":0,"comment_status":"closed","ping_status":"closed","template":"template-service-detail-with-sidebar.php","meta":{"footnotes":""},"class_list":["post-9316","page","type-page","status-publish","hentry"],"acf":[],"aioseo_notices":[],"_links":{"self":[{"href":"https:\/\/www.ptc.cz\/pl\/wp-json\/wp\/v2\/pages\/9316","targetHints":{"allow":["GET"]}}],"collection":[{"href":"https:\/\/www.ptc.cz\/pl\/wp-json\/wp\/v2\/pages"}],"about":[{"href":"https:\/\/www.ptc.cz\/pl\/wp-json\/wp\/v2\/types\/page"}],"author":[{"embeddable":true,"href":"https:\/\/www.ptc.cz\/pl\/wp-json\/wp\/v2\/users\/1"}],"replies":[{"embeddable":true,"href":"https:\/\/www.ptc.cz\/pl\/wp-json\/wp\/v2\/comments?post=9316"}],"version-history":[{"count":2,"href":"https:\/\/www.ptc.cz\/pl\/wp-json\/wp\/v2\/pages\/9316\/revisions"}],"predecessor-version":[{"id":9322,"href":"https:\/\/www.ptc.cz\/pl\/wp-json\/wp\/v2\/pages\/9316\/revisions\/9322"}],"up":[{"embeddable":true,"href":"https:\/\/www.ptc.cz\/pl\/wp-json\/wp\/v2\/pages\/9286"}],"wp:attachment":[{"href":"https:\/\/www.ptc.cz\/pl\/wp-json\/wp\/v2\/media?parent=9316"}],"curies":[{"name":"wp","href":"https:\/\/api.w.org\/{rel}","templated":true}]}}