{"id":3130,"date":"2023-09-06T12:54:43","date_gmt":"2023-09-06T10:54:43","guid":{"rendered":"https:\/\/www.ptc.cz\/vnitrni-rad-ptc\/"},"modified":"2025-04-09T10:50:00","modified_gmt":"2025-04-09T08:50:00","slug":"vnutorny-poriadok-ptc","status":"publish","type":"page","link":"https:\/\/www.ptc.cz\/sk\/vnutorny-poriadok-ptc\/","title":{"rendered":"Vn\u00fatorn\u00fd poriadok PTC"},"content":{"rendered":"<p>Vn\u00fatorn\u00fd poriadok PTC n\u00e1jdete\u00a0<a href=\"https:\/\/www.ptc.cz\/wp-content\/uploads\/2025\/04\/Vnitrni-rad-CS.pdf\">tu<\/a>.<\/p>\n","protected":false},"excerpt":{"rendered":"<p>Vn\u00fatorn\u00fd poriadok PTC n\u00e1jdete\u00a0tu.<\/p>\n","protected":false},"author":1,"featured_media":0,"parent":0,"menu_order":3,"comment_status":"closed","ping_status":"closed","template":"","meta":{"footnotes":""},"class_list":["post-3130","page","type-page","status-publish","hentry"],"acf":[],"aioseo_notices":[],"_links":{"self":[{"href":"https:\/\/www.ptc.cz\/sk\/wp-json\/wp\/v2\/pages\/3130","targetHints":{"allow":["GET"]}}],"collection":[{"href":"https:\/\/www.ptc.cz\/sk\/wp-json\/wp\/v2\/pages"}],"about":[{"href":"https:\/\/www.ptc.cz\/sk\/wp-json\/wp\/v2\/types\/page"}],"author":[{"embeddable":true,"href":"https:\/\/www.ptc.cz\/sk\/wp-json\/wp\/v2\/users\/1"}],"replies":[{"embeddable":true,"href":"https:\/\/www.ptc.cz\/sk\/wp-json\/wp\/v2\/comments?post=3130"}],"version-history":[{"count":8,"href":"https:\/\/www.ptc.cz\/sk\/wp-json\/wp\/v2\/pages\/3130\/revisions"}],"predecessor-version":[{"id":8136,"href":"https:\/\/www.ptc.cz\/sk\/wp-json\/wp\/v2\/pages\/3130\/revisions\/8136"}],"wp:attachment":[{"href":"https:\/\/www.ptc.cz\/sk\/wp-json\/wp\/v2\/media?parent=3130"}],"curies":[{"name":"wp","href":"https:\/\/api.w.org\/{rel}","templated":true}]}}