{"id":3132,"date":"2023-09-06T12:54:03","date_gmt":"2023-09-06T10:54:03","guid":{"rendered":"https:\/\/www.ptc.cz\/cookies\/"},"modified":"2024-06-10T16:08:59","modified_gmt":"2024-06-10T14:08:59","slug":"cookies","status":"publish","type":"page","link":"https:\/\/www.ptc.cz\/sk\/cookies\/","title":{"rendered":"Cookies"},"content":{"rendered":"<p>Pre spr\u00e1vnu funkciu str\u00e1nok je niekedy nutn\u00e9 umiestni\u0165 mal\u00e9 d\u00e1tov\u00e9 s\u00fabory, ozna\u010dovan\u00e9 ako cookie, na&nbsp;Va\u0161e zariadenie.<\/p>\n<h3>\u010co s\u00fa to s\u00fabory cookie<\/h3>\n<p>Cookie je kr\u00e1tky textov\u00fd s\u00fabor, ktor\u00fd nav\u0161t\u00edven\u00e1 webov\u00e1 str\u00e1nka odo\u0161le do prehliada\u010da. Umo\u017e\u0148uje webu zaznamena\u0165 inform\u00e1cie o&nbsp;Va\u0161ej n\u00e1v\u0161teve, zapam\u00e4ta\u0165 si Va\u0161e predvo\u013eby a&nbsp;nastavenie. Va\u0161a bud\u00faca n\u00e1v\u0161teva str\u00e1nok tak m\u00f4\u017ee by\u0165 \u013eah\u0161ia a&nbsp;efekt\u00edvnej\u0161ia. Bez s\u00faborov cookie by bolo prehliadanie webu ove\u013ea zlo\u017eitej\u0161ie. Hoci pri opakovanej n\u00e1v\u0161teve webov\u00fdch str\u00e1nok umo\u017e\u0148uj\u00fa s\u00fabory cookie identifikova\u0165 V\u00e1\u0161 po\u010d\u00edta\u010d, neumo\u017e\u0148uj\u00fa akoko\u013evek identifikova\u0165 v\u00e1s osobne.<\/p>\n<p>Na&nbsp;identifik\u00e1ciu po\u010d\u00edta\u010da sa pou\u017e\u00edva IP adresa, \u010do je unik\u00e1tne \u010d\u00edslo, ktor\u00e9 je pridelen\u00e9 po\u010d\u00edta\u010du alebo in\u00e9mu zariadeniu komunikuj\u00facemu prostredn\u00edctvom internetov\u00e9ho protokolu. Pri ka\u017edom prenose d\u00e1t je nutn\u00e9 pozna\u0165 IP adresu odosielate\u013ea aj pr\u00edjemcu. \u0160tandardn\u00e9 webov\u00e9 prehliada\u010de podporuj\u00fa spr\u00e1vu s\u00faborov cookie. Ak bude ma\u0165 V\u00e1\u0161 prehliada\u010d pou\u017eitie s\u00faborov cookie povolen\u00e9, budeme vych\u00e1dza\u0165 z&nbsp;toho, \u017ee s\u00fahlas\u00edte s&nbsp;vyu\u017e\u00edvan\u00edm \u0161tandardn\u00fdch s\u00faborov cookie zo strany na\u0161ej webovej str\u00e1nky.<\/p>\n<h3>Na \u010do sa s\u00fabory cookie vyu\u017e\u00edvaj\u00fa<\/h3>\n<ol>\n<li>Zaistenie funk\u010dnosti internetovej str\u00e1nky \u2013 pom\u00e1haj\u00fa, aby bola webov\u00e1 str\u00e1nka pou\u017eite\u013en\u00e1 tak, \u017ee umo\u017en\u00ed z\u00e1kladn\u00e9 funkcie, ako s\u00fa napr. navig\u00e1cia str\u00e1nky, pr\u00edstup k&nbsp;zabezpe\u010den\u00fdm sekci\u00e1m webovej str\u00e1nky, r\u00fdchle na\u010d\u00edtanie obsahu internetovej str\u00e1nky \u010di overenie pou\u017e\u00edvate\u013ea. Webov\u00e1 str\u00e1nka nem\u00f4\u017ee spr\u00e1vne fungova\u0165 bez spracovania t\u00fdchto \u00fadajov, ktor\u00e9 s\u00fa na&nbsp;tento \u00fa\u010del nutn\u00e9.<\/li>\n<li>Ulo\u017eenie preferenci\u00ed pou\u017e\u00edvate\u013ea na&nbsp;dom\u00e9ne po\u010das rel\u00e1cie a&nbsp;ulo\u017eenie preferenci\u00ed naprie\u010d webov\u00fdmi str\u00e1nkami \u2013 zvy\u0161uj\u00fa v\u00e1\u0161 pou\u017e\u00edvate\u013esk\u00fd komfort t\u00fdm, \u017ee si internetov\u00e1 str\u00e1nka, popr. spriaznen\u00e9 webov\u00e9 str\u00e1nky, ulo\u017e\u00ed inform\u00e1cie o&nbsp;va\u0161om nastaven\u00ed, ako je napr\u00edklad vo\u013eba jazyka, regi\u00f3nu, rozl\u00ed\u0161enie obrazovky, s\u00fahlase s&nbsp;pou\u017eit\u00edm s\u00faborov cookie a&nbsp;\u010fal\u0161ie.<\/li>\n<li>Meranie n\u00e1v\u0161tevnosti webov\u00fdch str\u00e1nok \u2013 analytick\u00e9 s\u00fabory cookie sl\u00fa\u017eia na&nbsp;meranie n\u00e1v\u0161tevnosti webov\u00fdch str\u00e1nok a&nbsp;neobsahuj\u00fa unik\u00e1tnu identifik\u00e1ciu pou\u017e\u00edvate\u013ea.<\/li>\n<li>\u0160tatistika a&nbsp;anal\u00fdza spr\u00e1vania pou\u017e\u00edvate\u013ea \u2013 sl\u00fa\u017eia na&nbsp;vytv\u00e1ranie \u0161tatist\u00edk, sledovanie a&nbsp;anal\u00fdzu spr\u00e1vania pou\u017e\u00edvate\u013ea na&nbsp;internetov\u00fdch str\u00e1nkach. Na&nbsp;ich z\u00e1klade je mo\u017en\u00e9 vytv\u00e1ra\u0165 anonymizovan\u00e9 reporty, z&nbsp;ktor\u00fdch je mo\u017en\u00e9 doh\u013eada\u0165 dotknut\u00fa osobu pomocou ur\u010ditej kombin\u00e1cie osobn\u00fdch \u00fadajov osoby v&nbsp;intern\u00fdch datab\u00e1zach.<\/li>\n<li>Marketing \u2013 sl\u00fa\u017ei napr. na&nbsp;zv\u00fd\u0161enie pr\u00ed\u0165a\u017elivosti rekl\u00e1m v\u00fdberom t\u00fdch, ktor\u00e9 s\u00fa pre v\u00e1s relevantn\u00e9.<\/li>\n<\/ol>\n<h3>Rozsah sprac\u00favania<\/h3>\n<p>Sprac\u00favanie osobn\u00fdch \u00fadajov zah\u0155\u0148a najm\u00e4 zber, ulo\u017eenie na&nbsp;d\u00e1tov\u00fdch nosi\u010doch, triedenie, vyu\u017e\u00edvanie, ukladanie a&nbsp;mazanie osobn\u00fdch \u00fadajov automaticky \u010di manu\u00e1lne tak, aby tieto \u010dinnosti naplnili \u00fa\u010del \u2013 pozri bod Na&nbsp;\u010do sa s\u00fabory cookie vyu\u017e\u00edvaj\u00fa.<\/p>\n<p>Sprac\u00fava\u0165 sa m\u00f4\u017eu \u00fadaje t\u00fdkaj\u00face sa v\u00e1\u0161ho pou\u017e\u00edvania webu, najm\u00e4:<\/p>\n<ol>\n<li>\u00fadaje o&nbsp;zariaden\u00ed, z&nbsp;ktor\u00e9ho sa prip\u00e1jate k&nbsp;webu, ako s\u00fa IP adresa, opera\u010dn\u00fd syst\u00e9m, model,<\/li>\n<li>\u010das a&nbsp;trvanie pou\u017e\u00edvania webu, \u00fadaje o&nbsp;vyh\u013ead\u00e1van\u00ed na&nbsp;webe,<\/li>\n<li>\u00fadaje o&nbsp;va\u0161ej polohe,<\/li>\n<li>in\u00e9 \u00fadaje o&nbsp;va\u0161om vyu\u017e\u00edvan\u00ed webu, ktor\u00e9 m\u00f4\u017eu by\u0165 sprac\u00favan\u00e9, ak pou\u017eijete str\u00e1nky tret\u00edch str\u00e1n na&nbsp;spolupr\u00e1cu s&nbsp;nami.<\/li>\n<\/ol>\n<h3>Dobrovo\u013enos\u0165 sprac\u00favania<\/h3>\n<p>Niektor\u00e9 osobn\u00e9 \u00fadaje, ako s\u00fa napr. s\u00fabory cookie sprac\u00favan\u00e9 najm\u00e4 s&nbsp;cie\u013eom mera\u0165 n\u00e1v\u0161tevnos\u0165 webov\u00fdch str\u00e1nok, vytv\u00e1ra\u0165 \u0161tatistiky t\u00fdkaj\u00face sa n\u00e1v\u0161tevnosti a&nbsp;spr\u00e1vania n\u00e1v\u0161tevn\u00edkov na&nbsp;webov\u00fdch str\u00e1nkach, a&nbsp;zaisti\u0165 fungovanie webov\u00fdch str\u00e1nok, sa sprac\u00favaj\u00fa na&nbsp;z\u00e1klade opr\u00e1vnen\u00e9ho z\u00e1ujmu na\u0161ej spolo\u010dnosti. Na&nbsp;ostatn\u00e9 \u00fa\u010dely, ako je napr. marketing, sa va\u0161e osobn\u00e9 \u00fadaje sprac\u00favaj\u00fa iba na&nbsp;z\u00e1klade v\u00e1\u0161ho s\u00fahlasu. Poskytovanie \u00fadajov na&nbsp;tak\u00e9to spracovanie je z&nbsp;va\u0161ej strany dobrovo\u013en\u00e9, t. j. tieto \u00fadaje nie ste povinn\u00ed n\u00e1m poskytova\u0165.<\/p>\n<h3>Obdobie sprac\u00favania s\u00faborov cookie<\/h3>\n<p>Rela\u010dn\u00e9 s\u00fabory cookie s\u00fa do\u010dasn\u00e9 s\u00fabory, ktor\u00e9 s\u00fa ulo\u017een\u00e9 vo va\u0161om po\u010d\u00edta\u010di len do ukon\u010denia rel\u00e1cie prehliada\u010da, umo\u017e\u0148uj\u00fa uchov\u00e1va\u0165 inform\u00e1cie pri prech\u00e1dzan\u00ed z&nbsp;jednej webovej str\u00e1nky na&nbsp;druh\u00fa a&nbsp;odstra\u0148uj\u00fa potrebu opakovane zad\u00e1va\u0165 niektor\u00e9 \u00fadaje.<\/p>\n<p>Permanentn\u00e9 s\u00fabory cookie sa vyu\u017e\u00edvaj\u00fa na&nbsp;va\u0161u \u013eah\u0161iu a&nbsp;pohodlnej\u0161iu orient\u00e1ciu na&nbsp;na\u0161ich Internetov\u00fdch str\u00e1nkach (napr\u00edklad jednoduch\u0161ia a&nbsp;r\u00fdchlej\u0161ia navig\u00e1cia). Tieto s\u00fabory cookie zost\u00e1vaj\u00fa medzi s\u00fabormi cookie v\u00e1\u0161ho prehliada\u010da dlh\u0161ie. D\u013a\u017eka toho obdobia z\u00e1vis\u00ed od zvolen\u00e9ho nastavenia internetov\u00e9ho prehliada\u010da. Permanentn\u00e9 s\u00fabory cookie umo\u017e\u0148uj\u00fa presun inform\u00e1ci\u00ed na&nbsp;internetov\u00fd server pri ka\u017edej n\u00e1v\u0161teve Internetov\u00fdch str\u00e1nok.<\/p>\n<p>S\u00fabory cookie m\u00f4\u017eete v&nbsp;nastaven\u00ed svojho internetov\u00e9ho prehliada\u010da odmietnu\u0165 alebo si nastavi\u0165 pou\u017e\u00edvanie len niektor\u00fdch. Ak v\u0161ak nepovol\u00edte pou\u017eitie s\u00faborov cookie, niektor\u00e9 funkcie nemusia fungova\u0165 tak, ako by mali.\u00a0Nastavenie s\u00fakromia vo Va\u0161om po\u010d\u00edta\u010di, kde je mo\u017en\u00e9 pou\u017eitie s\u00faborov cookie odmietnu\u0165 \u010di zak\u00e1za\u0165, n\u00e1jdete v&nbsp;menu pr\u00edslu\u0161n\u00e9ho internetov\u00e9ho prehliada\u010da. Nastavenie s\u00faborov cookie v&nbsp;naj\u010dastej\u0161ie pou\u017e\u00edvan\u00fdch prehliada\u010doch n\u00e1jdete na&nbsp;nasledovn\u00fdch internetov\u00fdch str\u00e1nkach:<\/p>\n<ul>\n<li>Google Chrome: <a href=\"https:\/\/support.google.com\/accounts\/answer\/61416?hl=cz\">https:\/\/support.google.com\/accounts\/answer\/61416?hl=cz<\/a><\/li>\n<li>Internet Explorer: <a href=\"http:\/\/windows.microsoft.com\/cs-cz\/internet-explorer\/delete-manage-cookies#ie=ie-11\">http:\/\/windows.microsoft.com\/cs-cz\/internet-explorer\/delete-manage-cookies#ie=ie-11<\/a><\/li>\n<li>Microsoft Edge: <a href=\"http:\/\/windows.microsoft.com\/cs-cz\/windows-10\/edge-privacy-faq\">http:\/\/windows.microsoft.com\/cs-cz\/windows-10\/edge-privacy-faq<\/a><\/li>\n<li>Mozilla Firefox: <a href=\"https:\/\/support.mozilla.org\/cs\/kb\/vymazani-cookies\">https:\/\/support.mozilla.org\/cs\/kb\/vymazani-cookies <\/a><\/li>\n<li>Opera: <a href=\"http:\/\/help.opera.com\/Windows\/9.64\/cs\/cookies.html\">http:\/\/help.opera.com\/Windows\/9.64\/cs\/cookies.html<\/a><\/li>\n<\/ul>\n<h3>Osoby, ktor\u00fdm m\u00f4\u017eu by\u0165 osobn\u00e9 \u00fadaje spr\u00edstupnen\u00e9<\/h3>\n<p>Z\u00edskan\u00e9 osobn\u00e9 \u00fadaje m\u00f4\u017eeme v&nbsp;od\u00f4vodnen\u00fdch pr\u00edpadoch spr\u00edstupni\u0165 \u010fal\u0161\u00edm stran\u00e1m, ktor\u00fdmi s\u00fa analytick\u00e9 a&nbsp;\u0161tatistick\u00e9 spolo\u010dnosti, napr. Google Analytics. \u010ealej m\u00f4\u017eu by\u0165 va\u0161e osobn\u00e9 \u00fadaje poskytnut\u00e9 na&nbsp;vy\u017eiadanie org\u00e1nom verejnej moci \u010di org\u00e1nom \u010dinn\u00fdm v&nbsp;trestnom konan\u00ed, a&nbsp;to v&nbsp;nutnom rozsahu a&nbsp;v&nbsp;medziach z\u00e1kona.<\/p>\n","protected":false},"excerpt":{"rendered":"<p>Pre spr\u00e1vnu funkciu str\u00e1nok je niekedy nutn\u00e9 umiestni\u0165 mal\u00e9 d\u00e1tov\u00e9 s\u00fabory, ozna\u010dovan\u00e9 ako cookie, na&nbsp;Va\u0161e zariadenie. \u010co s\u00fa to s\u00fabory cookie Cookie je kr\u00e1tky textov\u00fd s\u00fabor, ktor\u00fd nav\u0161t\u00edven\u00e1 webov\u00e1 str\u00e1nka odo\u0161le do prehliada\u010da. Umo\u017e\u0148uje webu zaznamena\u0165 inform\u00e1cie o&nbsp;Va\u0161ej n\u00e1v\u0161teve, zapam\u00e4ta\u0165 si Va\u0161e predvo\u013eby a&nbsp;nastavenie. Va\u0161a bud\u00faca n\u00e1v\u0161teva str\u00e1nok tak m\u00f4\u017ee by\u0165 \u013eah\u0161ia a&nbsp;efekt\u00edvnej\u0161ia. Bez s\u00faborov&#8230;<\/p>\n","protected":false},"author":1,"featured_media":0,"parent":0,"menu_order":5,"comment_status":"closed","ping_status":"closed","template":"","meta":{"footnotes":""},"class_list":["post-3132","page","type-page","status-publish","hentry"],"acf":[],"aioseo_notices":[],"_links":{"self":[{"href":"https:\/\/www.ptc.cz\/sk\/wp-json\/wp\/v2\/pages\/3132","targetHints":{"allow":["GET"]}}],"collection":[{"href":"https:\/\/www.ptc.cz\/sk\/wp-json\/wp\/v2\/pages"}],"about":[{"href":"https:\/\/www.ptc.cz\/sk\/wp-json\/wp\/v2\/types\/page"}],"author":[{"embeddable":true,"href":"https:\/\/www.ptc.cz\/sk\/wp-json\/wp\/v2\/users\/1"}],"replies":[{"embeddable":true,"href":"https:\/\/www.ptc.cz\/sk\/wp-json\/wp\/v2\/comments?post=3132"}],"version-history":[{"count":2,"href":"https:\/\/www.ptc.cz\/sk\/wp-json\/wp\/v2\/pages\/3132\/revisions"}],"predecessor-version":[{"id":3388,"href":"https:\/\/www.ptc.cz\/sk\/wp-json\/wp\/v2\/pages\/3132\/revisions\/3388"}],"wp:attachment":[{"href":"https:\/\/www.ptc.cz\/sk\/wp-json\/wp\/v2\/media?parent=3132"}],"curies":[{"name":"wp","href":"https:\/\/api.w.org\/{rel}","templated":true}]}}