{"id":3156,"date":"2023-06-13T10:20:43","date_gmt":"2023-06-13T08:20:43","guid":{"rendered":"https:\/\/www.ptc.cz\/moderni-diagnostika\/magneticka-rezonance\/"},"modified":"2025-01-09T10:26:17","modified_gmt":"2025-01-09T09:26:17","slug":"magneticka-rezonancia","status":"publish","type":"page","link":"https:\/\/www.ptc.cz\/sk\/moderna-diagnostika\/magneticka-rezonancia\/","title":{"rendered":"Magnetick\u00e1 rezonancia"},"content":{"rendered":"<p>Magnetick\u00e1 rezonancia (MRI) je modern\u00e1 neinvaz\u00edvna diagnostick\u00e1 zobrazovacia met\u00f3da, ktor\u00e1 umo\u017e\u0148uje detailn\u00fd poh\u013ead do vn\u00fatorn\u00fdch \u0161trukt\u00far tela. Pomocou siln\u00e9ho magnetick\u00e9ho po\u013ea a&nbsp;r\u00e1diov\u00fdch v\u013an vytv\u00e1ra MRI detailn\u00e9 obr\u00e1zky org\u00e1nov a&nbsp;tkan\u00edv, ktor\u00e9 s\u00fa vyu\u017e\u00edvan\u00e9 na&nbsp;diagnostiku a&nbsp;sledovanie r\u00f4znych zdravotn\u00fdch stavov.<\/p>\n<p>MRI vyu\u017e\u00edva siln\u00e9 magnetick\u00e9 pole a&nbsp;r\u00e1diov\u00e9 vlny na&nbsp;vytvorenie podrobn\u00fdch obrazov vn\u00fatorn\u00fdch org\u00e1nov a&nbsp;\u0161trukt\u00far tela. Ke\u010f pacient vst\u00fapi do MRI pr\u00edstroja, magnetick\u00e9 pole ovplyv\u0148uje at\u00f3my vod\u00edka v&nbsp;tele. Tieto at\u00f3my vysielaj\u00fa sign\u00e1ly, ktor\u00e9 s\u00fa zachyten\u00e9 a&nbsp;spracovan\u00e9 do obr\u00e1zkov. Na&nbsp;rozdiel od r\u00f6ntgenov a&nbsp;CT, MRI nepou\u017e\u00edva ionizuj\u00face \u017eiarenie, \u010do rob\u00ed t\u00fato met\u00f3du bezpe\u010dnej\u0161ou pre opakovan\u00e9 pou\u017eitie.<\/p>\n","protected":false},"excerpt":{"rendered":"<p>Magnetick\u00e1 rezonancia (MRI) je modern\u00e1 neinvaz\u00edvna diagnostick\u00e1 zobrazovacia met\u00f3da, ktor\u00e1 umo\u017e\u0148uje detailn\u00fd poh\u013ead do vn\u00fatorn\u00fdch \u0161trukt\u00far tela. Pomocou siln\u00e9ho magnetick\u00e9ho po\u013ea a&nbsp;r\u00e1diov\u00fdch v\u013an vytv\u00e1ra MRI detailn\u00e9 obr\u00e1zky org\u00e1nov a&nbsp;tkan\u00edv, ktor\u00e9 s\u00fa vyu\u017e\u00edvan\u00e9 na&nbsp;diagnostiku a&nbsp;sledovanie r\u00f4znych zdravotn\u00fdch stavov. MRI vyu\u017e\u00edva siln\u00e9 magnetick\u00e9 pole a&nbsp;r\u00e1diov\u00e9 vlny na&nbsp;vytvorenie podrobn\u00fdch obrazov vn\u00fatorn\u00fdch org\u00e1nov a&nbsp;\u0161trukt\u00far tela. Ke\u010f pacient vst\u00fapi do&#8230;<\/p>\n","protected":false},"author":1,"featured_media":7820,"parent":3155,"menu_order":103,"comment_status":"closed","ping_status":"closed","template":"template-page-with-sidebar.php","meta":{"footnotes":""},"class_list":["post-3156","page","type-page","status-publish","has-post-thumbnail","hentry"],"acf":[],"aioseo_notices":[],"_links":{"self":[{"href":"https:\/\/www.ptc.cz\/sk\/wp-json\/wp\/v2\/pages\/3156","targetHints":{"allow":["GET"]}}],"collection":[{"href":"https:\/\/www.ptc.cz\/sk\/wp-json\/wp\/v2\/pages"}],"about":[{"href":"https:\/\/www.ptc.cz\/sk\/wp-json\/wp\/v2\/types\/page"}],"author":[{"embeddable":true,"href":"https:\/\/www.ptc.cz\/sk\/wp-json\/wp\/v2\/users\/1"}],"replies":[{"embeddable":true,"href":"https:\/\/www.ptc.cz\/sk\/wp-json\/wp\/v2\/comments?post=3156"}],"version-history":[{"count":2,"href":"https:\/\/www.ptc.cz\/sk\/wp-json\/wp\/v2\/pages\/3156\/revisions"}],"predecessor-version":[{"id":6747,"href":"https:\/\/www.ptc.cz\/sk\/wp-json\/wp\/v2\/pages\/3156\/revisions\/6747"}],"up":[{"embeddable":true,"href":"https:\/\/www.ptc.cz\/sk\/wp-json\/wp\/v2\/pages\/3155"}],"wp:featuredmedia":[{"embeddable":true,"href":"https:\/\/www.ptc.cz\/sk\/wp-json\/wp\/v2\/media\/7820"}],"wp:attachment":[{"href":"https:\/\/www.ptc.cz\/sk\/wp-json\/wp\/v2\/media?parent=3156"}],"curies":[{"name":"wp","href":"https:\/\/api.w.org\/{rel}","templated":true}]}}