{"id":3159,"date":"2023-06-13T13:12:42","date_gmt":"2023-06-13T11:12:42","guid":{"rendered":"https:\/\/www.ptc.cz\/moderni-diagnostika\/magneticka-rezonance\/informace-o-vysetreni-magnetickou-rezonanci-pro-lekare\/"},"modified":"2026-04-16T11:25:46","modified_gmt":"2026-04-16T09:25:46","slug":"informacie-o-vysetreni-magnetickou-rezonanciou-pre-lekarov","status":"publish","type":"page","link":"https:\/\/www.ptc.cz\/sk\/moderna-diagnostika\/magneticka-rezonancia\/informacie-o-vysetreni-magnetickou-rezonanciou-pre-lekarov\/","title":{"rendered":"Inform\u00e1cie o&nbsp;vy\u0161etren\u00ed magnetickou rezonanciou pre lek\u00e1rov"},"content":{"rendered":"<p>Prot\u00f3nov\u00e9 centrum v&nbsp;Prahe pon\u00faka vybran\u00e9 diagnostick\u00e9 vy\u0161etrenia, a&nbsp;to magnetick\u00fa rezonanciu (MR) a&nbsp;pozitr\u00f3nov\u00fa emisn\u00fa tomografiu v&nbsp;kombin\u00e1cii s&nbsp;po\u010d\u00edta\u010dovou tomografiou (PET\/CT). Vy\u0161etrenie vykon\u00e1vame nielen u&nbsp;onkologicky chor\u00fdch pacientov Prot\u00f3nov\u00e9ho centra, ale aj u&nbsp;v\u0161etk\u00fdch ostatn\u00fdch pacientov, ktor\u00fdm o\u0161etruj\u00faci lek\u00e1r vystav\u00ed \u017eiadanku.<\/p>\n<h4>Oddelenie R\u00e1diodiagnostiky vykon\u00e1va nasleduj\u00face vy\u0161etrenia:<\/h4>\n<ul>\n<li>MR zobrazenie hlavy (napr. mozgu vr\u00e1tane MR angiografia, spektroskopia mozgu),<\/li>\n<li>MR kon\u010dat\u00edn, k\u013abov, chrbtice (kr\u010dn\u00e9, hrudn\u00e9 alebo bedrov\u00e9),<\/li>\n<li>MR m\u00e4kk\u00fdch tkan\u00edv,<\/li>\n<li>MR zobrazenie krku, hrudn\u00edka, brucha, panvy,<\/li>\n<li>MR angiografia,<\/li>\n<li>MR spektroskopia,<\/li>\n<li>MR cholangiopankreatikografie (MRCP)<\/li>\n<li>MR prsn\u00edka.<\/li>\n<\/ul>\n<p><strong>Objedn\u00e1vacia doba je zvy\u010dajne 2\u20133 t\u00fd\u017edne a&nbsp;l\u00ed\u0161i sa pod\u013ea typu vy\u0161etrenia. Pri niektor\u00fdch m\u00f4\u017ee by\u0165 aj dlh\u0161ia. Radi v\u00e1m zavol\u00e1me, ak sa uvo\u013en\u00ed skor\u0161\u00ed term\u00edn.<\/strong><\/p>\n<p>&nbsp;<\/p>\n<h3>1. Ako objedna\u0165 pacienta na&nbsp;vy\u0161etrenie magnetickou rezonanciou<\/h3>\n<ul>\n<li>\u017diadanka na&nbsp;MR vy\u0161etrenie (PDF na&nbsp;stiahnutie)<\/li>\n<li>\u017diadanka na&nbsp;MR vy\u0161etrenie (na&nbsp;vyplnenie online)<\/li>\n<\/ul>\n<p>Vyplnen\u00fd formul\u00e1r \u017eiadanky na&nbsp;vy\u0161etrenie magnetickou rezonanciou s&nbsp;\u00fadajmi o&nbsp;pacientovi, vr\u00e1tane zd\u00f4vodnenia, detailnej \u0161pecifik\u00e1cie vy\u0161etrenia, pe\u010diatky a&nbsp;podpisu, za\u0161lite, pros\u00edme, na&nbsp;e-mailov\u00fa adresu: <a href=\"mailto:zadanky@ptc.cz\">zadanky@ptc.cz<\/a>.<\/p>\n<p>\u010eal\u0161ou mo\u017enos\u0165ou je vyplnenie \u017eiadanky online, kde po kliknut\u00ed na&nbsp;odkaz, pros\u00edm, vypl\u0148te po\u017eadovan\u00e9 \u00fadaje a&nbsp;stla\u010dte tla\u010didlo &#8220;Odosla\u0165 \u017eiadanku.&#8221;<\/p>\n<p>Najnesk\u00f4r nasleduj\u00faci pracovn\u00fd de\u0148 v\u00e1m ozn\u00e1mime najbli\u017e\u0161\u00ed term\u00edn vy\u0161etrenia.<\/p>\n<p>Pre niektor\u00e9 typy MR vy\u0161etren\u00ed je niekedy nutn\u00e9 podanie kontrastnej l\u00e1tky. Preto po\u017eadujeme predch\u00e1dzaj\u00face vykonanie laborat\u00f3rnej kontroly ren\u00e1lnych funkci\u00ed pacienta. Predch\u00e1dzame t\u00fdm nutnosti vykona\u0165 iba nat\u00edvne, teda menej v\u00fd\u0165a\u017en\u00e9, vy\u0161etrenie alebo presun\u00fa\u0165 pacienta na&nbsp;n\u00e1hradn\u00fd term\u00edn, a\u017e po obdr\u017ean\u00ed laborat\u00f3rnych v\u00fdsledkov.<\/p>\n<p>Sme schopn\u00ed zaisti\u0165 aj kvalitn\u00e9 vy\u0161etrenie v&nbsp;celkovej anest\u00e9zii detsk\u00fdch pacientov i&nbsp;dospel\u00fdch pacientov so \u0161pecifick\u00fdmi probl\u00e9mami (klaustrof\u00f3bia).<\/p>\n<h3>2. MR &#8211; na&nbsp;stiahnutie pre lek\u00e1ra<\/h3>\n<p><a href=\"https:\/\/www.ptc.cz\/wp-content\/uploads\/2023\/08\/brozura-a5-mr-nahled-v3.pdf\">Pou\u010denie pre pacienta &#8211; Magnetick\u00e1 rezonancia (PDF na&nbsp;stiahnutie)<\/a><\/p>\n<p>Aby sme v\u00e1\u0161ho pacienta u\u0161etrili pr\u00edpadn\u00fdch ob\u00e1v z&nbsp;vy\u0161etrenia, pripravili sme po \u0148om z\u00e1kladn\u00e9 inform\u00e1cie o&nbsp;vy\u0161etren\u00ed MR.<\/p>\n<p><a href=\"https:\/\/www.ptc.cz\/wp-content\/uploads\/2023\/08\/informovany-souhlas-mr-vysetreni-cs-verze-9.doc\">Informovan\u00fd s\u00fahlas pacienta s&nbsp;MR vy\u0161etren\u00edm (na&nbsp;stiahnutie)<\/a><\/p>\n<p>Informovan\u00fd s\u00fahlas s&nbsp;vy\u0161etren\u00edm MR si m\u00f4\u017ee pacient pre\u0161tudova\u0165 v&nbsp;pokoji domova. M\u00f4\u017ee ho vyplni\u0165 a&nbsp;podp\u00edsa\u0165 a\u017e pri n\u00e1v\u0161teve Protonov\u00e9ho centra.<\/p>\n","protected":false},"excerpt":{"rendered":"<p>Prot\u00f3nov\u00e9 centrum v&nbsp;Prahe pon\u00faka vybran\u00e9 diagnostick\u00e9 vy\u0161etrenia, a&nbsp;to magnetick\u00fa rezonanciu (MR) a&nbsp;pozitr\u00f3nov\u00fa emisn\u00fa tomografiu v&nbsp;kombin\u00e1cii s&nbsp;po\u010d\u00edta\u010dovou tomografiou (PET\/CT). Vy\u0161etrenie vykon\u00e1vame nielen u&nbsp;onkologicky chor\u00fdch pacientov Prot\u00f3nov\u00e9ho centra, ale aj u&nbsp;v\u0161etk\u00fdch ostatn\u00fdch pacientov, ktor\u00fdm o\u0161etruj\u00faci lek\u00e1r vystav\u00ed \u017eiadanku. Oddelenie R\u00e1diodiagnostiky vykon\u00e1va nasleduj\u00face vy\u0161etrenia: MR zobrazenie hlavy (napr. mozgu vr\u00e1tane MR angiografia, spektroskopia mozgu), MR kon\u010dat\u00edn, k\u013abov, chrbtice&#8230;<\/p>\n","protected":false},"author":1,"featured_media":3110,"parent":3156,"menu_order":99,"comment_status":"closed","ping_status":"closed","template":"template-page-with-sidebar.php","meta":{"footnotes":""},"class_list":["post-3159","page","type-page","status-publish","has-post-thumbnail","hentry"],"acf":[],"aioseo_notices":[],"_links":{"self":[{"href":"https:\/\/www.ptc.cz\/sk\/wp-json\/wp\/v2\/pages\/3159","targetHints":{"allow":["GET"]}}],"collection":[{"href":"https:\/\/www.ptc.cz\/sk\/wp-json\/wp\/v2\/pages"}],"about":[{"href":"https:\/\/www.ptc.cz\/sk\/wp-json\/wp\/v2\/types\/page"}],"author":[{"embeddable":true,"href":"https:\/\/www.ptc.cz\/sk\/wp-json\/wp\/v2\/users\/1"}],"replies":[{"embeddable":true,"href":"https:\/\/www.ptc.cz\/sk\/wp-json\/wp\/v2\/comments?post=3159"}],"version-history":[{"count":6,"href":"https:\/\/www.ptc.cz\/sk\/wp-json\/wp\/v2\/pages\/3159\/revisions"}],"predecessor-version":[{"id":9432,"href":"https:\/\/www.ptc.cz\/sk\/wp-json\/wp\/v2\/pages\/3159\/revisions\/9432"}],"up":[{"embeddable":true,"href":"https:\/\/www.ptc.cz\/sk\/wp-json\/wp\/v2\/pages\/3156"}],"wp:featuredmedia":[{"embeddable":true,"href":"https:\/\/www.ptc.cz\/sk\/wp-json\/wp\/v2\/media\/3110"}],"wp:attachment":[{"href":"https:\/\/www.ptc.cz\/sk\/wp-json\/wp\/v2\/media?parent=3159"}],"curies":[{"name":"wp","href":"https:\/\/api.w.org\/{rel}","templated":true}]}}