{"id":3160,"date":"2023-06-13T13:13:51","date_gmt":"2023-06-13T11:13:51","guid":{"rendered":"https:\/\/www.ptc.cz\/moderni-diagnostika\/magneticka-rezonance\/informace-o-vysetreni-magnetickou-rezonanci-pro-pacienty\/"},"modified":"2026-04-16T11:34:18","modified_gmt":"2026-04-16T09:34:18","slug":"informacie-o-vysetreni-magnetickou-rezonanciou-pre-pacientov","status":"publish","type":"page","link":"https:\/\/www.ptc.cz\/sk\/moderna-diagnostika\/magneticka-rezonancia\/informacie-o-vysetreni-magnetickou-rezonanciou-pre-pacientov\/","title":{"rendered":"Inform\u00e1cie o&nbsp;vy\u0161etren\u00ed magnetickou rezonanciou pre pacientov"},"content":{"rendered":"<div class=\"row\">\n<div class=\"col js-imageOptimalization\">\n<p>Prot\u00f3nov\u00e9 centrum v&nbsp;Prahe pon\u00faka vybran\u00e9 diagnostick\u00e9 vy\u0161etrenia, a&nbsp;to magnetick\u00fa rezonanciu (MR) a&nbsp;pozitr\u00f3nov\u00fa emisn\u00fa tomografiu v&nbsp;kombin\u00e1cii s&nbsp;po\u010d\u00edta\u010dovou tomografiou (PET\/CT). Vy\u0161etrenie vykon\u00e1vame nielen u&nbsp;onkologicky chor\u00fdch pacientov Prot\u00f3nov\u00e9ho centra, ale aj u&nbsp;v\u0161etk\u00fdch ostatn\u00fdch pacientov, ktor\u00fdm o\u0161etruj\u00faci lek\u00e1r vystav\u00ed \u017eiadanku.<\/p>\n<p><strong>Oddelenie R\u00e1diodiagnostiky vykon\u00e1va nasleduj\u00face vy\u0161etrenia:<\/strong><\/p>\n<ul>\n<li>MR zobrazenie hlavy (napr. mozgu vr\u00e1tane MR angiografia, spektroskopia mozgu),<\/li>\n<li>MR kon\u010dat\u00edn, k\u013abov, chrbtice (kr\u010dn\u00e9, hrudn\u00e9 alebo bedrov\u00e9),<\/li>\n<li>MR m\u00e4kk\u00fdch tkan\u00edv,<\/li>\n<li>MR zobrazenie krku, hrudn\u00edka, brucha, panvy,<\/li>\n<li>MR angiografia,<\/li>\n<li>MR \u017el\u010dov\u00fdch a&nbsp;pankreatick\u00fdch ciest bez endoskopick\u00e9ho z\u00e1sahu (cholangiopankreatikografie),<\/li>\n<li>MR prsn\u00edka.<\/li>\n<\/ul>\n<p><strong>Objedn\u00e1vacia doba je zvy\u010dajne 2\u20133 t\u00fd\u017edne a&nbsp;l\u00ed\u0161i sa pod\u013ea typu vy\u0161etrenia. Pri niektor\u00fdch m\u00f4\u017ee by\u0165 aj dlh\u0161ia. Radi v\u00e1m zavol\u00e1me, ak sa uvo\u013en\u00ed skor\u0161\u00ed term\u00edn.<\/strong><\/p>\n<p>&nbsp;<\/p>\n<h3>1. Ako sa na&nbsp;vy\u0161etrenie magnetickou rezonanciou objedna\u0165<\/h3>\n<p>Na&nbsp;vy\u0161etrenie magnetickou rezonanciou sa m\u00f4\u017eete objedna\u0165 prostredn\u00edctvom e-mailu:\u00a0<a href=\"mailto:zadanky@ptc.cz\">zadanky@ptc.cz<\/a>.<\/p>\n<p>Najsk\u00f4r potrebujete z\u00edska\u0165 \u017eiadanku, ktor\u00fa vystav\u00ed v\u00e1\u0161 o\u0161etruj\u00faci lek\u00e1r. \u017diadanka mus\u00ed by\u0165 podp\u00edsan\u00e1 a&nbsp;opatren\u00e1 pe\u010diatkou zdravotn\u00edckeho zariadenia. Do spr\u00e1vy e-mailu, pros\u00edme, uve\u010fte tie\u017e kontakt na&nbsp;v\u00e1s (najlep\u0161ie telef\u00f3nne \u010d\u00edslo). Ak za\u0161lete \u017eiadanku vopred, syst\u00e9m objednania sa t\u00fdm zjednodu\u0161\u00ed a&nbsp;ur\u00fdchli.<\/p>\n<p>V&nbsp;pr\u00edpade, \u017ee \u017eiadanku nem\u00f4\u017eete zasla\u0165 prostredn\u00edctvom e-mailu, kontaktujte recepciu Oddelenie r\u00e1diodiagnostiky na&nbsp;telef\u00f3nnom \u010d\u00edsle +420&nbsp;222&nbsp;999&nbsp;070, kde sa dozviete, ako \u010falej postupova\u0165.<\/p>\n<p>Origin\u00e1l vyplnen\u00e9 \u017eiadanky na&nbsp;vy\u0161etrenie magnetickou rezonanciou s&nbsp;pe\u010diatkou zdravotn\u00edckeho zariadenia a&nbsp;podpisom lek\u00e1ra prineste so sebou na&nbsp;vy\u0161etrenie.<\/p>\n<h3>2.&nbsp;\u010co budete potrebova\u0165 pre vy\u0161etrenie magnetickou rezonanciou<\/h3>\n<ul>\n<li>\u017diadanku vystaven\u00fa o\u0161etruj\u00facim lek\u00e1rom (praktick\u00fdm lek\u00e1rom alebo lek\u00e1rom \u0161pecialistom \u2013 onkol\u00f3gom, ortop\u00e9dom\u2026 apod.).<\/li>\n<li>Platn\u00fa karti\u010dku pois\u0165ovne.<\/li>\n<li>Ob\u010diansky preukaz.<\/li>\n<\/ul>\n<h3>3. Na&nbsp;stiahnutie pre pacientov<\/h3>\n<p><a href=\"https:\/\/www.ptc.cz\/wp-content\/uploads\/2023\/08\/brozura-a5-mr-nahled-v3.pdf\">Pou\u010denie pre pacienta Magnetick\u00e1 rezonancia (PDF na&nbsp;stiahnutie)<\/a><\/p>\n<p>Na&nbsp;z\u00e1klade klinick\u00e9ho n\u00e1lezu v\u00e1m lek\u00e1r odporu\u010dil vy\u0161etrenie magnetickou rezonanciou. Aby sme v\u00e1s u\u0161etrili pr\u00edpadn\u00fdch ob\u00e1v z&nbsp;vy\u0161etrenia, pripravili sme tu z\u00e1kladn\u00e9 inform\u00e1cie o&nbsp;magnetickej rezonancii. Dozviete sa, \u010do je to za vy\u0161etrenie, \u010do v\u00e1s \u010dak\u00e1, ako dlho vy\u0161etrenie trv\u00e1 a&nbsp;\u010di s\u00fa pri \u0148om nejak\u00e9 obmedzenia.<\/p>\n<p><a href=\"https:\/\/www.ptc.cz\/wp-content\/uploads\/2023\/08\/informovany-souhlas-mr-vysetreni-cs-verze-9.doc\">Informovan\u00fd s\u00fahlas pacienta s&nbsp;MR vy\u0161etren\u00edm<\/a> (na&nbsp;stiahnutie)<\/p>\n<p>Informovan\u00fd s\u00fahlas s&nbsp;vy\u0161etren\u00edm magnetickou rezonanciou si m\u00f4\u017eete pre\u0161tudova\u0165 v&nbsp;k\u013eude domova. Vypln\u00edte a&nbsp;podp\u00ed\u0161ete ho a\u017e pri n\u00e1v\u0161teve Protonov\u00e9ho centra.<\/p>\n<h3>4. Kedy nem\u00f4\u017eete vy\u0161etrenie magnetickou rezonanciou podst\u00fapi\u0165<\/h3>\n<p>Magnetickou rezonanciou NESMIETE by\u0165 vy\u0161etren\u00ed, ak m\u00e1te:<\/p>\n<ul>\n<li>implantovan\u00fd kardiostimul\u00e1tor alebo defibril\u00e1tor,<\/li>\n<li>kochle\u00e1rny implant\u00e1t.<\/li>\n<\/ul>\n<p>Pokia\u013e ste nosite\u013emi ak\u00e9hoko\u013evek elektronick\u00e9ho alebo kovov\u00e9ho implant\u00e1tu, pr\u00edpadne cudzieho telesa, neznamen\u00e1 to automaticky, \u017ee nem\u00f4\u017eete by\u0165 vy\u0161etren\u00ed na&nbsp;MR. Tak\u00fato skuto\u010dnos\u0165 v\u0161ak mus\u00edte V\u017dDY PRED objednan\u00edm sa na&nbsp;vy\u0161etrenie ohl\u00e1si\u0165 person\u00e1lu recepcie a&nbsp;n\u00e1sledne aj obsluhe MR zariaden\u00ed, ktor\u00e9 kvalifikovane rozhodne, \u010di m\u00f4\u017eete, alebo nem\u00f4\u017eete vy\u0161etrenie podst\u00fapi\u0165.<\/p>\n<p>Kv\u00f4li pohodliu pacientov <strong>nevy\u017eadujeme pred vy\u0161etren\u00edm prostaty zavedenie glycer\u00ednovej \u010d\u00edpky do kone\u010dn\u00edka<\/strong>. Dodr\u017eujte pros\u00edm pokyny, ktor\u00e9 sme V\u00e1m poskytli telefonicky alebo zaslali e-mailom.<\/p>\n<p>Doj\u010diacim \u017een\u00e1m odpor\u00fa\u010dame matersk\u00e9 mlieko odstrieka\u0165 a&nbsp;uchova\u0165 v&nbsp;dostato\u010dnom mno\u017estve na&nbsp;v\u00fd\u017eivu die\u0165a\u0165a po nasleduj\u00facich 24 hod\u00edn. Po vy\u0161etren\u00ed s&nbsp;podan\u00edm kontrastnej l\u00e1tky, k\u00fdm sa l\u00e1tka \u00faplne vyl\u00fa\u010di obli\u010dkami, preru\u0161i\u0165 doj\u010denie na&nbsp;dobu 24 hod\u00edn a&nbsp;odstriekan\u00e9 mlieko nepou\u017e\u00edva\u0165.<\/p>\n<h3>5. Magnetick\u00e1 rezonancia prsn\u00edka<\/h3>\n<p>Vy\u0161etrenie prsn\u00edkov magnetickou rezonanciou sa \u010doraz viac vyu\u017e\u00edva na&nbsp;lep\u0161ie zobrazenie lo\u017eiskov\u00fdch l\u00e9zi\u00ed prsn\u00edkov. MR vy\u0161etrenie by mali podst\u00fapi\u0165 predov\u0161etk\u00fdm \u017eeny so zv\u00fd\u0161en\u00fdm rizikom v\u00fdskytu karcin\u00f3mu prsn\u00edka. Ide o&nbsp;\u017eeny, ktor\u00fdch matka alebo babi\u010dka mali n\u00e1dor prsn\u00edka, maj\u00fa genetick\u00fa predispoz\u00edciu, s\u00fa po o\u017eiaren\u00ed hrudn\u00edka alebo medzihrudia (mediastina) pred 30 a&nbsp;viac rokmi alebo s\u00fa sledovan\u00e9 pre nezhubn\u00fd n\u00e1dor prsn\u00edka.<\/p>\n<p>Magnetick\u00e1 rezonancia prsn\u00edkov umo\u017e\u0148uje lep\u0161ie zistenie rozsahu n\u00e1doru pred oper\u00e1ciou \u010di o\u017eiaren\u00edm. Vy\u0161etrenie m\u00f4\u017eu podst\u00fapi\u0165 aj \u017eeny, ktor\u00e9 maj\u00fa prsn\u00e9 implant\u00e1ty au ktor\u00fdch ultrazvuk neposkytol dostato\u010dn\u00e9 inform\u00e1cie, a&nbsp;tie\u017e \u017eeny po kozmetick\u00fdch v\u00fdkonoch (napr. model\u00e1cia).<\/p>\n<p>V&nbsp;pr\u00edpade onkologick\u00e9ho ochorenia m\u00f4\u017ee MR prsn\u00edka poskytn\u00fa\u0165 inform\u00e1ciu o&nbsp;reakcii na&nbsp;lie\u010dbu \u017eiaren\u00edm \u010di chemoterapiou, pr\u00edpadne sl\u00fa\u017ei na&nbsp;\u010fal\u0161ie sledovanie a&nbsp;kontrolu po prekonanom ochoren\u00ed. Vy\u0161etrenie mo\u017eno vykon\u00e1va\u0165 aj u&nbsp;pacientok so zv\u00e4\u010d\u0161en\u00fdmi uzlinami v&nbsp;podpazu\u0161\u00ed (axil\u00e1ch), kde nie je zn\u00e1my prim\u00e1rny zdroj, alebo u&nbsp;chor\u00fdch s&nbsp;podozren\u00edm na&nbsp;n\u00e1dor na&nbsp;predch\u00e1dzaj\u00facom vykonanom mamografickom vy\u0161etren\u00ed. Dynamick\u00e9 sekvencie zhotovovan\u00e9 po\u010das magnetickej rezonancie pom\u00e1haj\u00fa k&nbsp;odl\u00ed\u0161eniu zhubn\u00fdch a&nbsp;nezhubn\u00fdch l\u00e9zi\u00ed pod\u013ea typu ich s\u00fdtenia, preto je MR vy\u0161etrenie v&nbsp;diagnostike karcin\u00f3mu prsn\u00edka ve\u013emi pr\u00ednosn\u00e9 a&nbsp;m\u00e1 v\u00fdrazn\u00fa v\u00fd\u0165a\u017enos\u0165.<\/p>\n<\/div>\n<\/div>\n","protected":false},"excerpt":{"rendered":"<p>Prot\u00f3nov\u00e9 centrum v&nbsp;Prahe pon\u00faka vybran\u00e9 diagnostick\u00e9 vy\u0161etrenia, a&nbsp;to magnetick\u00fa rezonanciu (MR) a&nbsp;pozitr\u00f3nov\u00fa emisn\u00fa tomografiu v&nbsp;kombin\u00e1cii s&nbsp;po\u010d\u00edta\u010dovou tomografiou (PET\/CT). Vy\u0161etrenie vykon\u00e1vame nielen u&nbsp;onkologicky chor\u00fdch pacientov Prot\u00f3nov\u00e9ho centra, ale aj u&nbsp;v\u0161etk\u00fdch ostatn\u00fdch pacientov, ktor\u00fdm o\u0161etruj\u00faci lek\u00e1r vystav\u00ed \u017eiadanku. Oddelenie R\u00e1diodiagnostiky vykon\u00e1va nasleduj\u00face vy\u0161etrenia: MR zobrazenie hlavy (napr. mozgu vr\u00e1tane MR angiografia, spektroskopia mozgu), MR kon\u010dat\u00edn, k\u013abov, chrbtice&#8230;<\/p>\n","protected":false},"author":1,"featured_media":3107,"parent":3156,"menu_order":107,"comment_status":"closed","ping_status":"closed","template":"template-page-with-sidebar.php","meta":{"footnotes":""},"class_list":["post-3160","page","type-page","status-publish","has-post-thumbnail","hentry"],"acf":[],"aioseo_notices":[],"_links":{"self":[{"href":"https:\/\/www.ptc.cz\/sk\/wp-json\/wp\/v2\/pages\/3160","targetHints":{"allow":["GET"]}}],"collection":[{"href":"https:\/\/www.ptc.cz\/sk\/wp-json\/wp\/v2\/pages"}],"about":[{"href":"https:\/\/www.ptc.cz\/sk\/wp-json\/wp\/v2\/types\/page"}],"author":[{"embeddable":true,"href":"https:\/\/www.ptc.cz\/sk\/wp-json\/wp\/v2\/users\/1"}],"replies":[{"embeddable":true,"href":"https:\/\/www.ptc.cz\/sk\/wp-json\/wp\/v2\/comments?post=3160"}],"version-history":[{"count":11,"href":"https:\/\/www.ptc.cz\/sk\/wp-json\/wp\/v2\/pages\/3160\/revisions"}],"predecessor-version":[{"id":9441,"href":"https:\/\/www.ptc.cz\/sk\/wp-json\/wp\/v2\/pages\/3160\/revisions\/9441"}],"up":[{"embeddable":true,"href":"https:\/\/www.ptc.cz\/sk\/wp-json\/wp\/v2\/pages\/3156"}],"wp:featuredmedia":[{"embeddable":true,"href":"https:\/\/www.ptc.cz\/sk\/wp-json\/wp\/v2\/media\/3107"}],"wp:attachment":[{"href":"https:\/\/www.ptc.cz\/sk\/wp-json\/wp\/v2\/media?parent=3160"}],"curies":[{"name":"wp","href":"https:\/\/api.w.org\/{rel}","templated":true}]}}