{"id":3161,"date":"2023-06-13T10:21:18","date_gmt":"2023-06-13T08:21:18","guid":{"rendered":"https:\/\/www.ptc.cz\/moderni-diagnostika\/pet-ct\/"},"modified":"2025-01-09T10:41:10","modified_gmt":"2025-01-09T09:41:10","slug":"pet-ct","status":"publish","type":"page","link":"https:\/\/www.ptc.cz\/sk\/moderna-diagnostika\/pet-ct\/","title":{"rendered":"PET\/CT"},"content":{"rendered":"<p>PET\/CT je pokro\u010dil\u00e1 diagnostick\u00e1 zobrazovacia technika, ktor\u00e1 kombinuje dve v\u00fdkonn\u00e9 technol\u00f3gie \u2013 pozitr\u00f3nov\u00fa emisn\u00fa tomografiu (PET) a&nbsp;po\u010d\u00edta\u010dov\u00fa tomografiu (CT). T\u00e1to kombin\u00e1cia n\u00e1m umo\u017e\u0148uje z\u00edska\u0165 detailn\u00e9 inform\u00e1cie o&nbsp;anat\u00f3mii a&nbsp;metabolickej aktivite tkan\u00edv a&nbsp;org\u00e1nov, \u010do je obzvl\u00e1\u0161\u0165 u\u017eito\u010dn\u00e9 pri diagnostike a&nbsp;sledovan\u00ed r\u00f4znych ochoren\u00ed, vr\u00e1tane rakoviny.<\/p>\n","protected":false},"excerpt":{"rendered":"<p>PET\/CT je pokro\u010dil\u00e1 diagnostick\u00e1 zobrazovacia technika, ktor\u00e1 kombinuje dve v\u00fdkonn\u00e9 technol\u00f3gie \u2013 pozitr\u00f3nov\u00fa emisn\u00fa tomografiu (PET) a&nbsp;po\u010d\u00edta\u010dov\u00fa tomografiu (CT). T\u00e1to kombin\u00e1cia n\u00e1m umo\u017e\u0148uje z\u00edska\u0165 detailn\u00e9 inform\u00e1cie o&nbsp;anat\u00f3mii a&nbsp;metabolickej aktivite tkan\u00edv a&nbsp;org\u00e1nov, \u010do je obzvl\u00e1\u0161\u0165 u\u017eito\u010dn\u00e9 pri diagnostike a&nbsp;sledovan\u00ed r\u00f4znych ochoren\u00ed, vr\u00e1tane rakoviny.<\/p>\n","protected":false},"author":1,"featured_media":7815,"parent":3155,"menu_order":132,"comment_status":"closed","ping_status":"closed","template":"template-page-with-sidebar.php","meta":{"footnotes":""},"class_list":["post-3161","page","type-page","status-publish","has-post-thumbnail","hentry"],"acf":[],"aioseo_notices":[],"_links":{"self":[{"href":"https:\/\/www.ptc.cz\/sk\/wp-json\/wp\/v2\/pages\/3161","targetHints":{"allow":["GET"]}}],"collection":[{"href":"https:\/\/www.ptc.cz\/sk\/wp-json\/wp\/v2\/pages"}],"about":[{"href":"https:\/\/www.ptc.cz\/sk\/wp-json\/wp\/v2\/types\/page"}],"author":[{"embeddable":true,"href":"https:\/\/www.ptc.cz\/sk\/wp-json\/wp\/v2\/users\/1"}],"replies":[{"embeddable":true,"href":"https:\/\/www.ptc.cz\/sk\/wp-json\/wp\/v2\/comments?post=3161"}],"version-history":[{"count":2,"href":"https:\/\/www.ptc.cz\/sk\/wp-json\/wp\/v2\/pages\/3161\/revisions"}],"predecessor-version":[{"id":6753,"href":"https:\/\/www.ptc.cz\/sk\/wp-json\/wp\/v2\/pages\/3161\/revisions\/6753"}],"up":[{"embeddable":true,"href":"https:\/\/www.ptc.cz\/sk\/wp-json\/wp\/v2\/pages\/3155"}],"wp:featuredmedia":[{"embeddable":true,"href":"https:\/\/www.ptc.cz\/sk\/wp-json\/wp\/v2\/media\/7815"}],"wp:attachment":[{"href":"https:\/\/www.ptc.cz\/sk\/wp-json\/wp\/v2\/media?parent=3161"}],"curies":[{"name":"wp","href":"https:\/\/api.w.org\/{rel}","templated":true}]}}