{"id":3176,"date":"2023-06-02T14:25:49","date_gmt":"2023-06-02T12:25:49","guid":{"rendered":"https:\/\/www.ptc.cz\/kontakt\/"},"modified":"2024-07-16T12:48:11","modified_gmt":"2024-07-16T10:48:11","slug":"kontakt","status":"publish","type":"page","link":"https:\/\/www.ptc.cz\/sk\/kontakt\/","title":{"rendered":"Kontakt"},"content":{"rendered":"<div class=\"gdc_row\">\n<div class=\"gdc_column gdc_chalf\">\n<div class=\"gdc_inner\">\n<h3>Klientsky servis a&nbsp;starostlivos\u0165 o&nbsp;pacientov:<\/h3>\n<h4>Inform\u00e1cie o&nbsp;vhodnosti lie\u010dby:<\/h4>\n<p><a href=\"tel:+420222998950\"><strong>+420&nbsp;222&nbsp;998&nbsp;950<\/strong><\/a><br \/>\n<strong>E-mail:<\/strong> <a href=\"mailto:pacient@ptc.cz\">pacient@ptc.cz<\/a><\/p>\n<\/div>\n<\/div>\n<div class=\"gdc_column gdc_chalf\">\n<div class=\"gdc_inner\">\n<h3>Zdravotn\u00fd \u00fasek:<\/h3>\n<h4>Vrchn\u00e1 sestra<\/h4>\n<p>Mgr. Michaela \u010cekanov\u00e1<br \/>\n<a href=\"tel:+420222999057\">+420&nbsp;222&nbsp;999&nbsp;057<\/a><br \/>\n<a href=\"mailto:michaela.cekanova@ptc.cz\">michaela.cekanova@ptc.cz<\/a><\/p>\n<\/div>\n<\/div>\n<\/div>\n<div class=\"gdc_row\">\n<div class=\"gdc_column gdc_chalf\">\n<div class=\"gdc_inner\">\n<h3>Diagnostika recepcia:<\/h3>\n<p><strong>MR: <a href=\"tel:+420222999070\">+420&nbsp;222&nbsp;999&nbsp;070<\/a><\/strong><br \/>\n<strong>PET\/CT: <a href=\"tel:+420222999046\">+420&nbsp;222&nbsp;999&nbsp;046<\/a><\/strong><\/p>\n<p><a href=\"mailto:zadanky@ptc.cz\">zadanky@ptc.cz<\/a><\/p>\n<\/div>\n<\/div>\n<div class=\"gdc_column gdc_chalf\">\n<div class=\"gdc_inner\">\n<h3>Pochvaly, podnety, pripomienky a&nbsp;s\u0165a\u017enosti:<\/h3>\n<\/div>\n<\/div>\n<\/div>\n<div class=\"gdc_row\">\n<div class=\"gdc_column gdc_chalf\">\n<div class=\"gdc_inner\">\n<h3>Person\u00e1lne oddelenie:<\/h3>\n<p><a href=\"mailto:hr@ptc.cz\">hr@ptc.cz<\/a><\/p>\n<\/div>\n<\/div>\n<div class=\"gdc_column gdc_chalf\">\n<div class=\"gdc_inner\">\n<h3>Oddelenie kvality<\/h3>\n<p><a href=\"mailto:kvalita@ptc.cz\">kvalita@ptc.cz<\/a><\/p>\n<h4>Poveren\u00edk na&nbsp;ochranu osobn\u00fdch \u00fadajov:<\/h4>\n<p>Mgr. Kate\u0159ina Krejbichov\u00e1, DiS.<br \/>\n<a href=\"tel:+420222999058\">+420&nbsp;222&nbsp;999&nbsp;058<\/a><br \/>\n<a href=\"mailto:katerina.krejbichova@ptc.cz\">katerina.krejbichova@ptc.cz<\/a><\/p>\n<\/div>\n<\/div>\n<\/div>\n<div class=\"gdc_row\">\n<div class=\"gdc_column gdc_chalf\">\n<div class=\"gdc_inner\">\n<h3>PR<\/h3>\n<p><a href=\"mailto:marketing@ptc.cz\">marketing@ptc.cz<\/a><\/p>\n<\/div>\n<\/div>\n<div class=\"gdc_column gdc_chalf\">\n<div class=\"gdc_inner\">\n<h3>Ekonomick\u00e9 oddelenie:<\/h3>\n<p><a href=\"mailto:ekonomika@ptc.cz\">ekonomika@ptc.cz<\/a><\/p>\n<\/div>\n<\/div>\n<\/div>\n","protected":false},"excerpt":{"rendered":"","protected":false},"author":1,"featured_media":6506,"parent":0,"menu_order":144,"comment_status":"closed","ping_status":"closed","template":"template-contact-2.php","meta":{"footnotes":""},"class_list":["post-3176","page","type-page","status-publish","has-post-thumbnail","hentry"],"acf":[],"aioseo_notices":[],"_links":{"self":[{"href":"https:\/\/www.ptc.cz\/sk\/wp-json\/wp\/v2\/pages\/3176","targetHints":{"allow":["GET"]}}],"collection":[{"href":"https:\/\/www.ptc.cz\/sk\/wp-json\/wp\/v2\/pages"}],"about":[{"href":"https:\/\/www.ptc.cz\/sk\/wp-json\/wp\/v2\/types\/page"}],"author":[{"embeddable":true,"href":"https:\/\/www.ptc.cz\/sk\/wp-json\/wp\/v2\/users\/1"}],"replies":[{"embeddable":true,"href":"https:\/\/www.ptc.cz\/sk\/wp-json\/wp\/v2\/comments?post=3176"}],"version-history":[{"count":3,"href":"https:\/\/www.ptc.cz\/sk\/wp-json\/wp\/v2\/pages\/3176\/revisions"}],"predecessor-version":[{"id":6768,"href":"https:\/\/www.ptc.cz\/sk\/wp-json\/wp\/v2\/pages\/3176\/revisions\/6768"}],"wp:featuredmedia":[{"embeddable":true,"href":"https:\/\/www.ptc.cz\/sk\/wp-json\/wp\/v2\/media\/6506"}],"wp:attachment":[{"href":"https:\/\/www.ptc.cz\/sk\/wp-json\/wp\/v2\/media?parent=3176"}],"curies":[{"name":"wp","href":"https:\/\/api.w.org\/{rel}","templated":true}]}}