{"id":3181,"date":"2023-06-16T09:44:36","date_gmt":"2023-06-16T07:44:36","guid":{"rendered":"https:\/\/www.ptc.cz\/pro-pacienty\/nadacni-fond\/"},"modified":"2025-09-23T14:26:12","modified_gmt":"2025-09-23T12:26:12","slug":"nadacny-fond","status":"publish","type":"page","link":"https:\/\/www.ptc.cz\/sk\/pre-pacientov\/nadacny-fond\/","title":{"rendered":"Nada\u010dn\u00fd fond"},"content":{"rendered":"<div class=\"gdc_row\">\n<div class=\"gdc_column gdc_chalf\">\n<div class=\"gdc_inner\">\n<h3>I vy m\u016f\u017eete pomoci<\/h3>\n<p><strong><a href=\"https:\/\/www.nfppt.cz\/\">Nada\u010dn\u00ed fond pro protonovou terapii<\/a> byl zalo\u017een v\u202froce 2010 za \u00fa\u010delem zv\u00fd\u0161en\u00ed pov\u011bdom\u00ed o&nbsp;nov\u00e9, \u0161etrn\u011bj\u0161\u00ed form\u011b radioterapie.<\/strong><\/p>\n<p>Protonov\u00e1 l\u00e9\u010dba v\u202f\u010cesk\u00e9 republice, v\u202fdob\u011b vzniku nada\u010dn\u00edho fondu, nebyla dostupn\u00e1, a&nbsp;nav\u00edc znalosti o&nbsp;v\u00fdhod\u00e1ch t\u00e9to l\u00e9\u010dby byly minim\u00e1ln\u00ed, a&nbsp;to i&nbsp;mezi odbornou ve\u0159ejnost\u00ed.\u00a0<strong>Hlavn\u00edm c\u00edlem nada\u010dn\u00edho fondu<\/strong>\u00a0tedy byla osv\u011bta a&nbsp;propagace protonov\u00e9 l\u00e9\u010dby v\u202f\u010cR.<\/p>\n<p><strong>Nada\u010dn\u00ed fond pro protonovou terapii<\/strong>\u00a0si pro\u0161el \u0159adou zm\u011bn a&nbsp;roz\u0161\u00ed\u0159il svoji p\u016fsobnost v\u202foblasti individu\u00e1ln\u00ed pomoci a&nbsp;komplexn\u00edch nezdravotn\u00edch slu\u017eeb pro klienty Protonov\u00e9ho centra v\u202fPraze.<\/p>\n<p><strong>Nada\u010dn\u00ed fond pro protonovou terapii<\/strong>\u00a0je pro v\u0161echny, kte\u0159\u00ed pot\u0159ebuj\u00ed podporu \u010di pomoc p\u0159ed a&nbsp;b\u011bhem l\u00e9\u010dby v\u202fProtonov\u00e9m centru v\u202fPraze. Nev\u00e1hejte se obr\u00e1tit s\u202f\u017e\u00e1dost\u00ed o&nbsp;bli\u017e\u0161\u00ed informace a&nbsp;volejte na&nbsp;telefonn\u00ed \u010d\u00edslo\u00a0<strong>226&nbsp;222&nbsp;026<\/strong>\u00a0anebo po\u0161lete email:\u00a0<strong>info@nfppt.cz<\/strong><\/p>\n<p>&nbsp;<\/p>\n<\/div>\n<\/div>\n<div class=\"gdc_column gdc_chalf\">\n<div class=\"gdc_inner\">\n<p><strong><a href=\"https:\/\/www.ptc.cz\/wp-content\/uploads\/2023\/08\/hands-2847508-640-1200x1200-1.jpg\" data-rel=\"lightbox-image-0\" data-rl_title=\"\" data-rl_caption=\"\" title=\"\"><img loading=\"lazy\" decoding=\"async\" class=\"alignnone size-full wp-image-479\" src=\"https:\/\/www.ptc.cz\/wp-content\/uploads\/2023\/08\/hands-2847508-640-1200x1200-1.jpg\" alt=\"\" width=\"1200\" height=\"799\" srcset=\"https:\/\/www.ptc.cz\/wp-content\/uploads\/2023\/08\/hands-2847508-640-1200x1200-1.jpg 1200w, https:\/\/www.ptc.cz\/wp-content\/uploads\/2023\/08\/hands-2847508-640-1200x1200-1-300x200.jpg 300w, https:\/\/www.ptc.cz\/wp-content\/uploads\/2023\/08\/hands-2847508-640-1200x1200-1-768x511.jpg 768w\" sizes=\"auto, (max-width: 1200px) 100vw, 1200px\" \/><\/a><\/strong><\/p>\n<\/div>\n<\/div>\n<\/div>\n","protected":false},"excerpt":{"rendered":"","protected":false},"author":1,"featured_media":3070,"parent":3178,"menu_order":166,"comment_status":"closed","ping_status":"closed","template":"template-page-with-anchor-sidebar.php","meta":{"footnotes":""},"class_list":["post-3181","page","type-page","status-publish","has-post-thumbnail","hentry"],"acf":[],"aioseo_notices":[],"_links":{"self":[{"href":"https:\/\/www.ptc.cz\/sk\/wp-json\/wp\/v2\/pages\/3181","targetHints":{"allow":["GET"]}}],"collection":[{"href":"https:\/\/www.ptc.cz\/sk\/wp-json\/wp\/v2\/pages"}],"about":[{"href":"https:\/\/www.ptc.cz\/sk\/wp-json\/wp\/v2\/types\/page"}],"author":[{"embeddable":true,"href":"https:\/\/www.ptc.cz\/sk\/wp-json\/wp\/v2\/users\/1"}],"replies":[{"embeddable":true,"href":"https:\/\/www.ptc.cz\/sk\/wp-json\/wp\/v2\/comments?post=3181"}],"version-history":[{"count":4,"href":"https:\/\/www.ptc.cz\/sk\/wp-json\/wp\/v2\/pages\/3181\/revisions"}],"predecessor-version":[{"id":8809,"href":"https:\/\/www.ptc.cz\/sk\/wp-json\/wp\/v2\/pages\/3181\/revisions\/8809"}],"up":[{"embeddable":true,"href":"https:\/\/www.ptc.cz\/sk\/wp-json\/wp\/v2\/pages\/3178"}],"wp:featuredmedia":[{"embeddable":true,"href":"https:\/\/www.ptc.cz\/sk\/wp-json\/wp\/v2\/media\/3070"}],"wp:attachment":[{"href":"https:\/\/www.ptc.cz\/sk\/wp-json\/wp\/v2\/media?parent=3181"}],"curies":[{"name":"wp","href":"https:\/\/api.w.org\/{rel}","templated":true}]}}