{"id":3182,"date":"2023-09-06T12:54:55","date_gmt":"2023-09-06T10:54:55","guid":{"rendered":"https:\/\/www.ptc.cz\/pro-pacienty\/prava-a-povinnosti-pacienta\/"},"modified":"2025-04-11T10:50:28","modified_gmt":"2025-04-11T08:50:28","slug":"prava-a-povinnosti-pacienta","status":"publish","type":"page","link":"https:\/\/www.ptc.cz\/sk\/pre-pacientov\/prava-a-povinnosti-pacienta\/","title":{"rendered":"Pr\u00e1va a&nbsp;povinnosti pacienta"},"content":{"rendered":"<p>Pr\u00e1va a&nbsp;povinnosti pacienta n\u00e1jdete <a href=\"https:\/\/www.ptc.cz\/wp-content\/uploads\/2025\/04\/prava_a_povinnosti_pacienta_nahled.pdf\">tu<\/a>.<\/p>\n","protected":false},"excerpt":{"rendered":"<p>Pr\u00e1va a&nbsp;povinnosti pacienta n\u00e1jdete tu.<\/p>\n","protected":false},"author":1,"featured_media":3105,"parent":3178,"menu_order":175,"comment_status":"closed","ping_status":"closed","template":"template-page-with-sidebar.php","meta":{"footnotes":""},"class_list":["post-3182","page","type-page","status-publish","has-post-thumbnail","hentry"],"acf":[],"aioseo_notices":[],"_links":{"self":[{"href":"https:\/\/www.ptc.cz\/sk\/wp-json\/wp\/v2\/pages\/3182","targetHints":{"allow":["GET"]}}],"collection":[{"href":"https:\/\/www.ptc.cz\/sk\/wp-json\/wp\/v2\/pages"}],"about":[{"href":"https:\/\/www.ptc.cz\/sk\/wp-json\/wp\/v2\/types\/page"}],"author":[{"embeddable":true,"href":"https:\/\/www.ptc.cz\/sk\/wp-json\/wp\/v2\/users\/1"}],"replies":[{"embeddable":true,"href":"https:\/\/www.ptc.cz\/sk\/wp-json\/wp\/v2\/comments?post=3182"}],"version-history":[{"count":4,"href":"https:\/\/www.ptc.cz\/sk\/wp-json\/wp\/v2\/pages\/3182\/revisions"}],"predecessor-version":[{"id":8145,"href":"https:\/\/www.ptc.cz\/sk\/wp-json\/wp\/v2\/pages\/3182\/revisions\/8145"}],"up":[{"embeddable":true,"href":"https:\/\/www.ptc.cz\/sk\/wp-json\/wp\/v2\/pages\/3178"}],"wp:featuredmedia":[{"embeddable":true,"href":"https:\/\/www.ptc.cz\/sk\/wp-json\/wp\/v2\/media\/3105"}],"wp:attachment":[{"href":"https:\/\/www.ptc.cz\/sk\/wp-json\/wp\/v2\/media?parent=3182"}],"curies":[{"name":"wp","href":"https:\/\/api.w.org\/{rel}","templated":true}]}}