{"id":3194,"date":"2023-06-02T14:24:17","date_gmt":"2023-06-02T12:24:17","guid":{"rendered":"https:\/\/www.ptc.cz\/co-lecime\/"},"modified":"2024-07-16T12:55:09","modified_gmt":"2024-07-16T10:55:09","slug":"co-liecime","status":"publish","type":"page","link":"https:\/\/www.ptc.cz\/sk\/co-liecime\/","title":{"rendered":"\u010co lie\u010dime"},"content":{"rendered":"<h4>\u0160irok\u00e9 spektrum diagn\u00f3z<\/h4>\n<p>V&nbsp;Prot\u00f3novom centre sa zameriavame na&nbsp;lie\u010dbu pacientov s&nbsp;tak\u00fdmi druhmi rakoviny, u&nbsp;ktor\u00fdch je prot\u00f3nov\u00e1 r\u00e1dioterapia svetovo uzn\u00e1vanou a&nbsp;odpor\u00fa\u010danou lie\u010debnou met\u00f3dou. Vysok\u00fa \u00faspe\u0161nos\u0165 a&nbsp;z\u00e1rove\u0148 minim\u00e1lny negat\u00edvny dopad na&nbsp;pacientov be\u017en\u00fd \u017eivot zaznamen\u00e1vame najm\u00e4 v&nbsp;lie\u010dbe rakoviny prostaty. N\u00e1\u0161 t\u00edm tie\u017e vyvinul unik\u00e1tnu met\u00f3du lie\u010dby karcin\u00f3mu prsn\u00edka, ktor\u00fa teraz preberaj\u00fa aj zahrani\u010dn\u00e9 Protonov\u00e9 centr\u00e1. Pri lie\u010dbe lymf\u00f3mov zase spolupracujeme s&nbsp;prest\u00ed\u017enou Oxfordskou univerzitou.<\/p>\n<p>Pre pacienta m\u00e1 nesmierny pr\u00ednos aj prot\u00f3nov\u00e1 lie\u010dba rakoviny org\u00e1nov hlavy a&nbsp;krku, ktor\u00e9 sa \u010dasto nach\u00e1dzaj\u00fa v&nbsp;bl\u00edzkosti citliv\u00fdch \u0161trukt\u00far. Lie\u010dime v\u0161ak aj n\u00e1dory centr\u00e1lneho nervov\u00e9ho syst\u00e9mu, za\u017e\u00edvacieho traktu alebo nemalobunkov\u00e9 karcin\u00f3my p\u013e\u00fac. V&nbsp;neposlednom rade sa potom venujeme lie\u010dbe n\u00e1dorov u&nbsp;det\u00ed.<\/p>\n<p>&nbsp;<\/p>\n<p><a  target=\"\"  class=\"button\" href=\"\/sk\/kontakt\/\">Kontaktujte n\u00e1s<\/a><\/p>\n","protected":false},"excerpt":{"rendered":"<p>\u0160irok\u00e9 spektrum diagn\u00f3z V&nbsp;Prot\u00f3novom centre sa zameriavame na&nbsp;lie\u010dbu pacientov s&nbsp;tak\u00fdmi druhmi rakoviny, u&nbsp;ktor\u00fdch je prot\u00f3nov\u00e1 r\u00e1dioterapia svetovo uzn\u00e1vanou a&nbsp;odpor\u00fa\u010danou lie\u010debnou met\u00f3dou. Vysok\u00fa \u00faspe\u0161nos\u0165 a&nbsp;z\u00e1rove\u0148 minim\u00e1lny negat\u00edvny dopad na&nbsp;pacientov be\u017en\u00fd \u017eivot zaznamen\u00e1vame najm\u00e4 v&nbsp;lie\u010dbe rakoviny prostaty. N\u00e1\u0161 t\u00edm tie\u017e vyvinul unik\u00e1tnu met\u00f3du lie\u010dby karcin\u00f3mu prsn\u00edka, ktor\u00fa teraz preberaj\u00fa aj zahrani\u010dn\u00e9 Protonov\u00e9 centr\u00e1. Pri lie\u010dbe lymf\u00f3mov zase&#8230;<\/p>\n","protected":false},"author":1,"featured_media":2883,"parent":0,"menu_order":184,"comment_status":"closed","ping_status":"closed","template":"template-treatment.php","meta":{"footnotes":""},"class_list":["post-3194","page","type-page","status-publish","has-post-thumbnail","hentry"],"acf":[],"aioseo_notices":[],"_links":{"self":[{"href":"https:\/\/www.ptc.cz\/sk\/wp-json\/wp\/v2\/pages\/3194","targetHints":{"allow":["GET"]}}],"collection":[{"href":"https:\/\/www.ptc.cz\/sk\/wp-json\/wp\/v2\/pages"}],"about":[{"href":"https:\/\/www.ptc.cz\/sk\/wp-json\/wp\/v2\/types\/page"}],"author":[{"embeddable":true,"href":"https:\/\/www.ptc.cz\/sk\/wp-json\/wp\/v2\/users\/1"}],"replies":[{"embeddable":true,"href":"https:\/\/www.ptc.cz\/sk\/wp-json\/wp\/v2\/comments?post=3194"}],"version-history":[{"count":4,"href":"https:\/\/www.ptc.cz\/sk\/wp-json\/wp\/v2\/pages\/3194\/revisions"}],"predecessor-version":[{"id":6773,"href":"https:\/\/www.ptc.cz\/sk\/wp-json\/wp\/v2\/pages\/3194\/revisions\/6773"}],"wp:featuredmedia":[{"embeddable":true,"href":"https:\/\/www.ptc.cz\/sk\/wp-json\/wp\/v2\/media\/2883"}],"wp:attachment":[{"href":"https:\/\/www.ptc.cz\/sk\/wp-json\/wp\/v2\/media?parent=3194"}],"curies":[{"name":"wp","href":"https:\/\/api.w.org\/{rel}","templated":true}]}}