{"id":3197,"date":"2023-08-17T16:27:00","date_gmt":"2023-08-17T14:27:00","guid":{"rendered":"https:\/\/www.ptc.cz\/co-liecime\/plice\/protonova-lecba-rakoviny-plic\/"},"modified":"2024-07-26T15:15:56","modified_gmt":"2024-07-26T13:15:56","slug":"protonova-liecba-rakoviny-pluc","status":"publish","type":"page","link":"https:\/\/www.ptc.cz\/sk\/co-liecime\/pluca\/protonova-liecba-rakoviny-pluc\/","title":{"rendered":"Prot\u00f3nov\u00e1 lie\u010dba rakoviny p\u013e\u00fac"},"content":{"rendered":"<p><strong><em>Cie\u013eom modernej onkologickej lie\u010dby je zabezpe\u010di\u0165 pacientom maxim\u00e1lnu \u0161ancu na&nbsp;vylie\u010denie pri minimaliz\u00e1cii ved\u013eaj\u0161\u00edch \u00fa\u010dinkov spojen\u00fdch s&nbsp;lie\u010dbou. <\/em><\/strong><\/p>\n<p>Tento cie\u013e je dnes mo\u017en\u00e9 dosiahnu\u0165 pomocou prot\u00f3novej lie\u010dby. Prot\u00f3nov\u00e1 r\u00e1dioterapia je \u0161etrn\u00e1 met\u00f3da lie\u010dby rakoviny s&nbsp;minim\u00e1lnymi ved\u013eaj\u0161\u00edmi \u00fa\u010dinkami. Umo\u017e\u0148uje presn\u00e9 zacielenie prot\u00f3nov\u00e9ho l\u00fa\u010da do cie\u013eovej oblasti (do miesta p\u00f4vodn\u00e9ho n\u00e1doru) v&nbsp;p\u013e\u00facach, a&nbsp;t\u00fdm minimalizuje o\u017eiarenie okolit\u00fdch tkan\u00edv a&nbsp;org\u00e1nov.<\/p>\n<h3><strong>Prot\u00f3nov\u00e1 terapia sa vyu\u017e\u00edva na&nbsp;lie\u010dbu nemalobunkov\u00fdch n\u00e1dorov p\u013e\u00fac.<\/strong><\/h3>\n<div class=\"gdc_row\">\n<div class=\"gdc_column gdc_chalf\">\n<div class=\"gdc_inner\">\n<p>Prot\u00f3nov\u00e1 lie\u010dba je tie\u017e v\u017edy vhodn\u00e1 u&nbsp;t\u00fdch pacientov, u&nbsp;ktor\u00fdch do\u0161lo k&nbsp;vzniku sekund\u00e1rneho n\u00e1doru po predch\u00e1dzaj\u00facom o\u017eiaren\u00ed, napr. rakoviny prsn\u00edka, v&nbsp;predo\u0161l\u00fdch rokoch.<\/p>\n<p>Pre zaistenie maxim\u00e1lneho efektu onkologickej lie\u010dby je v&nbsp;pr\u00edpade karcin\u00f3mu p\u013e\u00fac z\u00e1sadn\u00e9 o\u017eiarenie n\u00e1doru vysok\u00fdmi d\u00e1vkami \u017eiarenia. Tento cie\u013e sa v\u0161ak \u010dasto pri be\u017enom o\u017earovan\u00ed nedar\u00ed dosiahnu\u0165 z&nbsp;d\u00f4vodu mo\u017en\u00e9ho po\u0161kodenia okolit\u00fdch tkan\u00edv, tzv. toxicity zdrav\u00fdch tkan\u00edv.<\/p>\n<\/div>\n<\/div>\n<div class=\"gdc_column gdc_chalf\">\n<div class=\"gdc_inner\">\n<p>Na\u0161i lek\u00e1ri a&nbsp;fyzici preto za\u010dali s&nbsp;unik\u00e1tnym postupom \u2013 technikou o\u017earovania v&nbsp;riadenom hlbokom n\u00e1dychu. Tento sp\u00f4sob umo\u017e\u0148uje minimalizova\u0165 dychov\u00e9 pohyby, a&nbsp;t\u00fdm o\u017eiari\u0165 n\u00e1dor vysokou d\u00e1vkou s&nbsp;maxim\u00e1lnou presnos\u0165ou a&nbsp;z\u00e1rove\u0148 s&nbsp;minim\u00e1lnym o\u017eiaren\u00edm zdravej \u010dasti p\u013e\u00faca, druh\u00e9 p\u013e\u00faca, srdca, srdcov\u00fdch ciev a&nbsp;org\u00e1nov v&nbsp;mediast\u00edne. Prot\u00f3nov\u00e1 lie\u010dba tak v\u00fdrazne zvy\u0161uje pomer medzi \u0161ancou na&nbsp;kontrolu n\u00e1doru, teda zv\u00fd\u0161enie efektu lie\u010dby a&nbsp;redukciou mo\u017en\u00fdch z\u00e1va\u017en\u00fdch ne\u017eiaducich \u00fa\u010dinkov.<\/p>\n<\/div>\n<\/div>\n<\/div>\n","protected":false},"excerpt":{"rendered":"<p>Cie\u013eom modernej onkologickej lie\u010dby je zabezpe\u010di\u0165 pacientom maxim\u00e1lnu \u0161ancu na&nbsp;vylie\u010denie pri minimaliz\u00e1cii ved\u013eaj\u0161\u00edch \u00fa\u010dinkov spojen\u00fdch s&nbsp;lie\u010dbou. Tento cie\u013e je dnes mo\u017en\u00e9 dosiahnu\u0165 pomocou prot\u00f3novej lie\u010dby. Prot\u00f3nov\u00e1 r\u00e1dioterapia je \u0161etrn\u00e1 met\u00f3da lie\u010dby rakoviny s&nbsp;minim\u00e1lnymi ved\u013eaj\u0161\u00edmi \u00fa\u010dinkami. Umo\u017e\u0148uje presn\u00e9 zacielenie prot\u00f3nov\u00e9ho l\u00fa\u010da do cie\u013eovej oblasti (do miesta p\u00f4vodn\u00e9ho n\u00e1doru) v&nbsp;p\u013e\u00facach, a&nbsp;t\u00fdm minimalizuje o\u017eiarenie okolit\u00fdch tkan\u00edv a&nbsp;org\u00e1nov. Prot\u00f3nov\u00e1&#8230;<\/p>\n","protected":false},"author":1,"featured_media":2894,"parent":3196,"menu_order":194,"comment_status":"closed","ping_status":"closed","template":"template-service-detail-with-anchor-sidebar.php","meta":{"footnotes":""},"class_list":["post-3197","page","type-page","status-publish","has-post-thumbnail","hentry"],"acf":[],"aioseo_notices":[],"_links":{"self":[{"href":"https:\/\/www.ptc.cz\/sk\/wp-json\/wp\/v2\/pages\/3197","targetHints":{"allow":["GET"]}}],"collection":[{"href":"https:\/\/www.ptc.cz\/sk\/wp-json\/wp\/v2\/pages"}],"about":[{"href":"https:\/\/www.ptc.cz\/sk\/wp-json\/wp\/v2\/types\/page"}],"author":[{"embeddable":true,"href":"https:\/\/www.ptc.cz\/sk\/wp-json\/wp\/v2\/users\/1"}],"replies":[{"embeddable":true,"href":"https:\/\/www.ptc.cz\/sk\/wp-json\/wp\/v2\/comments?post=3197"}],"version-history":[{"count":4,"href":"https:\/\/www.ptc.cz\/sk\/wp-json\/wp\/v2\/pages\/3197\/revisions"}],"predecessor-version":[{"id":7064,"href":"https:\/\/www.ptc.cz\/sk\/wp-json\/wp\/v2\/pages\/3197\/revisions\/7064"}],"up":[{"embeddable":true,"href":"https:\/\/www.ptc.cz\/sk\/wp-json\/wp\/v2\/pages\/3196"}],"wp:featuredmedia":[{"embeddable":true,"href":"https:\/\/www.ptc.cz\/sk\/wp-json\/wp\/v2\/media\/2894"}],"wp:attachment":[{"href":"https:\/\/www.ptc.cz\/sk\/wp-json\/wp\/v2\/media?parent=3197"}],"curies":[{"name":"wp","href":"https:\/\/api.w.org\/{rel}","templated":true}]}}