{"id":3199,"date":"2023-08-17T16:27:46","date_gmt":"2023-08-17T14:27:46","guid":{"rendered":"https:\/\/www.ptc.cz\/co-liecime\/plice\/proc-zvolit-protonovou-lecbu\/"},"modified":"2024-06-17T13:50:00","modified_gmt":"2024-06-17T11:50:00","slug":"preco-zvolit-protonovu-liecbu","status":"publish","type":"page","link":"https:\/\/www.ptc.cz\/sk\/co-liecime\/pluca\/preco-zvolit-protonovu-liecbu\/","title":{"rendered":"Pre\u010do zvoli\u0165 prot\u00f3nov\u00fa lie\u010dbu"},"content":{"rendered":"<h5>V\u00ddHODY PROTONOVEJ LIE\u010cBY PRI O\u017dAROVAN\u00cd N\u00c1DORU P\u013d\u00daC PROTI BE\u017dNEJ RADIOTERAPII<\/h5>\n<ul>\n<li>Zv\u00fd\u0161enie celkovej d\u00e1vky \u017eiarenia za s\u00fa\u010dasnej ni\u017e\u0161ej toxicity = men\u0161ie za\u0165a\u017eenie kritick\u00fdch org\u00e1nov.<\/li>\n<li>Zn\u00ed\u017eenie d\u00e1vky \u017eiarenia na&nbsp;zdrav\u00e9 tkanivo p\u013e\u00fac, \u010d\u00edm sa zni\u017euje riziko d\u00fdchac\u00edch \u0165a\u017ekost\u00ed a&nbsp;vzniku p\u013e\u00facnej fibr\u00f3zy.<\/li>\n<li>Zn\u00ed\u017eenie d\u00e1vky \u017eiarenia na&nbsp;srdcov\u00fd sval, a&nbsp;t\u00fdm zn\u00ed\u017eenie rizika srdcov\u00e9ho ochorenia.<\/li>\n<li>Zn\u00ed\u017eenie rizika preh\u013atac\u00edch \u0165a\u017ekost\u00ed a&nbsp;straty chuti do jedla.<\/li>\n<li>Zv\u00fd\u0161enie kvality \u017eivota pacientov.<\/li>\n<li>Pou\u017eitie men\u0161ieho po\u010dtu lie\u010debn\u00fdch frakci\u00ed a&nbsp;skr\u00e1tenie celkovej doby o\u017earovania.<\/li>\n<\/ul>\n<h5><span style=\"color: #48b270;\">\u2e3a<\/span><\/h5>\n<h4><em>Na schematickom obr\u00e1zku je zn\u00e1zornen\u00e9 rozlo\u017eenie d\u00e1vky \u017eiarenia v&nbsp;tele pri pou\u017eit\u00ed prot\u00f3novej a&nbsp;fot\u00f3novej terapie.<\/em><\/h4>\n<p>Je zrejm\u00e9, \u017ee prot\u00f3nov\u00fd zv\u00e4zok o\u017earuje iba tzv. cie\u013eov\u00fd objem (oblas\u0165, kde sa nach\u00e1dza alebo nach\u00e1dzal n\u00e1dor), teda \u017eiarenie je smerovan\u00e9 takmer v\u00fdlu\u010dne len do tkaniva, ktor\u00e9 je postihnut\u00e9. Naopak fot\u00f3nov\u00e9 \u017eiarenie v\u010faka svojim fyzik\u00e1lnym vlastnostiam v\u00fdznamne zasahuje aj okolit\u00e9 zdrav\u00e9 \u0161trukt\u00fary.<\/p>\n<p>&nbsp;<\/p>\n<div class=\"gdc_row\">\n<div class=\"gdc_column gdc_chalf\">\n<div class=\"gdc_inner\">\n<p><img loading=\"lazy\" decoding=\"async\" class=\"aligncenter size-full wp-image-3785\" src=\"https:\/\/www.ptc.cz\/wp-content\/uploads\/2024\/06\/PxF-_PLICE-_proton-_SK.jpg\" alt=\"\" width=\"768\" height=\"922\" srcset=\"https:\/\/www.ptc.cz\/wp-content\/uploads\/2024\/06\/PxF-_PLICE-_proton-_SK.jpg 768w, https:\/\/www.ptc.cz\/wp-content\/uploads\/2024\/06\/PxF-_PLICE-_proton-_SK-250x300.jpg 250w\" sizes=\"auto, (max-width: 768px) 100vw, 768px\" \/><\/p>\n<p>&nbsp;<\/p>\n<\/div>\n<\/div>\n<div class=\"gdc_column gdc_chalf\">\n<div class=\"gdc_inner\">\n<p><img loading=\"lazy\" decoding=\"async\" class=\"aligncenter size-full wp-image-3789\" src=\"https:\/\/www.ptc.cz\/wp-content\/uploads\/2024\/06\/PxF-_PLICE-_foton-_SK.jpg\" alt=\"\" width=\"768\" height=\"922\" srcset=\"https:\/\/www.ptc.cz\/wp-content\/uploads\/2024\/06\/PxF-_PLICE-_foton-_SK.jpg 768w, https:\/\/www.ptc.cz\/wp-content\/uploads\/2024\/06\/PxF-_PLICE-_foton-_SK-250x300.jpg 250w\" sizes=\"auto, (max-width: 768px) 100vw, 768px\" \/><\/p>\n<p>&nbsp;<\/p>\n<\/div>\n<\/div>\n<\/div>\n","protected":false},"excerpt":{"rendered":"<p>V\u00ddHODY PROTONOVEJ LIE\u010cBY PRI O\u017dAROVAN\u00cd N\u00c1DORU P\u013d\u00daC PROTI BE\u017dNEJ RADIOTERAPII Zv\u00fd\u0161enie celkovej d\u00e1vky \u017eiarenia za s\u00fa\u010dasnej ni\u017e\u0161ej toxicity = men\u0161ie za\u0165a\u017eenie kritick\u00fdch org\u00e1nov. Zn\u00ed\u017eenie d\u00e1vky \u017eiarenia na&nbsp;zdrav\u00e9 tkanivo p\u013e\u00fac, \u010d\u00edm sa zni\u017euje riziko d\u00fdchac\u00edch \u0165a\u017ekost\u00ed a&nbsp;vzniku p\u013e\u00facnej fibr\u00f3zy. Zn\u00ed\u017eenie d\u00e1vky \u017eiarenia na&nbsp;srdcov\u00fd sval, a&nbsp;t\u00fdm zn\u00ed\u017eenie rizika srdcov\u00e9ho ochorenia. Zn\u00ed\u017eenie rizika preh\u013atac\u00edch \u0165a\u017ekost\u00ed a&nbsp;straty chuti do&#8230;<\/p>\n","protected":false},"author":1,"featured_media":2879,"parent":3196,"menu_order":201,"comment_status":"closed","ping_status":"closed","template":"template-service-detail-with-sidebar.php","meta":{"footnotes":""},"class_list":["post-3199","page","type-page","status-publish","has-post-thumbnail","hentry"],"acf":[],"aioseo_notices":[],"_links":{"self":[{"href":"https:\/\/www.ptc.cz\/sk\/wp-json\/wp\/v2\/pages\/3199","targetHints":{"allow":["GET"]}}],"collection":[{"href":"https:\/\/www.ptc.cz\/sk\/wp-json\/wp\/v2\/pages"}],"about":[{"href":"https:\/\/www.ptc.cz\/sk\/wp-json\/wp\/v2\/types\/page"}],"author":[{"embeddable":true,"href":"https:\/\/www.ptc.cz\/sk\/wp-json\/wp\/v2\/users\/1"}],"replies":[{"embeddable":true,"href":"https:\/\/www.ptc.cz\/sk\/wp-json\/wp\/v2\/comments?post=3199"}],"version-history":[{"count":4,"href":"https:\/\/www.ptc.cz\/sk\/wp-json\/wp\/v2\/pages\/3199\/revisions"}],"predecessor-version":[{"id":3792,"href":"https:\/\/www.ptc.cz\/sk\/wp-json\/wp\/v2\/pages\/3199\/revisions\/3792"}],"up":[{"embeddable":true,"href":"https:\/\/www.ptc.cz\/sk\/wp-json\/wp\/v2\/pages\/3196"}],"wp:featuredmedia":[{"embeddable":true,"href":"https:\/\/www.ptc.cz\/sk\/wp-json\/wp\/v2\/media\/2879"}],"wp:attachment":[{"href":"https:\/\/www.ptc.cz\/sk\/wp-json\/wp\/v2\/media?parent=3199"}],"curies":[{"name":"wp","href":"https:\/\/api.w.org\/{rel}","templated":true}]}}