{"id":3203,"date":"2023-08-17T16:28:21","date_gmt":"2023-08-17T14:28:21","guid":{"rendered":"https:\/\/www.ptc.cz\/co-liecime\/plice\/jak-poznat-rakovinu-plic\/"},"modified":"2024-06-11T09:03:13","modified_gmt":"2024-06-11T07:03:13","slug":"rakovina-pluc","status":"publish","type":"page","link":"https:\/\/www.ptc.cz\/sk\/co-liecime\/pluca\/rakovina-pluc\/","title":{"rendered":"Rakovina p\u013e\u00fac"},"content":{"rendered":"<div class=\"gdc_row\">\n<div class=\"gdc_column gdc_chalf\">\n<div class=\"gdc_inner\">\n<p>Na&nbsp;Slovensku je karcin\u00f3m p\u013e\u00fac po zhubn\u00fdch n\u00e1doroch hrub\u00e9ho \u010dreva naj\u010dastej\u0161ie n\u00e1dorov\u00e9 ochorenie s&nbsp;trvalo vzrastaj\u00facou tendenciou. V\u00e4\u010d\u0161ina novo diagnostikovan\u00fdch pr\u00edpadov je zisten\u00e1 v&nbsp;pokro\u010dilom \u0161t\u00e1diu ochorenia (\u0161t\u00e1dia III, IV). P\u00e4\u0165ro\u010dn\u00e9 pre\u017eitie sa aj v\u010faka tejto skuto\u010dnosti pohybuje u&nbsp;oboch pohlav\u00ed mierne nad&nbsp;10&nbsp;%. Na&nbsp;z\u00e1va\u017enos\u0165 ochorenia poukazuje aj fakt, \u017ee u&nbsp;oboch pohlav\u00ed ide o&nbsp;naj\u010dastej\u0161iu pr\u00ed\u010dinu \u00famrt\u00ed na&nbsp;onkologick\u00e9 ochorenie.<\/p>\n<p>Z&nbsp;poh\u013eadu biologick\u00fdch vlastnost\u00ed a&nbsp;lie\u010debn\u00fdch postupov del\u00edme karcin\u00f3m p\u013e\u00fac na&nbsp;malobunkov\u00fd a&nbsp;nemalobunkov\u00fd. Prot\u00f3nov\u00e1 lie\u010dba je vhodn\u00e1 pre nemalobunkov\u00fd karcin\u00f3m p\u013e\u00fac, ktor\u00fd predstavuje asi 75 \u2013 80&nbsp;% p\u013e\u00facnych n\u00e1dorov. Nemalobunkov\u00fd karcin\u00f3m p\u013e\u00fac vykazuje ove\u013ea pomal\u0161\u00ed rast ako malobunkov\u00fd karcin\u00f3m, a&nbsp;z&nbsp;toho d\u00f4vodu existuje v\u00e4\u010d\u0161ia mo\u017enos\u0165 chirurgick\u00e9ho odstr\u00e1nenia, ale iba za predpokladu, \u017ee n\u00e1dor u\u017e nevytvoril metastatick\u00e9 lo\u017eisk\u00e1.<\/p>\n<\/div>\n<\/div>\n<div class=\"gdc_column gdc_chalf\">\n<div class=\"gdc_inner\">\n<h3><strong>Pr\u00edznaky karcin\u00f3mu p\u013e\u00fac<\/strong><strong>\u00a0<\/strong><\/h3>\n<p>Neexistuj\u00fa skor\u00e9 varovn\u00e9 sign\u00e1ly, ktor\u00e9 by umo\u017enili zachyti\u0165 chorobu v&nbsp;po\u010diato\u010dnom \u0161t\u00e1diu. Akon\u00e1hle sa pr\u00edznaky choroby objavia, je u\u017e n\u00e1dor v&nbsp;\u0161t\u00e1diu pokro\u010dilom. Ob\u010das b\u00fdva n\u00e1dor mal\u00e9ho rozsahu objaven\u00fd pri vy\u0161etrovan\u00ed inej choroby.<\/p>\n<p>Pr\u00edznakom rakoviny p\u013e\u00fac m\u00f4\u017ee by\u0165 novo vzniknut\u00fd dlhotrvaj\u00faci ka\u0161e\u013e alebo zmena charakteru chronick\u00e9ho faj\u010diarskeho ka\u0161\u013ea. V&nbsp;\u010dase stanovenia diagn\u00f3zy p\u013e\u00facneho n\u00e1doru trp\u00ed ka\u0161\u013eom asi 80&nbsp;% chor\u00fdch. \u010eal\u0161\u00edm pr\u00edznakom je vyka\u0161liavanie krvi alebo pr\u00edtomnos\u0165 nitiek krvi vo vyka\u0161liavanom hlienu. Be\u017en\u00e9 s\u00fa z\u00e1paly p\u013e\u00fac, ktor\u00e9 neustupuj\u00fa pri lie\u010dbe antibiotikami alebo sa opakovane obnovuj\u00fa na&nbsp;rovnakom mieste.<\/p>\n<\/div>\n<\/div>\n<\/div>\n","protected":false},"excerpt":{"rendered":"","protected":false},"author":1,"featured_media":2897,"parent":3196,"menu_order":208,"comment_status":"closed","ping_status":"closed","template":"template-service-detail-with-sidebar.php","meta":{"footnotes":""},"class_list":["post-3203","page","type-page","status-publish","has-post-thumbnail","hentry"],"acf":[],"aioseo_notices":[],"_links":{"self":[{"href":"https:\/\/www.ptc.cz\/sk\/wp-json\/wp\/v2\/pages\/3203","targetHints":{"allow":["GET"]}}],"collection":[{"href":"https:\/\/www.ptc.cz\/sk\/wp-json\/wp\/v2\/pages"}],"about":[{"href":"https:\/\/www.ptc.cz\/sk\/wp-json\/wp\/v2\/types\/page"}],"author":[{"embeddable":true,"href":"https:\/\/www.ptc.cz\/sk\/wp-json\/wp\/v2\/users\/1"}],"replies":[{"embeddable":true,"href":"https:\/\/www.ptc.cz\/sk\/wp-json\/wp\/v2\/comments?post=3203"}],"version-history":[{"count":3,"href":"https:\/\/www.ptc.cz\/sk\/wp-json\/wp\/v2\/pages\/3203\/revisions"}],"predecessor-version":[{"id":3406,"href":"https:\/\/www.ptc.cz\/sk\/wp-json\/wp\/v2\/pages\/3203\/revisions\/3406"}],"up":[{"embeddable":true,"href":"https:\/\/www.ptc.cz\/sk\/wp-json\/wp\/v2\/pages\/3196"}],"wp:featuredmedia":[{"embeddable":true,"href":"https:\/\/www.ptc.cz\/sk\/wp-json\/wp\/v2\/media\/2897"}],"wp:attachment":[{"href":"https:\/\/www.ptc.cz\/sk\/wp-json\/wp\/v2\/media?parent=3203"}],"curies":[{"name":"wp","href":"https:\/\/api.w.org\/{rel}","templated":true}]}}