{"id":3205,"date":"2024-02-23T14:56:43","date_gmt":"2024-02-23T13:56:43","guid":{"rendered":"https:\/\/www.ptc.cz\/co-liecime\/plice\/jak-poznat-rakovinu-plic\/svet-preferuje-protony\/"},"modified":"2024-06-11T09:05:46","modified_gmt":"2024-06-11T07:05:46","slug":"svet-preferuje-protony","status":"publish","type":"page","link":"https:\/\/www.ptc.cz\/sk\/co-liecime\/pluca\/rakovina-pluc\/svet-preferuje-protony\/","title":{"rendered":"Svet preferuje prot\u00f3ny"},"content":{"rendered":"<div class=\"gdc_row\">\n<div class=\"gdc_column gdc_chalf\">\n<div class=\"gdc_inner\">\n<p>Prot\u00f3nov\u00e1 lie\u010dba je vo svete st\u00e1le viac uzn\u00e1vanou a&nbsp;preferovanou met\u00f3dou. V\u00fdsledky a&nbsp;sk\u00fasenosti svetov\u00fdch prot\u00f3nov\u00fdch centier aj pra\u017esk\u00e9ho Prot\u00f3nov\u00e9ho centra jednozna\u010dne potvrdzuj\u00fa, \u017ee prot\u00f3nov\u00e1 terapia otv\u00e1ra \u00faplne nov\u00e9 mo\u017enosti lie\u010dby n\u00e1dorov\u00fdch ochoren\u00ed. Prot\u00f3nov\u00e1 r\u00e1dioterapia nie je novou met\u00f3dou \u2013 od roku 1991 existuje prv\u00e9 v\u00fdlu\u010dne klinick\u00e9 (nie akademick\u00e9) pracovisko (Loma Linda, Kalifornia, USA) a&nbsp;po\u010det chor\u00fdch lie\u010den\u00fdch prot\u00f3nmi dosahuje mnoho desiatok tis\u00edc.<\/p>\n<p>Jedn\u00e1 sa o&nbsp;technologicky \u00faplne plnohodnotn\u00fa lie\u010dbu, overen\u00fa v&nbsp;klinickej prev\u00e1dzke. Z&nbsp;radov niektor\u00fdch odborn\u00edkov mo\u017eno v\u0161ak aj po mnoh\u00fdch rokoch, kedy sa na&nbsp;lie\u010dbu vybran\u00fdch onkologick\u00fdch ochoren\u00ed pou\u017e\u00edva prot\u00f3nov\u00e1 r\u00e1dioterapia, po\u010du\u0165 n\u00e1zor, \u017ee vy\u0161\u0161ie d\u00e1vky \u017eiarenia pri be\u017enej (fot\u00f3novej) r\u00e1dioterapii na&nbsp;zdrav\u00e9 tkaniv\u00e1 neod\u00f4vod\u0148uj\u00fa pou\u017eitie lie\u010dby prot\u00f3nov\u00fdm zv\u00e4zkom. \u00daplne nov\u00e9 klinick\u00e9 \u00fadaje z&nbsp;rozsiahlych \u0161t\u00fadi\u00ed hovoria opak, a&nbsp;to konkr\u00e9tne, \u017ee frekvencia ak\u00fatnej toxicity (komplik\u00e1ci\u00ed sledovan\u00fdch po 90 d\u0148och od za\u010diatku lie\u010dby) je pri o\u017earovan\u00ed prot\u00f3nmi v\u00fdznamne ni\u017e\u0161ia ako u&nbsp;porovnate\u013enej skupiny pacientov lie\u010den\u00fdch fot\u00f3novou terapiou.<\/p>\n<\/div>\n<\/div>\n<div class=\"gdc_column gdc_chalf\">\n<div class=\"gdc_inner\">\n<p>T\u00edm lek\u00e1rov washingtonskej univerzity sledoval takmer 1500 pacientov r\u00f4znych onkologick\u00fdch ochoren\u00ed, z&nbsp;ktor\u00fdch asi 400 podst\u00fapilo lie\u010dbu prot\u00f3nov\u00fdm zv\u00e4zkom, zvy\u0161ok bol o\u017eiaren\u00fd najmodernej\u0161\u00edmi technikami fot\u00f3novej r\u00e1dioterapie. V\u0161etci pacienti z&nbsp;tejto skupiny boli o\u017earovan\u00ed a&nbsp;s\u00fa\u010dasne dost\u00e1vali konkomitantn\u00fa chemoradioterapiu. V&nbsp;\u0161t\u00fadii sa v\u00fdskumn\u00edci zamerali na&nbsp;vznik toxicity stup\u0148a 3 a&nbsp;vy\u0161\u0161ieho, ktor\u00fd u\u017e vy\u017eaduje hospitaliz\u00e1ciu a&nbsp;intenz\u00edvne medic\u00ednske z\u00e1kroky a&nbsp;starostlivos\u0165.<\/p>\n<\/div>\n<\/div>\n<\/div>\n<h4>\u0160t\u00fadia uk\u00e1zala, \u017ee pozorovan\u00e1 toxicita (teda komplik\u00e1cie spojen\u00e9 s&nbsp;o\u017earovan\u00edm) u&nbsp;pacientov lie\u010den\u00fdch prot\u00f3nmi je o&nbsp;dve tretiny ni\u017e\u0161ia ako u&nbsp;skupiny lie\u010denej fot\u00f3novou r\u00e1dioterapiou.<\/h4>\n<p>Konkr\u00e9tne sa z\u00e1va\u017en\u00e9 ne\u017eiaduce komplik\u00e1cie prejavili u&nbsp;11,5&nbsp;% pacientov o\u017eiaren\u00fdch prot\u00f3nmi oproti 27,6&nbsp;% o\u017eiaren\u00fdch fot\u00f3nmi.<\/p>\n<p><strong>*Odkaz:<\/strong>\u00a0<a href=\"https:\/\/www.medicalnewstoday.com\/articles\/325306.php?fbclid=IwAR0YMOkFddysLFSNmxAnlDwd7iVVuGdGd9CW42jpuqfpLA_SkZHkct3S7SI\">www.medicalnewstoday.com\/&#8230;<\/a><\/p>\n","protected":false},"excerpt":{"rendered":"<p>\u0160t\u00fadia uk\u00e1zala, \u017ee pozorovan\u00e1 toxicita (teda komplik\u00e1cie spojen\u00e9 s&nbsp;o\u017earovan\u00edm) u&nbsp;pacientov lie\u010den\u00fdch prot\u00f3nmi je o&nbsp;dve tretiny ni\u017e\u0161ia ako u&nbsp;skupiny lie\u010denej fot\u00f3novou r\u00e1dioterapiou. Konkr\u00e9tne sa z\u00e1va\u017en\u00e9 ne\u017eiaduce komplik\u00e1cie prejavili u&nbsp;11,5&nbsp;% pacientov o\u017eiaren\u00fdch prot\u00f3nmi oproti 27,6&nbsp;% o\u017eiaren\u00fdch fot\u00f3nmi. *Odkaz:\u00a0www.medicalnewstoday.com\/&#8230;<\/p>\n","protected":false},"author":5,"featured_media":0,"parent":3203,"menu_order":212,"comment_status":"closed","ping_status":"closed","template":"template-service-detail-with-sidebar.php","meta":{"footnotes":""},"class_list":["post-3205","page","type-page","status-publish","hentry"],"acf":[],"aioseo_notices":[],"_links":{"self":[{"href":"https:\/\/www.ptc.cz\/sk\/wp-json\/wp\/v2\/pages\/3205","targetHints":{"allow":["GET"]}}],"collection":[{"href":"https:\/\/www.ptc.cz\/sk\/wp-json\/wp\/v2\/pages"}],"about":[{"href":"https:\/\/www.ptc.cz\/sk\/wp-json\/wp\/v2\/types\/page"}],"author":[{"embeddable":true,"href":"https:\/\/www.ptc.cz\/sk\/wp-json\/wp\/v2\/users\/5"}],"replies":[{"embeddable":true,"href":"https:\/\/www.ptc.cz\/sk\/wp-json\/wp\/v2\/comments?post=3205"}],"version-history":[{"count":3,"href":"https:\/\/www.ptc.cz\/sk\/wp-json\/wp\/v2\/pages\/3205\/revisions"}],"predecessor-version":[{"id":3408,"href":"https:\/\/www.ptc.cz\/sk\/wp-json\/wp\/v2\/pages\/3205\/revisions\/3408"}],"up":[{"embeddable":true,"href":"https:\/\/www.ptc.cz\/sk\/wp-json\/wp\/v2\/pages\/3203"}],"wp:attachment":[{"href":"https:\/\/www.ptc.cz\/sk\/wp-json\/wp\/v2\/media?parent=3205"}],"curies":[{"name":"wp","href":"https:\/\/api.w.org\/{rel}","templated":true}]}}