{"id":3218,"date":"2023-08-17T16:18:32","date_gmt":"2023-08-17T14:18:32","guid":{"rendered":"https:\/\/www.ptc.cz\/co-liecime\/zazivaci-trakt\/protonova-lecba-zazivaciho-traktu\/"},"modified":"2024-07-26T15:01:00","modified_gmt":"2024-07-26T13:01:00","slug":"protonova-liecba-traviaceho-traktu","status":"publish","type":"page","link":"https:\/\/www.ptc.cz\/sk\/co-liecime\/traviaci-trakt\/protonova-liecba-traviaceho-traktu\/","title":{"rendered":"Prot\u00f3nov\u00e1 lie\u010dba tr\u00e1viaceho traktu"},"content":{"rendered":"<p><em><strong>Cie\u013eom modernej onkologickej lie\u010dby je zabezpe\u010di\u0165 pacientom maxim\u00e1lnu \u0161ancu na&nbsp;vylie\u010denie pri minimaliz\u00e1cii ved\u013eaj\u0161\u00edch \u00fa\u010dinkov spojen\u00fdch s&nbsp;lie\u010dbou. <\/strong><\/em><\/p>\n<p>Tento cie\u013e je dnes mo\u017en\u00e9 dosiahnu\u0165 pomocou prot\u00f3novej lie\u010dby. Prot\u00f3nov\u00e1 r\u00e1dioterapia je \u0161etrn\u00e1 met\u00f3da lie\u010dby rakoviny s&nbsp;minim\u00e1lnymi ved\u013eaj\u0161\u00edmi \u00fa\u010dinkami. Umo\u017e\u0148uje presn\u00e9 zacielenie prot\u00f3nov\u00e9ho l\u00fa\u010da do cie\u013eovej oblasti (do miesta p\u00f4vodn\u00e9ho n\u00e1doru), a&nbsp;t\u00fdm minimalizuje o\u017eiarenie okolit\u00fdch tkan\u00edv a&nbsp;org\u00e1nov. Prot\u00f3nov\u00e1 terapia sa vyu\u017e\u00edva na&nbsp;lie\u010dbu n\u00e1dorov pa\u017eer\u00e1ka, pankreasu, \u017el\u010dov\u00fdch ciest a&nbsp;anu.<\/p>\n<div class=\"gdc_row\">\n<div class=\"gdc_column gdc_chalf\">\n<div class=\"gdc_inner\">\n<h3><strong>N\u00e1dory pa\u017eer\u00e1ka<\/strong><\/h3>\n<p>Anatomick\u00e9 ulo\u017eenie pa\u017eer\u00e1ka, medzi oboma p\u013e\u00facami a&nbsp;v&nbsp;bl\u00edzkosti srdca, vy\u017eaduje aplik\u00e1ciu do geometricky zlo\u017eit\u00e9ho priestoru medzi org\u00e1nmi, ktor\u00fdch o\u017eiarenie mus\u00ed by\u0165 minim\u00e1lne. Preto sa vyu\u017e\u00edva najm\u00e4 prot\u00f3nov\u00e1 r\u00e1dioterapia. R\u00e1dioterapia n\u00e1dorov pa\u017eer\u00e1ka je zlo\u017eit\u00e1 a&nbsp;vy\u017eaduje o\u017eiarenie ve\u013ek\u00e9ho objemu, ktor\u00fd zah\u0155\u0148a oblas\u0165 pa\u017eer\u00e1ka postihnut\u00fa n\u00e1dorom, pri\u013eahl\u00e9 \u010dasti pa\u017eer\u00e1ka a&nbsp;tie\u017e rozsiahle oblasti sp\u00e1dov\u00fdch lymfatick\u00fdch uzl\u00edn. Preto je technika o\u017earovania n\u00e1ro\u010dn\u00e1 a&nbsp;m\u00f4\u017eu sa uplatni\u0165 v\u00fdhody prot\u00f3novej r\u00e1dioterapie. R\u00e1dioterapia sa upravuje pod\u013ea toho, ak\u00fd postup pl\u00e1nuje chirurg.<\/p>\n<h3><strong>N\u00e1dory pankreasu a&nbsp;\u017el\u010dov\u00fdch ciest<\/strong><\/h3>\n<p>O\u017earovanie pankreasu a&nbsp;\u017el\u010dov\u00fdch ciest predstavuje po technickej a&nbsp;biologickej str\u00e1nke dos\u0165 \u0165a\u017ek\u00fa \u201e\u00falohu\u201c. Pankreas aj \u017el\u010dov\u00e9 cesty s\u00fa toti\u017e obklopen\u00e9 viacer\u00fdmi org\u00e1nmi, ktor\u00e9 mo\u017eno o\u017eiaren\u00edm po\u0161kodi\u0165 (pe\u010de\u0148, dvan\u00e1storn\u00edk, obli\u010dky, \u017eal\u00fadok a&nbsp;\u010fal\u0161ie). Jedinou mo\u017enos\u0165ou r\u00e1dioterapie, pri ktorej je do cie\u013eov\u00e9ho objemu dodan\u00e1 dostato\u010dne vysok\u00e1 d\u00e1vka \u017eiarenia potrebn\u00e1 na&nbsp;zni\u010denie n\u00e1doru, je o\u017earovanie prot\u00f3nov\u00e9.<\/p>\n<p><em><strong>O\u017earovanie u&nbsp;n\u00e1dorov pankreasu nie je n\u00e1hrada chemoterapie, ale doplnenie chemoterapie.<\/strong><\/em><\/p>\n<\/div>\n<\/div>\n<div class=\"gdc_column gdc_chalf\">\n<div class=\"gdc_inner\">\n<h3><strong>N\u00e1dory pe\u010dene<\/strong><\/h3>\n<p>R\u00e1dioterapia prim\u00e1rnych n\u00e1dorov pe\u010dene je pomerne nov\u00e1 met\u00f3da, zatia\u013e m\u00e1lo vyu\u017e\u00edvan\u00e1. S&nbsp;oh\u013eadom na&nbsp;lokaliz\u00e1ciu a&nbsp;rozsah postihnutia \u010dasto nemo\u017eno v&nbsp;pr\u00edpade hepatocelul\u00e1rneho karcin\u00f3mu aplikova\u0165 \u00fa\u010dinn\u00fa d\u00e1vku \u017eiarenia inak ako o\u017earovan\u00edm prot\u00f3nmi. Prot\u00f3nov\u00e1 lie\u010dba v\u00fdznamne zni\u017euje o\u017eiarenie okolia n\u00e1doru, a&nbsp;preto zvy\u0161uje chor\u00fdm \u0161ancu na&nbsp;vylie\u010denie.<\/p>\n<h3><strong>N\u00e1dory an\u00e1lneho otvoru<\/strong><\/h3>\n<p><strong>\u00a0<\/strong>R\u00e1dioterapia n\u00e1dorov an\u00e1lneho otvoru je ve\u013emi n\u00e1ro\u010dn\u00e1. Preto boli vyvinut\u00e9 techniky prot\u00f3novej r\u00e1dioterapie, ktor\u00e9 obmedzuj\u00fa ne\u017eiaduce efekty v&nbsp;oblasti ko\u017ee a&nbsp;slizn\u00edc zviera\u010da a&nbsp;okolia a&nbsp;umo\u017e\u0148uj\u00fa obvykle aplikova\u0165 o\u017earovanie bez nutnosti zavies\u0165 do\u010dasn\u00fa (od\u013eah\u010dovaciu) kolost\u00f3miu<\/p>\n<p><iframe loading=\"lazy\" title=\"Protonov\u00e1 l\u00e9\u010dba karcinomu za\u017e\u00edvac\u00edho traktu\" width=\"500\" height=\"281\" src=\"https:\/\/www.youtube.com\/embed\/HoId-Rur3rY?feature=oembed\" frameborder=\"0\" allow=\"accelerometer; autoplay; clipboard-write; encrypted-media; gyroscope; picture-in-picture; web-share\" referrerpolicy=\"strict-origin-when-cross-origin\" allowfullscreen><\/iframe><\/p>\n<\/div>\n<\/div>\n<\/div>\n<p>&nbsp;<\/p>\n","protected":false},"excerpt":{"rendered":"<p>Cie\u013eom modernej onkologickej lie\u010dby je zabezpe\u010di\u0165 pacientom maxim\u00e1lnu \u0161ancu na&nbsp;vylie\u010denie pri minimaliz\u00e1cii ved\u013eaj\u0161\u00edch \u00fa\u010dinkov spojen\u00fdch s&nbsp;lie\u010dbou. Tento cie\u013e je dnes mo\u017en\u00e9 dosiahnu\u0165 pomocou prot\u00f3novej lie\u010dby. Prot\u00f3nov\u00e1 r\u00e1dioterapia je \u0161etrn\u00e1 met\u00f3da lie\u010dby rakoviny s&nbsp;minim\u00e1lnymi ved\u013eaj\u0161\u00edmi \u00fa\u010dinkami. Umo\u017e\u0148uje presn\u00e9 zacielenie prot\u00f3nov\u00e9ho l\u00fa\u010da do cie\u013eovej oblasti (do miesta p\u00f4vodn\u00e9ho n\u00e1doru), a&nbsp;t\u00fdm minimalizuje o\u017eiarenie okolit\u00fdch tkan\u00edv a&nbsp;org\u00e1nov. Prot\u00f3nov\u00e1 terapia&#8230;<\/p>\n","protected":false},"author":1,"featured_media":2894,"parent":3217,"menu_order":223,"comment_status":"closed","ping_status":"closed","template":"template-service-detail-with-anchor-sidebar.php","meta":{"footnotes":""},"class_list":["post-3218","page","type-page","status-publish","has-post-thumbnail","hentry"],"acf":[],"aioseo_notices":[],"_links":{"self":[{"href":"https:\/\/www.ptc.cz\/sk\/wp-json\/wp\/v2\/pages\/3218","targetHints":{"allow":["GET"]}}],"collection":[{"href":"https:\/\/www.ptc.cz\/sk\/wp-json\/wp\/v2\/pages"}],"about":[{"href":"https:\/\/www.ptc.cz\/sk\/wp-json\/wp\/v2\/types\/page"}],"author":[{"embeddable":true,"href":"https:\/\/www.ptc.cz\/sk\/wp-json\/wp\/v2\/users\/1"}],"replies":[{"embeddable":true,"href":"https:\/\/www.ptc.cz\/sk\/wp-json\/wp\/v2\/comments?post=3218"}],"version-history":[{"count":4,"href":"https:\/\/www.ptc.cz\/sk\/wp-json\/wp\/v2\/pages\/3218\/revisions"}],"predecessor-version":[{"id":7062,"href":"https:\/\/www.ptc.cz\/sk\/wp-json\/wp\/v2\/pages\/3218\/revisions\/7062"}],"up":[{"embeddable":true,"href":"https:\/\/www.ptc.cz\/sk\/wp-json\/wp\/v2\/pages\/3217"}],"wp:featuredmedia":[{"embeddable":true,"href":"https:\/\/www.ptc.cz\/sk\/wp-json\/wp\/v2\/media\/2894"}],"wp:attachment":[{"href":"https:\/\/www.ptc.cz\/sk\/wp-json\/wp\/v2\/media?parent=3218"}],"curies":[{"name":"wp","href":"https:\/\/api.w.org\/{rel}","templated":true}]}}