{"id":3220,"date":"2023-08-17T16:19:56","date_gmt":"2023-08-17T14:19:56","guid":{"rendered":"https:\/\/www.ptc.cz\/co-liecime\/zazivaci-trakt\/proc-zvolit-protonovou-lecbu\/"},"modified":"2024-06-17T14:16:49","modified_gmt":"2024-06-17T12:16:49","slug":"preco-zvolit-protonovu-liecbu","status":"publish","type":"page","link":"https:\/\/www.ptc.cz\/sk\/co-liecime\/traviaci-trakt\/preco-zvolit-protonovu-liecbu\/","title":{"rendered":"Pre\u010do zvoli\u0165 prot\u00f3nov\u00fa lie\u010dbu"},"content":{"rendered":"<h3>V\u00fdhody prot\u00f3novej lie\u010dby pri o\u017earovan\u00ed n\u00e1dorov za\u017e\u00edvacieho traktu proti be\u017enej r\u00e1dioterapii<\/h3>\n<p>Prot\u00f3nov\u00e1 lie\u010dba je \u0161etrnej\u0161ia, preto\u017ee dok\u00e1\u017ee zn\u00ed\u017ei\u0165 z\u00e1\u0165a\u017e okolit\u00fdch tkan\u00edv a&nbsp;org\u00e1nov ne\u017eiaducim \u017eiaren\u00edm, a&nbsp;t\u00fdm v\u00fdznamne zn\u00ed\u017ei\u0165 riziko komplik\u00e1ci\u00ed spojen\u00fdch s&nbsp;lie\u010dbou. Umo\u017e\u0148uje pou\u017eitie r\u00e1dioterapie aj pri ochoreniach (situ\u00e1ci\u00e1ch), ktor\u00e9 doteraz nebolo mo\u017en\u00e9 lie\u010di\u0165 konven\u010dnou r\u00e1dioterapiou.<\/p>\n<ul>\n<li>Pri n\u00e1doroch pa\u017eer\u00e1ka v\u00fdznamne zni\u017euje ne\u017eiaduce o\u017eiarenie srdca a&nbsp;p\u013e\u00fac.<\/li>\n<li>Minimalizuje o\u017eiarenie mo\u010dov\u00e9ho mech\u00fara a&nbsp;obli\u010diek, tenk\u00e9ho \u010dreva a&nbsp;\u010fal\u0161\u00edch org\u00e1nov bru\u0161nej dutiny.<\/li>\n<li>Minimalizuje d\u00e1vky \u017eiarenia na&nbsp;miechu.<\/li>\n<li>Umo\u017e\u0148uje zn\u00ed\u017eenie po\u010dtu frakci\u00ed a&nbsp;skr\u00e1tenie doby o\u017earovania, \u010do vedie k&nbsp;\u010fal\u0161iemu zn\u00ed\u017eeniu rizika vzniku r\u00f4znych komplik\u00e1ci\u00ed.<\/li>\n<li>Umo\u017e\u0148uje dodanie vy\u0161\u0161ej d\u00e1vky \u017eiarenia, a&nbsp;t\u00fdm zvy\u0161uje \u0161ance na&nbsp;zni\u010denie n\u00e1doru.<\/li>\n<\/ul>\n<p style=\"margin: 16.65pt 0cm 16.65pt 0cm;\"><strong><span lang=\"EN-US\" style=\"font-size: 11pt; color: windowtext;\">Na z\u00e1klade celosvetov\u00fdch sk\u00fasenost\u00ed a&nbsp;dlhodob\u00fdch v\u00fdsledkov u&nbsp;odlie\u010den\u00fdch pacientov je zrejm\u00e9, \u017ee pacienti si po prot\u00f3novej lie\u010dbe zachov\u00e1vaj\u00fa vysok\u00fa kvalitu \u017eivota v&nbsp;porovnan\u00ed s&nbsp;ostatn\u00fdmi mo\u017enos\u0165ami lie\u010dby.<\/span><\/strong><\/p>\n<h5><span style=\"color: #ce9fc9;\">\u2e3a<\/span><\/h5>\n<p><strong>Na schematickom obr\u00e1zku je zn\u00e1zornen\u00e9 rozlo\u017eenie d\u00e1vky \u017eiarenia v&nbsp;tele pri pou\u017eit\u00ed prot\u00f3novej a&nbsp;fot\u00f3novej terapie.<\/strong><\/p>\n<p style=\"text-align: left;\">Je zrejm\u00e9, \u017ee prot\u00f3nov\u00fd zv\u00e4zok o\u017earuje iba tzv. cie\u013eov\u00fd objem (oblas\u0165, kde sa nach\u00e1dza alebo nach\u00e1dzal n\u00e1dor), teda \u017eiarenie je smerovan\u00e9 takmer v\u00fdlu\u010dne len do tkaniva, ktor\u00e9 je postihnut\u00e9. Naopak fot\u00f3nov\u00e9 \u017eiarenie v\u010faka svojim fyzik\u00e1lnym vlastnostiam zasahuje v\u00fdznamne aj okolit\u00e9 zdrav\u00e9 \u0161trukt\u00fary.<\/p>\n<div class=\"gdc_row\">\n<div class=\"gdc_column gdc_chalf\">\n<div class=\"gdc_inner\">\n<p><img loading=\"lazy\" decoding=\"async\" class=\"aligncenter size-full wp-image-3918\" src=\"https:\/\/www.ptc.cz\/wp-content\/uploads\/2024\/06\/PxF-_GIT-_proton-_SK.jpg\" alt=\"\" width=\"768\" height=\"922\" srcset=\"https:\/\/www.ptc.cz\/wp-content\/uploads\/2024\/06\/PxF-_GIT-_proton-_SK.jpg 768w, https:\/\/www.ptc.cz\/wp-content\/uploads\/2024\/06\/PxF-_GIT-_proton-_SK-250x300.jpg 250w\" sizes=\"auto, (max-width: 768px) 100vw, 768px\" \/><\/p>\n<p>&nbsp;<\/p>\n<\/div>\n<\/div>\n<div class=\"gdc_column gdc_chalf\">\n<div class=\"gdc_inner\">\n<p><img loading=\"lazy\" decoding=\"async\" class=\"aligncenter size-full wp-image-3921\" src=\"https:\/\/www.ptc.cz\/wp-content\/uploads\/2024\/06\/PxF-_GIT-_foton-_SK.jpg\" alt=\"\" width=\"768\" height=\"922\" srcset=\"https:\/\/www.ptc.cz\/wp-content\/uploads\/2024\/06\/PxF-_GIT-_foton-_SK.jpg 768w, https:\/\/www.ptc.cz\/wp-content\/uploads\/2024\/06\/PxF-_GIT-_foton-_SK-250x300.jpg 250w\" sizes=\"auto, (max-width: 768px) 100vw, 768px\" \/><\/p>\n<p>&nbsp;<\/p>\n<\/div>\n<\/div>\n<\/div>\n","protected":false},"excerpt":{"rendered":"<p>V\u00fdhody prot\u00f3novej lie\u010dby pri o\u017earovan\u00ed n\u00e1dorov za\u017e\u00edvacieho traktu proti be\u017enej r\u00e1dioterapii Prot\u00f3nov\u00e1 lie\u010dba je \u0161etrnej\u0161ia, preto\u017ee dok\u00e1\u017ee zn\u00ed\u017ei\u0165 z\u00e1\u0165a\u017e okolit\u00fdch tkan\u00edv a&nbsp;org\u00e1nov ne\u017eiaducim \u017eiaren\u00edm, a&nbsp;t\u00fdm v\u00fdznamne zn\u00ed\u017ei\u0165 riziko komplik\u00e1ci\u00ed spojen\u00fdch s&nbsp;lie\u010dbou. Umo\u017e\u0148uje pou\u017eitie r\u00e1dioterapie aj pri ochoreniach (situ\u00e1ci\u00e1ch), ktor\u00e9 doteraz nebolo mo\u017en\u00e9 lie\u010di\u0165 konven\u010dnou r\u00e1dioterapiou. Pri n\u00e1doroch pa\u017eer\u00e1ka v\u00fdznamne zni\u017euje ne\u017eiaduce o\u017eiarenie srdca a&nbsp;p\u013e\u00fac. Minimalizuje&#8230;<\/p>\n","protected":false},"author":1,"featured_media":2879,"parent":3217,"menu_order":230,"comment_status":"closed","ping_status":"closed","template":"template-service-detail-with-sidebar.php","meta":{"footnotes":""},"class_list":["post-3220","page","type-page","status-publish","has-post-thumbnail","hentry"],"acf":[],"aioseo_notices":[],"_links":{"self":[{"href":"https:\/\/www.ptc.cz\/sk\/wp-json\/wp\/v2\/pages\/3220","targetHints":{"allow":["GET"]}}],"collection":[{"href":"https:\/\/www.ptc.cz\/sk\/wp-json\/wp\/v2\/pages"}],"about":[{"href":"https:\/\/www.ptc.cz\/sk\/wp-json\/wp\/v2\/types\/page"}],"author":[{"embeddable":true,"href":"https:\/\/www.ptc.cz\/sk\/wp-json\/wp\/v2\/users\/1"}],"replies":[{"embeddable":true,"href":"https:\/\/www.ptc.cz\/sk\/wp-json\/wp\/v2\/comments?post=3220"}],"version-history":[{"count":4,"href":"https:\/\/www.ptc.cz\/sk\/wp-json\/wp\/v2\/pages\/3220\/revisions"}],"predecessor-version":[{"id":3924,"href":"https:\/\/www.ptc.cz\/sk\/wp-json\/wp\/v2\/pages\/3220\/revisions\/3924"}],"up":[{"embeddable":true,"href":"https:\/\/www.ptc.cz\/sk\/wp-json\/wp\/v2\/pages\/3217"}],"wp:featuredmedia":[{"embeddable":true,"href":"https:\/\/www.ptc.cz\/sk\/wp-json\/wp\/v2\/media\/2879"}],"wp:attachment":[{"href":"https:\/\/www.ptc.cz\/sk\/wp-json\/wp\/v2\/media?parent=3220"}],"curies":[{"name":"wp","href":"https:\/\/api.w.org\/{rel}","templated":true}]}}