{"id":3222,"date":"2023-08-17T16:20:14","date_gmt":"2023-08-17T14:20:14","guid":{"rendered":"https:\/\/www.ptc.cz\/co-liecime\/zazivaci-trakt\/jak-funguje-protonova-lecba\/"},"modified":"2024-07-16T12:58:18","modified_gmt":"2024-07-16T10:58:18","slug":"ako-funguje-protonova-liecba","status":"publish","type":"page","link":"https:\/\/www.ptc.cz\/sk\/co-liecime\/traviaci-trakt\/ako-funguje-protonova-liecba\/","title":{"rendered":"Ako funguje prot\u00f3nov\u00e1 lie\u010dba"},"content":{"rendered":"<div class=\"gdc_row\">\n<div class=\"gdc_column gdc_chalf\">\n<div class=\"gdc_inner\">\n<p>Prot\u00f3nov\u00e1 r\u00e1dioterapia je ve\u013emi \u00fa\u010dinn\u00e1, presn\u00e1 a&nbsp;\u0161etrn\u00e1 lie\u010dba rakoviny s&nbsp;minim\u00e1lnymi ved\u013eaj\u0161\u00edmi \u00fa\u010dinkami.V\u010faka presn\u00e9mu zacieleniu prot\u00f3nov\u00e9ho l\u00fa\u010da priamo do n\u00e1doru sa v\u00fdrazne zni\u017euje vznik ved\u013eaj\u0161\u00edch ne\u017eiaducich \u00fa\u010dinkov. T\u00fdm d\u00e1va prot\u00f3nov\u00e1 lie\u010dba \u0161ancu \u017ei\u0165 kvalitn\u00fd \u017eivot aj po lie\u010dbe rakoviny bez zv\u00fd\u0161en\u00e9ho rizika neskorej toxicity, kedy sa probl\u00e9my objavuj\u00fa za nieko\u013eko rokov po o\u017eiaren\u00ed (10, 15 alebo aj 20 rokov).<\/p>\n<p><iframe loading=\"lazy\" src=\"\/\/www.youtube.com\/embed\/uNAYIqMyNEY\" width=\"560\" height=\"314\" allowfullscreen=\"allowfullscreen\"><\/iframe><\/p>\n<\/div>\n<\/div>\n<div class=\"gdc_column gdc_chalf\">\n<div class=\"gdc_inner\">\n<p>Cie\u013eom modernej onkologickej lie\u010dby je zabezpe\u010di\u0165 pacientom maxim\u00e1lnu \u0161ancu na&nbsp;vylie\u010denie pri minimaliz\u00e1cii ved\u013eaj\u0161\u00edch \u00fa\u010dinkov spojen\u00fdch s&nbsp;lie\u010dbou. Tento cie\u013e dnes v&nbsp;maxim\u00e1lnej miere dosahuje prot\u00f3nov\u00e1 lie\u010dba. Na&nbsp;rozdiel od be\u017enej r\u00e1dioterapie, ktor\u00e1 na&nbsp;o\u017eiarenie a&nbsp;ni\u010denie n\u00e1dorov\u00fdch buniek pou\u017e\u00edva fot\u00f3ny, je prot\u00f3nov\u00e1 terapia pokro\u010dilej\u0161ia a&nbsp;pou\u017e\u00edva prot\u00f3ny. Tieto \u010dastice d\u00e1vaj\u00fa prot\u00f3novej terapii mnoh\u00e9 v\u00fdhody. Najv\u00e4\u010d\u0161ou v\u00fdhodou v&nbsp;porovnan\u00ed s&nbsp;be\u017enou r\u00e1dioterapiou je presnos\u0165 a&nbsp;jej schopnos\u0165 ochr\u00e1ni\u0165 zdrav\u00e9 tkaniv\u00e1.<\/p>\n<p>Be\u017en\u00fd fot\u00f3nov\u00fd l\u00fa\u010d prech\u00e1dza telom a&nbsp;odovzd\u00e1va zna\u010dn\u00fa \u010das\u0165 svojej energie pred aj za n\u00e1dorom.<\/p>\n<p>Prot\u00f3ny maj\u00fa v\u0161ak fyzik\u00e1lnu vlastnos\u0165, ktorej sa hovor\u00ed Braggov vrchol. T\u00e1 m\u00e1 schopnos\u0165 odovzda\u0165 v\u00fdrazne menej energie cestou k&nbsp;n\u00e1doru a&nbsp;t\u00e1to energia nem\u00e1 vplyv na&nbsp;tkaniv\u00e1 za n\u00e1dorom.<\/p>\n<p><iframe loading=\"lazy\" title=\"Rozd\u00edl mezi protonovou a fotonovou l\u00e9\u010dbou\" width=\"500\" height=\"281\" src=\"https:\/\/www.youtube.com\/embed\/S_zt65hZ7u0?feature=oembed\" frameborder=\"0\" allow=\"accelerometer; autoplay; clipboard-write; encrypted-media; gyroscope; picture-in-picture; web-share\" referrerpolicy=\"strict-origin-when-cross-origin\" allowfullscreen><\/iframe><\/p>\n<\/div>\n<\/div>\n<\/div>\n<p style=\"text-align: left;\"><a  target=\"\"  class=\"button\" href=\"\/sk\/kontakt\/\">Kontaktujte n\u00e1s<\/a><\/p>\n","protected":false},"excerpt":{"rendered":"","protected":false},"author":1,"featured_media":3005,"parent":3217,"menu_order":239,"comment_status":"closed","ping_status":"closed","template":"template-service-detail-with-sidebar.php","meta":{"footnotes":""},"class_list":["post-3222","page","type-page","status-publish","has-post-thumbnail","hentry"],"acf":[],"aioseo_notices":[],"_links":{"self":[{"href":"https:\/\/www.ptc.cz\/sk\/wp-json\/wp\/v2\/pages\/3222","targetHints":{"allow":["GET"]}}],"collection":[{"href":"https:\/\/www.ptc.cz\/sk\/wp-json\/wp\/v2\/pages"}],"about":[{"href":"https:\/\/www.ptc.cz\/sk\/wp-json\/wp\/v2\/types\/page"}],"author":[{"embeddable":true,"href":"https:\/\/www.ptc.cz\/sk\/wp-json\/wp\/v2\/users\/1"}],"replies":[{"embeddable":true,"href":"https:\/\/www.ptc.cz\/sk\/wp-json\/wp\/v2\/comments?post=3222"}],"version-history":[{"count":2,"href":"https:\/\/www.ptc.cz\/sk\/wp-json\/wp\/v2\/pages\/3222\/revisions"}],"predecessor-version":[{"id":6774,"href":"https:\/\/www.ptc.cz\/sk\/wp-json\/wp\/v2\/pages\/3222\/revisions\/6774"}],"up":[{"embeddable":true,"href":"https:\/\/www.ptc.cz\/sk\/wp-json\/wp\/v2\/pages\/3217"}],"wp:featuredmedia":[{"embeddable":true,"href":"https:\/\/www.ptc.cz\/sk\/wp-json\/wp\/v2\/media\/3005"}],"wp:attachment":[{"href":"https:\/\/www.ptc.cz\/sk\/wp-json\/wp\/v2\/media?parent=3222"}],"curies":[{"name":"wp","href":"https:\/\/api.w.org\/{rel}","templated":true}]}}